{"id":736551,"date":"2025-08-27T23:10:08","date_gmt":"2025-08-27T20:10:08","guid":{"rendered":"https:\/\/roveyayinevi.com.tr\/index.php\/urun\/mukaddime-ciltli\/"},"modified":"2026-04-16T02:45:39","modified_gmt":"2026-04-15T23:45:39","slug":"mukaddime-ciltli","status":"publish","type":"product","link":"https:\/\/roveyayinevi.com.tr\/index.php\/urun\/mukaddime-ciltli\/","title":{"rendered":"Mukaddime (Ciltli)"},"content":{"rendered":"<p>\u0130bn Haldun tarih felsefesinin, sosyolojinin, antropolojinin, iktisat biliminin, k\u0131sacas\u0131 toplum bilimlerinin kurucu babas\u0131 olarak kabul edilir. Mukaddime\u2019si, d\u00fcnyan\u0131n en \u00f6nde gelen b\u00fct\u00fcn entelekt\u00fcellerince dikkatle okunan ve pek \u00e7ok devlet ba\u015fkan\u0131nca fikirlerine hayran olunan bir \u015faheserdir.Roger Garaudy, m\u00fcsl\u00fcman olmadan \u00f6nce kaleme ald\u0131\u011f\u0131 \u0130sl\u00e2m Medeniyetinin \u0130nsanl\u0131\u011fa Katk\u0131s\u0131 eserinde, \u0130bn Haldun\u2019a on sayfadan fazla yer ay\u0131r\u0131r ve onu \u201cDescartes\u2019\u0131n, Montesquieu\u2019n\u00fcn \u00d6nc\u00fcs\u00fc ve \u0130sl\u00e2m\u2019\u0131n Karl Marks\u2019\u0131\u201d olarak g\u00f6r\u00fcr. \u00dcnl\u00fc tarih felsefecisi Arnold Toynbee, \u201cHi\u00e7 \u015f\u00fcphesiz Mukaddime, kendi t\u00fcr\u00fcnde, bug\u00fcne kadar hi\u00e7bir zaman, hi\u00e7bir yerde, hi\u00e7bir zihnin ortaya koyamad\u0131\u011f\u0131 en b\u00fcy\u00fck eserdir!\u201d ifadesini kullan\u0131r. Engels, yapt\u0131\u011f\u0131 toplum de\u011ferlendirmelerinde Mukaddime\u2019den yararlan\u0131r ve \u201cH\u0131ristiyanl\u0131\u011f\u0131n ilk d\u00f6nem tarihine katk\u0131\u201d ba\u015fl\u0131kl\u0131 makalesinde, \u0130bn Haldun\u2019un g\u00f6r\u00fc\u015flerinin \u00e7ok \u00f6zl\u00fc bir \u00f6zetini sunar. BM eski Genel Sekreteri Kofi Annan, \u201cSadece \u0130bn Haldun ismi bile \u0130sl\u00e2m Tarihinin ne kadar parlak bir ilim \u00e7a\u011f\u0131 ya\u015fad\u0131\u011f\u0131n\u0131n g\u00f6stergesidir!\u201d der.Arap\u00e7a \u00fc\u00e7 ayr\u0131 bask\u0131s\u0131ndan, Frans\u0131zca ve \u0130ngilizce terc\u00fcmelerinden de yararlan\u0131larak dilimize aktar\u0131lan bu Mukaddime\u2019yi \u00e7ok geni\u015f kesimlerin daha iyi anlayaca\u011f\u0131n\u0131 umut ediyoruz.<\/p>\n","protected":false},"excerpt":{"rendered":"<p>\u0130bn Haldun tarih felsefesinin, sosyolojinin, antropolojinin, iktisat biliminin, k\u0131sacas\u0131 toplum bilimlerinin kurucu babas\u0131 olarak kabul edilir. Mukaddime\u2019si, d\u00fcnyan\u0131n en \u00f6nde gelen b\u00fct\u00fcn entelekt\u00fcellerince dikkatle okunan ve<span class=\"excerpt-hellip\"> [\u2026]<\/span><\/p>\n","protected":false},"featured_media":0,"template":"","meta":{"_monsterinsights_skip_tracking":false,"_monsterinsights_sitenote_active":false,"_monsterinsights_sitenote_note":"","_monsterinsights_sitenote_category":0},"product_brand":[],"product_cat":[12370,12304],"product_tag":[],"class_list":{"0":"post-736551","1":"product","2":"type-product","3":"status-publish","5":"product_cat-arastirma-inceleme","6":"product_cat-tarih","7":"pa_cilt-ciltli","8":"pa_tur-kitap","9":"pa_yayinevi-timas-yayinlari","10":"pa_yazar-ibn-haldun","12":"first","13":"instock","14":"sale","15":"shipping-taxable","16":"purchasable","17":"product-type-simple"},"_links":{"self":[{"href":"https:\/\/roveyayinevi.com.tr\/index.php\/wp-json\/wp\/v2\/product\/736551","targetHints":{"allow":["GET"]}}],"collection":[{"href":"https:\/\/roveyayinevi.com.tr\/index.php\/wp-json\/wp\/v2\/product"}],"about":[{"href":"https:\/\/roveyayinevi.com.tr\/index.php\/wp-json\/wp\/v2\/types\/product"}],"wp:attachment":[{"href":"https:\/\/roveyayinevi.com.tr\/index.php\/wp-json\/wp\/v2\/media?parent=736551"}],"wp:term":[{"taxonomy":"product_brand","embeddable":true,"href":"https:\/\/roveyayinevi.com.tr\/index.php\/wp-json\/wp\/v2\/product_brand?post=736551"},{"taxonomy":"product_cat","embeddable":true,"href":"https:\/\/roveyayinevi.com.tr\/index.php\/wp-json\/wp\/v2\/product_cat?post=736551"},{"taxonomy":"product_tag","embeddable":true,"href":"https:\/\/roveyayinevi.com.tr\/index.php\/wp-json\/wp\/v2\/product_tag?post=736551"}],"curies":[{"name":"wp","href":"https:\/\/api.w.org\/{rel}","templated":true}]}}