{"id":736549,"date":"2025-08-27T23:10:06","date_gmt":"2025-08-27T20:10:06","guid":{"rendered":"https:\/\/roveyayinevi.com.tr\/index.php\/urun\/hayatta-kalanlar\/"},"modified":"2026-04-16T02:45:38","modified_gmt":"2026-04-15T23:45:38","slug":"hayatta-kalanlar","status":"publish","type":"product","link":"https:\/\/roveyayinevi.com.tr\/index.php\/urun\/hayatta-kalanlar\/","title":{"rendered":"Hayatta Kalanlar"},"content":{"rendered":"<p>Hayatta Kalanlar, b\u00fcy\u00fcrken birbirine yabanc\u0131la\u015fan \u00fc\u00e7 karde\u015fin \u2013Nils, Benjamin ve Pierre\u2019in annelerinin \u00f6l\u00fcm\u00fc \u00fczerine bir araya gelmelerini anlat\u0131yor. Karde\u015fler, annelerinin vasiyeti \u00fczerine \u00e7ocukluk y\u0131llar\u0131n\u0131n oda\u011f\u0131ndaki eski yazl\u0131k evlerine d\u00f6n\u00fcyorlar. Hik\u00e2ye katman katman a\u00e7\u0131ld\u0131k\u00e7a ve karde\u015flerin \u00e7ocukluklar\u0131na dald\u0131k\u00e7a ger\u00e7ekler anla\u015f\u0131l\u0131yor: Bu evde ya\u015fananlar hepsinin karakterini, hayat\u0131n\u0131 ve birbirleriyle ili\u015fkilerini geri d\u00f6n\u00fclemez \u015fekilde etkilemi\u015f, aileyi da\u011f\u0131tm\u0131\u015f, herkeste ayr\u0131 bir yara a\u00e7m\u0131\u015f&#8230;Alex Schulman, travma ve trajedinin ard\u0131ndan \u00e7\u00f6z\u00fclen bir zihnin an\u0131lar saray\u0131nda gezerken en derin ba\u011flar\u0131m\u0131z\u0131n, bizi en b\u00fcy\u00fck darbelere kar\u015f\u0131 nas\u0131l savunmas\u0131z b\u0131rakt\u0131\u011f\u0131n\u0131 ustal\u0131kla ortaya koyuyor. \u201cHayatta Kalanlar sizi \u00fc\u00e7 karde\u015f i\u00e7in a\u011flayaca\u011f\u0131n\u0131z duygusal bir labirentin derinliklerine g\u00f6t\u00fcr\u00fcyor. D\u00f6n\u00fc\u015ft\u00fckleri adamlar i\u00e7in, olduklar\u0131 \u00e7ocuklar i\u00e7in, kaybettikleri masumiyet i\u00e7in&#8230; I\u015f\u0131l \u0131\u015f\u0131l, ak\u0131ldan \u00e7\u0131kmayacak, unutulmaz bir roman.\u201d \u2013Fredrik Backman\u201c\u00c7ok iyi bir kurgu ve kusursuz bir anlat\u0131m. [\u2026] \u0130sve\u00e7\u2019in bu 1 numaral\u0131 \u00e7ok satar\u0131n\u0131n otuzu a\u015fk\u0131n \u00fclkedeki yay\u0131nevleri taraf\u0131ndan yay\u0131nlanmas\u0131 harika. Schulman, ebeveynlerine ve bu d\u00fcnyaya kar\u015f\u0131 savunmas\u0131z kalan \u00e7ocuklar\u0131n ba\u015f\u0131na gelenleri incelikle ve keskin bir \u00fcslupla tasvir ediyor. Ve sevginin yoklu\u011fu, her \u015feyi yutana kadar b\u00fcy\u00fcyen bir kara delik yarat\u0131yor.\u201d \u2013Der Spiegel\u201cAlex Schulman, hik\u00e2yenin k\u0131r\u0131lma noktas\u0131 olan zirvesine yenilik\u00e7i ve dolamba\u00e7l\u0131 yollarla ilerliyor. B\u00f6l\u00fcmler, karde\u015flerin g\u00f6l evine d\u00f6n\u00fc\u015flerinin \u015fimdiki anlat\u0131m\u0131 ile orada ge\u00e7irdikleri son yaza ili\u015fkin fragmanlar aras\u0131nda gidip geliyor. Ge\u00e7mi\u015f zaman b\u00f6l\u00fcmleri kronolojik olarak sunulurken, \u015fimdiki zaman b\u00f6l\u00fcmleri tersine a\u00e7\u0131l\u0131yor. [\u2026] Hayatta Kalanlar, bize \u00fc\u00e7 karde\u015fin \u2018yoksulluk s\u0131n\u0131r\u0131n\u0131n alt\u0131nda ger\u00e7ekle\u015fen \u00fcst s\u0131n\u0131f yeti\u015ftirme\u2019lerinin kederli hik\u00e2yesini, incelikle i\u015flenmi\u015f sahnelerle sunuyor. Bu y\u00fcrek burkan anlat\u0131, ba\u015fl\u0131\u011f\u0131ndaki ironik ac\u0131y\u0131 ortaya koyuyor.\u201d \u2013The Wall Street Journal\u201cYak\u0131c\u0131 bir hik\u00e2ye\u2026 Schulman o kadar sade bir dille yaz\u0131yor ve an\u0131lar\u0131n inceliklerini \u00f6yle sezgisel aktar\u0131yor ki.\u201d \u2013Publishers Weekly<\/p>\n","protected":false},"excerpt":{"rendered":"<p>Hayatta Kalanlar, b\u00fcy\u00fcrken birbirine yabanc\u0131la\u015fan \u00fc\u00e7 karde\u015fin \u2013Nils, Benjamin ve Pierre\u2019in annelerinin \u00f6l\u00fcm\u00fc \u00fczerine bir araya gelmelerini anlat\u0131yor. Karde\u015fler, annelerinin vasiyeti \u00fczerine \u00e7ocukluk y\u0131llar\u0131n\u0131n oda\u011f\u0131ndaki eski<span class=\"excerpt-hellip\"> [\u2026]<\/span><\/p>\n","protected":false},"featured_media":0,"template":"","meta":{"_monsterinsights_skip_tracking":false,"_monsterinsights_sitenote_active":false,"_monsterinsights_sitenote_note":"","_monsterinsights_sitenote_category":0},"product_brand":[],"product_cat":[12291,12711],"product_tag":[],"class_list":{"0":"post-736549","1":"product","2":"type-product","3":"status-publish","5":"product_cat-edebiyat","6":"product_cat-roman-oyku","7":"pa_cilt-ciltsiz","8":"pa_tur-kitap","9":"pa_yayinevi-timas-yayinlari","10":"pa_yazar-alex-schulman","12":"first","13":"instock","14":"sale","15":"shipping-taxable","16":"purchasable","17":"product-type-simple"},"_links":{"self":[{"href":"https:\/\/roveyayinevi.com.tr\/index.php\/wp-json\/wp\/v2\/product\/736549","targetHints":{"allow":["GET"]}}],"collection":[{"href":"https:\/\/roveyayinevi.com.tr\/index.php\/wp-json\/wp\/v2\/product"}],"about":[{"href":"https:\/\/roveyayinevi.com.tr\/index.php\/wp-json\/wp\/v2\/types\/product"}],"wp:attachment":[{"href":"https:\/\/roveyayinevi.com.tr\/index.php\/wp-json\/wp\/v2\/media?parent=736549"}],"wp:term":[{"taxonomy":"product_brand","embeddable":true,"href":"https:\/\/roveyayinevi.com.tr\/index.php\/wp-json\/wp\/v2\/product_brand?post=736549"},{"taxonomy":"product_cat","embeddable":true,"href":"https:\/\/roveyayinevi.com.tr\/index.php\/wp-json\/wp\/v2\/product_cat?post=736549"},{"taxonomy":"product_tag","embeddable":true,"href":"https:\/\/roveyayinevi.com.tr\/index.php\/wp-json\/wp\/v2\/product_tag?post=736549"}],"curies":[{"name":"wp","href":"https:\/\/api.w.org\/{rel}","templated":true}]}}