{"id":736545,"date":"2025-08-27T23:10:02","date_gmt":"2025-08-27T20:10:02","guid":{"rendered":"https:\/\/roveyayinevi.com.tr\/index.php\/urun\/sefik-can-hatiralar\/"},"modified":"2026-04-16T02:45:38","modified_gmt":"2026-04-15T23:45:38","slug":"sefik-can-hatiralar","status":"publish","type":"product","link":"https:\/\/roveyayinevi.com.tr\/index.php\/urun\/sefik-can-hatiralar\/","title":{"rendered":"\u015eefik Can Hat\u0131ralar"},"content":{"rendered":"<p>K\u0131ymetli \u015fahsiyetini bu hay\u00e2l \u00e2leminde daima g\u00f6lge bir varl\u0131k olarak tan\u0131mlayan \u015eefik Can; miladi takvime g\u00f6re doksan alt\u0131, hicri takvime g\u00f6re doksan dokuz ya\u015f\u0131na kadar a\u015fk ile hay\u0131rl\u0131 ve bereketli bir \u00f6m\u00fcr s\u00fcrd\u00fc. II. Me\u015frutiyet\u2019in ilan\u0131yla g\u00f6zlerini d\u00fcnyaya a\u00e7m\u0131\u015f olan \u015eefik Can, \u00e2lim bir baban\u0131n rahle-i tedrisinde ilk e\u011fitimini ald\u0131. Yokluk, fakirlik ve zaruret \u00e7a\u011f\u0131nda ortaokuldan itibaren Askeri mektebe girdi ve Cumhuriyet\u2019in ilan\u0131n\u0131 m\u00fcteakip senelerde Kuleli Asker\u00ee Lisesi\u2019nde ve Harp Okullar\u0131\u2019nda e\u011fitimini tamamlayarak subayl\u0131k kariyerine ba\u015flad\u0131. \u0130stanbul, Vize, K\u0131r\u0131kkale, Erzincan ve Konya gibi muhtelif \u015fehirlerde y\u00fczlerce subay yeti\u015ftirdi.\u015eefik Can Hat\u0131ralar ba\u015fl\u0131\u011f\u0131yla okurlar\u0131na takdim edilen bu eser, I. D\u00fcnya Sava\u015f\u0131, \u0130stiklal Harbi, Cumhuriyet\u2019in kurulu\u015fu, II. D\u00fcnya Sava\u015f\u0131 ve \u00e7ok partili hayata ge\u00e7i\u015f gibi farkl\u0131 d\u00f6nemlere dair tam anlam\u0131yla sosyal, siyas\u00ee, asker\u00ee, iktis\u00e2d\u00ee ve k\u00fclt\u00fcrel tarih memba\u0131d\u0131r. E\u011fitim, edebiyat, k\u00fclt\u00fcr ve sanat a\u00e7\u0131s\u0131ndan \u0130stanbul sahhaflar\u0131na, kitap\u00e7\u0131lar\u0131na, ilmi cemiyetlerine; k\u0131sacas\u0131 son bir as\u0131rl\u0131k k\u00fclt\u00fcr tarihimize \u0131\u015f\u0131k tutmakta. Pek \u00e7ok ilgin\u00e7 ve orijinal olaylara \u015fahitlik eden \u015eefik Can\u2019\u0131n bu hat\u0131rat\u0131, ayn\u0131 zamanda, Mevlev\u00ee, Mel\u00e2m\u00ee, Nak\u015f\u00ee, Bekta\u015f\u00ee, Cerr\u00e2h\u00ee ve U\u015f\u015fak\u00ee \u00e7evrelerini yak\u0131ndan yans\u0131tmas\u0131 y\u00f6n\u00fcyle son d\u00f6nemin tasavvuf\u00ee ya\u015fant\u0131s\u0131n\u0131 \u00e7ok renkli bir \u015fekilde tasvir etmekte.Kuleli Askeri Lisesi\u2019nde y\u0131llarca Edebiyat \u00f6\u011fretmenli\u011fi g\u00f6revini s\u00fcrd\u00fcren \u015eefik Can bu bereketli \u00f6mr\u00fcne s\u0131\u011fan \u00e7ok say\u0131da me\u015fhur \u015fah\u0131sla bir araya geldi ve onlarla nice \u00f6zel hat\u0131ralar ya\u015fad\u0131. Mustafa Kemal Atat\u00fcrk, Mare\u015fal Fevzi \u00c7akmak, Kaz\u0131m Karabekir, T\u00e2hir\u00fc\u2019l-Mevlev\u00ee, Mehmed \u00c2kif, Hattat Hamid Ayta\u00e7, Mahmud Sadettin Bilginer, Muzaffer Ozak, Midhat Bahar\u00ee, Muhsin Ertu\u011frul, Seniha Bedri G\u00f6knil, Abd\u00fclbaki G\u00f6lp\u0131narl\u0131, Faruk G\u00fcrler Pa\u015fa, N\u00e2z\u0131m Hikmet, Ferit Kam, Mahmud S\u00e2mi Ramazano\u011flu, Ahmet Remzi Dede, Yaman Dede, Ladikli Ahmet A\u011fa, Suud\u00fc\u2019l-Mevlev\u00ee, Peyami Safa, Annemarie Schimmel, H\u00fcseyin Siret, Ali Nihat Tarlan, Neyzen Tevfik, R\u0131za Tevfik, Selman T\u00fcz\u00fcn, Feridun Nafiz Uzluk, S\u00fcheyl \u00dcnver, Elmal\u0131l\u0131 Hamdi Yaz\u0131r, Halide Edip Ad\u0131var, \u015e\u00fck\u00fbfe Nihal, M\u00fcnevver Aya\u015fl\u0131, \u0130smail H\u00e2mi Dani\u015fmend, \u0130bn\u00fclemin Mahmud Kemal \u0130nal, Abd\u00fclaziz Mecdi Tolun, Muhammed Ra\u015fit Erol, H\u00fcseyin Hilmi I\u015f\u0131k, Enver \u00d6ren, Cinu\u00e7en Tanr\u0131korur&#8230; gibi \u00f6nemli ki\u015filere dair bug\u00fcne kadar \u00e7ok az bilinen olaylar\u0131n anlat\u0131ld\u0131\u011f\u0131 bu g\u00fczide hat\u0131rat; bir nehir s\u00f6yle\u015fi k\u0131vam\u0131nda H. Nur Art\u0131ran\u2019\u0131n \u015eefik Can merhumla 2000\u2019li y\u0131llar\u0131n ba\u015f\u0131nda yapt\u0131\u011f\u0131 s\u00f6yle\u015filer ile v\u00fccut buldu. Sufi Kitap bu paha bi\u00e7ilmez hazineyi T\u00fcrk okuruna takdim etmenin k\u0131vanc\u0131n\u0131 ya\u015f\u0131yor.<\/p>\n","protected":false},"excerpt":{"rendered":"<p>K\u0131ymetli \u015fahsiyetini bu hay\u00e2l \u00e2leminde daima g\u00f6lge bir varl\u0131k olarak tan\u0131mlayan \u015eefik Can; miladi takvime g\u00f6re doksan alt\u0131, hicri takvime g\u00f6re doksan dokuz ya\u015f\u0131na kadar a\u015fk<span class=\"excerpt-hellip\"> [\u2026]<\/span><\/p>\n","protected":false},"featured_media":0,"template":"","meta":{"_monsterinsights_skip_tracking":false,"_monsterinsights_sitenote_active":false,"_monsterinsights_sitenote_note":"","_monsterinsights_sitenote_category":0},"product_brand":[],"product_cat":[18094,12718,12719],"product_tag":[],"class_list":{"0":"post-736545","1":"product","2":"type-product","3":"status-publish","5":"product_cat-biyografi-otobiyografi-islam","6":"product_cat-din","7":"product_cat-islam","8":"pa_cilt-ciltsiz","9":"pa_tur-kitap","10":"pa_yayinevi-sufi-kitap","11":"pa_yazar-hayat-nur-artiran","13":"first","14":"instock","15":"sale","16":"shipping-taxable","17":"purchasable","18":"product-type-simple"},"_links":{"self":[{"href":"https:\/\/roveyayinevi.com.tr\/index.php\/wp-json\/wp\/v2\/product\/736545","targetHints":{"allow":["GET"]}}],"collection":[{"href":"https:\/\/roveyayinevi.com.tr\/index.php\/wp-json\/wp\/v2\/product"}],"about":[{"href":"https:\/\/roveyayinevi.com.tr\/index.php\/wp-json\/wp\/v2\/types\/product"}],"wp:attachment":[{"href":"https:\/\/roveyayinevi.com.tr\/index.php\/wp-json\/wp\/v2\/media?parent=736545"}],"wp:term":[{"taxonomy":"product_brand","embeddable":true,"href":"https:\/\/roveyayinevi.com.tr\/index.php\/wp-json\/wp\/v2\/product_brand?post=736545"},{"taxonomy":"product_cat","embeddable":true,"href":"https:\/\/roveyayinevi.com.tr\/index.php\/wp-json\/wp\/v2\/product_cat?post=736545"},{"taxonomy":"product_tag","embeddable":true,"href":"https:\/\/roveyayinevi.com.tr\/index.php\/wp-json\/wp\/v2\/product_tag?post=736545"}],"curies":[{"name":"wp","href":"https:\/\/api.w.org\/{rel}","templated":true}]}}