{"id":736544,"date":"2025-08-27T23:10:01","date_gmt":"2025-08-27T20:10:01","guid":{"rendered":"https:\/\/roveyayinevi.com.tr\/index.php\/urun\/yeni-nesil-ogretmen-olmak\/"},"modified":"2026-04-16T02:45:38","modified_gmt":"2026-04-15T23:45:38","slug":"yeni-nesil-ogretmen-olmak","status":"publish","type":"product","link":"https:\/\/roveyayinevi.com.tr\/index.php\/urun\/yeni-nesil-ogretmen-olmak\/","title":{"rendered":"Yeni Nesil \u00d6\u011fretmen Olmak"},"content":{"rendered":"<p>E\u011fitim durmadan de\u011fi\u015fiyor, d\u00f6n\u00fc\u015f\u00fcyor. 21. y\u00fczy\u0131l \u00f6\u011frencisinden beklentilerimiz \u00f6nceki d\u00f6nemlerin \u00f6\u011frencilerinden beklenenlerden \u00e7ok daha farkl\u0131. Bu y\u00fczy\u0131l problem \u00e7\u00f6zebilen, ele\u015ftirel d\u00fc\u015f\u00fcnebilen, hayal kurabilen, sorumluluk alabilen giri\u015fimci \u00f6\u011frenciler istiyor.Z ve Alfa ku\u015fa\u011f\u0131 \u00f6\u011frencilerini eskinin al\u0131\u015f\u0131lm\u0131\u015f e\u011fitim modellerine mahk\u00fbm etmek, onlar\u0131n bu potansiyellerini a\u00e7\u0131\u011fa \u00e7\u0131karmalar\u0131na ve kendilerini ke\u015ffetmelerine engel olmak demek. H\u00e2l b\u00f6yleyken \u00f6\u011fretmenlerin \u00e7a\u011f\u0131n gerektirdi\u011fi yetkinliklerle donanmas\u0131, de\u011fi\u015fen \u00f6\u011frenci profilinin ihtiya\u00e7lar\u0131na cevap vermesi ve d\u00f6neme uygun bir e\u011fitim ortam\u0131 olu\u015fturmas\u0131 elzem. Teknolojiyle \u015fekillenen yeni ileti\u015fim kanallar\u0131 \u00f6\u011frencilerin b\u00fct\u00fcn d\u00fcnyas\u0131n\u0131 belirlerken \u00f6\u011fretmenlere d\u00fc\u015fen, onlarla do\u011fru frekanslarda ileti\u015fim kurmakt\u0131r. Tamamen teknolojiye de\u011fil, teknolojiyi kullanarak \u00f6\u011fretmeye odaklanmakt\u0131r. K\u00fclt\u00fcrel ve tarih\u00ee de\u011ferlerimizi \u00f6n planda tutmak, \u00f6\u011frencileri d\u0131\u015f d\u00fcnyada ba\u015far\u0131l\u0131 k\u0131lacak \u00f6zelliklerle donatmakt\u0131r. G\u00fcn\u00fcn sonunda e\u011fitimcilere d\u00fc\u015fen erdemli, \u00f6\u011frenmeyi \u00f6\u011frenmi\u015f, analiz yetene\u011fine sahip, kendini geli\u015ftirebilen ve d\u00fcnyaya duyarl\u0131 bireyler yeti\u015ftirmektir.Tecr\u00fcbeli e\u011fitimci ve yazar Metin \u00d6zdamarlar\u2019\u0131n kendi deneyimleriyle y\u0131llar s\u00fcren titiz ara\u015ft\u0131rmalar\u0131n\u0131 harmanlad\u0131\u011f\u0131 Yeni Nesil \u00d6\u011fretmen Olmak, \u201cteknoloji\u201d neslini e\u011fiten g\u00fcn\u00fcm\u00fcz e\u011fitimcilerine mesleki hayatlar\u0131nda rehber olacak bir ba\u015fucu kitab\u0131.<\/p>\n","protected":false},"excerpt":{"rendered":"<p>E\u011fitim durmadan de\u011fi\u015fiyor, d\u00f6n\u00fc\u015f\u00fcyor. 21. y\u00fczy\u0131l \u00f6\u011frencisinden beklentilerimiz \u00f6nceki d\u00f6nemlerin \u00f6\u011frencilerinden beklenenlerden \u00e7ok daha farkl\u0131. Bu y\u00fczy\u0131l problem \u00e7\u00f6zebilen, ele\u015ftirel d\u00fc\u015f\u00fcnebilen, hayal kurabilen, sorumluluk alabilen giri\u015fimci<span class=\"excerpt-hellip\"> [\u2026]<\/span><\/p>\n","protected":false},"featured_media":0,"template":"","meta":{"_monsterinsights_skip_tracking":false,"_monsterinsights_sitenote_active":false,"_monsterinsights_sitenote_note":"","_monsterinsights_sitenote_category":0},"product_brand":[],"product_cat":[12364,12376],"product_tag":[],"class_list":{"0":"post-736544","1":"product","2":"type-product","3":"status-publish","5":"product_cat-genel-konular","6":"product_cat-kisisel-gelisim","7":"pa_cilt-ciltsiz","8":"pa_tur-kitap","9":"pa_yayinevi-timas-yayinlari","10":"pa_yazar-metin-ozdamarlar","12":"first","13":"instock","14":"sale","15":"shipping-taxable","16":"purchasable","17":"product-type-simple"},"_links":{"self":[{"href":"https:\/\/roveyayinevi.com.tr\/index.php\/wp-json\/wp\/v2\/product\/736544","targetHints":{"allow":["GET"]}}],"collection":[{"href":"https:\/\/roveyayinevi.com.tr\/index.php\/wp-json\/wp\/v2\/product"}],"about":[{"href":"https:\/\/roveyayinevi.com.tr\/index.php\/wp-json\/wp\/v2\/types\/product"}],"wp:attachment":[{"href":"https:\/\/roveyayinevi.com.tr\/index.php\/wp-json\/wp\/v2\/media?parent=736544"}],"wp:term":[{"taxonomy":"product_brand","embeddable":true,"href":"https:\/\/roveyayinevi.com.tr\/index.php\/wp-json\/wp\/v2\/product_brand?post=736544"},{"taxonomy":"product_cat","embeddable":true,"href":"https:\/\/roveyayinevi.com.tr\/index.php\/wp-json\/wp\/v2\/product_cat?post=736544"},{"taxonomy":"product_tag","embeddable":true,"href":"https:\/\/roveyayinevi.com.tr\/index.php\/wp-json\/wp\/v2\/product_tag?post=736544"}],"curies":[{"name":"wp","href":"https:\/\/api.w.org\/{rel}","templated":true}]}}