{"id":736541,"date":"2025-08-27T23:09:59","date_gmt":"2025-08-27T20:09:59","guid":{"rendered":"https:\/\/roveyayinevi.com.tr\/index.php\/urun\/hekimoglu-ali-pasa\/"},"modified":"2026-04-16T02:45:38","modified_gmt":"2026-04-15T23:45:38","slug":"hekimoglu-ali-pasa","status":"publish","type":"product","link":"https:\/\/roveyayinevi.com.tr\/index.php\/urun\/hekimoglu-ali-pasa\/","title":{"rendered":"Hekimo\u011flu Ali Pa\u015fa"},"content":{"rendered":"<p>Ol tab\u00eeb-i illet-i devlet ki bu t\u00e2rihde Hek\u00eemi oldu sadre kan\u00fbn-\u0131 \u015fif\u00e2\u00ee bu Ali H. 1144 \/ M. 1732Hekimo\u011flu Ali Pa\u015fa, XVIII. y\u00fczy\u0131lda \u00fc\u00e7 kere sadaret makam\u0131na gelmi\u015f, Osmanl\u0131 \u0130mparatorlu\u011fu\u2019nun siyasi ve sosyal d\u00f6n\u00fc\u015f\u00fcmlerine \u015fahit olmu\u015f ve bunlara y\u00f6n vermi\u015f bir devlet adam\u0131d\u0131r. 70 y\u0131l\u0131 a\u015fan \u00f6mr\u00fc boyunca, Bosna\u2019dan Adana\u2019ya, Tebriz\u2019den Kahire\u2019ye, Girit\u2019ten Trabzon\u2019a, \u0130mparatorluk co\u011frafyas\u0131nda ayak basmad\u0131\u011f\u0131 pek az yer b\u0131rakan Ali Pa\u015fa siyasi ha\u015fmeti, sava\u015flarda ve idari nizamda elde etti\u011fi ba\u015far\u0131lar\u0131yla, s\u0131hhatine halel geldi\u011fi d\u00fc\u015f\u00fcn\u00fclen devletin bir hekimi telakki edilmi\u015fti. Ali Pa\u015fa\u2019n\u0131n biyografisini XVIII. y\u00fczy\u0131l i\u00e7in bir pencere olarak kullanan eser, bu \u00e7a\u011fda siyasi otoritenin muktedir sadrazamlar taraf\u0131ndan devral\u0131nd\u0131\u011f\u0131n\u0131, sadaret makam\u0131n\u0131n siyasi me\u015fruiyet zemininin ve icraat kabiliyetinin di\u011fer iktidar odaklar\u0131 kar\u015f\u0131s\u0131nda kuvvet kazand\u0131\u011f\u0131n\u0131, Ali Pa\u015fa\u2019n\u0131n da bu \u201cpa\u015falar \u00e7a\u011f\u0131n\u0131n\u201d \u015feyh\u00fclv\u00fczeras\u0131 (vezirlerin \u015feyhi) oldu\u011fu iddia ediyor.Mehmet Y\u0131lmaz Akbulut\u2019un Hekimo\u011flu Ali Pa\u015fa, Pa\u015falar \u00c7a\u011f\u0131n\u0131n \u015eeyh\u00fclv\u00fczeras\u0131 ba\u015fl\u0131kl\u0131 eseri gerek zengin kaynak kullan\u0131m\u0131 gerek anlat\u0131 kuvvetiyle, Osmanl\u0131 tarih ve biyografi yaz\u0131c\u0131l\u0131\u011f\u0131nda \u00f6nemli bir merhale te\u015fkil edecek hem tarih\u00e7iler hem de tarih ve biyografi merakl\u0131lar\u0131n\u0131n faydalanaca\u011f\u0131 bir eser olacakt\u0131r.<\/p>\n","protected":false},"excerpt":{"rendered":"<p>Ol tab\u00eeb-i illet-i devlet ki bu t\u00e2rihde Hek\u00eemi oldu sadre kan\u00fbn-\u0131 \u015fif\u00e2\u00ee bu Ali H. 1144 \/ M. 1732Hekimo\u011flu Ali Pa\u015fa, XVIII. y\u00fczy\u0131lda \u00fc\u00e7 kere sadaret<span class=\"excerpt-hellip\"> [\u2026]<\/span><\/p>\n","protected":false},"featured_media":0,"template":"","meta":{"_monsterinsights_skip_tracking":false,"_monsterinsights_sitenote_active":false,"_monsterinsights_sitenote_note":"","_monsterinsights_sitenote_category":0},"product_brand":[],"product_cat":[12370,12304],"product_tag":[],"class_list":{"0":"post-736541","1":"product","2":"type-product","3":"status-publish","5":"product_cat-arastirma-inceleme","6":"product_cat-tarih","7":"pa_cilt-ciltsiz","8":"pa_tur-kitap","9":"pa_yayinevi-timas-yayinlari","10":"pa_yazar-mehmet-yilmaz-akbulut","12":"first","13":"instock","14":"sale","15":"shipping-taxable","16":"purchasable","17":"product-type-simple"},"_links":{"self":[{"href":"https:\/\/roveyayinevi.com.tr\/index.php\/wp-json\/wp\/v2\/product\/736541","targetHints":{"allow":["GET"]}}],"collection":[{"href":"https:\/\/roveyayinevi.com.tr\/index.php\/wp-json\/wp\/v2\/product"}],"about":[{"href":"https:\/\/roveyayinevi.com.tr\/index.php\/wp-json\/wp\/v2\/types\/product"}],"wp:attachment":[{"href":"https:\/\/roveyayinevi.com.tr\/index.php\/wp-json\/wp\/v2\/media?parent=736541"}],"wp:term":[{"taxonomy":"product_brand","embeddable":true,"href":"https:\/\/roveyayinevi.com.tr\/index.php\/wp-json\/wp\/v2\/product_brand?post=736541"},{"taxonomy":"product_cat","embeddable":true,"href":"https:\/\/roveyayinevi.com.tr\/index.php\/wp-json\/wp\/v2\/product_cat?post=736541"},{"taxonomy":"product_tag","embeddable":true,"href":"https:\/\/roveyayinevi.com.tr\/index.php\/wp-json\/wp\/v2\/product_tag?post=736541"}],"curies":[{"name":"wp","href":"https:\/\/api.w.org\/{rel}","templated":true}]}}