{"id":736540,"date":"2025-08-27T23:09:58","date_gmt":"2025-08-27T20:09:58","guid":{"rendered":"https:\/\/roveyayinevi.com.tr\/index.php\/urun\/bulurum-seni-ciftlikte\/"},"modified":"2026-04-16T02:45:38","modified_gmt":"2026-04-15T23:45:38","slug":"bulurum-seni-ciftlikte","status":"publish","type":"product","link":"https:\/\/roveyayinevi.com.tr\/index.php\/urun\/bulurum-seni-ciftlikte\/","title":{"rendered":"Bulurum Seni \u00c7iftlikte"},"content":{"rendered":"<p>\u00c7iftlikte bulurum seni! Bu hi\u00e7 kolay de\u011fil ki!Karanl\u0131kta gizlenen birileri var!Sincap Simsim&#8217;i takip et, \u00e7iftli\u011fi ke\u015ffet!Feneri hi\u00e7 b\u0131rakma, ipu\u00e7lar\u0131 yard\u0131m edecek sana.<\/p>\n","protected":false},"excerpt":{"rendered":"<p>\u00c7iftlikte bulurum seni! Bu hi\u00e7 kolay de\u011fil ki!Karanl\u0131kta gizlenen birileri var!Sincap Simsim&#8217;i takip et, \u00e7iftli\u011fi ke\u015ffet!Feneri hi\u00e7 b\u0131rakma, ipu\u00e7lar\u0131 yard\u0131m edecek sana.<\/p>\n","protected":false},"featured_media":0,"template":"","meta":{"_monsterinsights_skip_tracking":false,"_monsterinsights_sitenote_active":false,"_monsterinsights_sitenote_note":"","_monsterinsights_sitenote_category":0},"product_brand":[],"product_cat":[12274,12518],"product_tag":[],"class_list":{"0":"post-736540","1":"product","2":"type-product","3":"status-publish","5":"product_cat-cocuk-ve-genclik-kitaplari","6":"product_cat-okul-oncesi-kitaplar","7":"pa_cilt-ciltsiz","8":"pa_tur-kitap","9":"pa_yayinevi-sincap-kitap","10":"pa_yazar-m-sacide-kafali","12":"first","13":"instock","14":"sale","15":"shipping-taxable","16":"purchasable","17":"product-type-simple"},"_links":{"self":[{"href":"https:\/\/roveyayinevi.com.tr\/index.php\/wp-json\/wp\/v2\/product\/736540","targetHints":{"allow":["GET"]}}],"collection":[{"href":"https:\/\/roveyayinevi.com.tr\/index.php\/wp-json\/wp\/v2\/product"}],"about":[{"href":"https:\/\/roveyayinevi.com.tr\/index.php\/wp-json\/wp\/v2\/types\/product"}],"wp:attachment":[{"href":"https:\/\/roveyayinevi.com.tr\/index.php\/wp-json\/wp\/v2\/media?parent=736540"}],"wp:term":[{"taxonomy":"product_brand","embeddable":true,"href":"https:\/\/roveyayinevi.com.tr\/index.php\/wp-json\/wp\/v2\/product_brand?post=736540"},{"taxonomy":"product_cat","embeddable":true,"href":"https:\/\/roveyayinevi.com.tr\/index.php\/wp-json\/wp\/v2\/product_cat?post=736540"},{"taxonomy":"product_tag","embeddable":true,"href":"https:\/\/roveyayinevi.com.tr\/index.php\/wp-json\/wp\/v2\/product_tag?post=736540"}],"curies":[{"name":"wp","href":"https:\/\/api.w.org\/{rel}","templated":true}]}}