{"id":736539,"date":"2025-08-27T23:09:56","date_gmt":"2025-08-27T20:09:56","guid":{"rendered":"https:\/\/roveyayinevi.com.tr\/index.php\/urun\/buyukannemle-ayni-gun-dogduk\/"},"modified":"2026-04-16T02:45:38","modified_gmt":"2026-04-15T23:45:38","slug":"buyukannemle-ayni-gun-dogduk","status":"publish","type":"product","link":"https:\/\/roveyayinevi.com.tr\/index.php\/urun\/buyukannemle-ayni-gun-dogduk\/","title":{"rendered":"B\u00fcy\u00fckannemle Ayn\u0131 G\u00fcn Do\u011fduk"},"content":{"rendered":"<p>Bug\u00fcn kahraman\u0131m\u0131z\u0131n do\u011fum g\u00fcn\u00fc! Ama ayn\u0131 zamanda b\u00fcy\u00fckannesinin de do\u011fum g\u00fcn\u00fc. Bir \u00e7ocuk nas\u0131l b\u00fcy\u00fckannesiyle ayn\u0131 g\u00fcn do\u011fabilir ki! Bu durum kahraman\u0131m\u0131z\u0131n kafas\u0131n\u0131 biraz kar\u0131\u015ft\u0131rsa da, bu kar\u0131\u015f\u0131kl\u0131\u011f\u0131 \u00e7\u00f6zmek i\u00e7in bir plan\u0131 var! Bizimle e\u011flenceli bir ser\u00fcvene \u00e7\u0131kmaya ne dersiniz?<\/p>\n","protected":false},"excerpt":{"rendered":"<p>Bug\u00fcn kahraman\u0131m\u0131z\u0131n do\u011fum g\u00fcn\u00fc! Ama ayn\u0131 zamanda b\u00fcy\u00fckannesinin de do\u011fum g\u00fcn\u00fc. Bir \u00e7ocuk nas\u0131l b\u00fcy\u00fckannesiyle ayn\u0131 g\u00fcn do\u011fabilir ki! Bu durum kahraman\u0131m\u0131z\u0131n kafas\u0131n\u0131 biraz kar\u0131\u015ft\u0131rsa da,<span class=\"excerpt-hellip\"> [\u2026]<\/span><\/p>\n","protected":false},"featured_media":0,"template":"","meta":{"_monsterinsights_skip_tracking":false,"_monsterinsights_sitenote_active":false,"_monsterinsights_sitenote_note":"","_monsterinsights_sitenote_category":0},"product_brand":[],"product_cat":[12291,18202],"product_tag":[],"class_list":{"0":"post-736539","1":"product","2":"type-product","3":"status-publish","5":"product_cat-edebiyat","6":"product_cat-hikaye","7":"pa_cilt-ciltsiz","8":"pa_tur-kitap","9":"pa_yayinevi-luna-cocuk-yayinlari","10":"pa_yazar-mediha-helvacioglu","12":"first","13":"instock","14":"sale","15":"shipping-taxable","16":"purchasable","17":"product-type-simple"},"_links":{"self":[{"href":"https:\/\/roveyayinevi.com.tr\/index.php\/wp-json\/wp\/v2\/product\/736539","targetHints":{"allow":["GET"]}}],"collection":[{"href":"https:\/\/roveyayinevi.com.tr\/index.php\/wp-json\/wp\/v2\/product"}],"about":[{"href":"https:\/\/roveyayinevi.com.tr\/index.php\/wp-json\/wp\/v2\/types\/product"}],"wp:attachment":[{"href":"https:\/\/roveyayinevi.com.tr\/index.php\/wp-json\/wp\/v2\/media?parent=736539"}],"wp:term":[{"taxonomy":"product_brand","embeddable":true,"href":"https:\/\/roveyayinevi.com.tr\/index.php\/wp-json\/wp\/v2\/product_brand?post=736539"},{"taxonomy":"product_cat","embeddable":true,"href":"https:\/\/roveyayinevi.com.tr\/index.php\/wp-json\/wp\/v2\/product_cat?post=736539"},{"taxonomy":"product_tag","embeddable":true,"href":"https:\/\/roveyayinevi.com.tr\/index.php\/wp-json\/wp\/v2\/product_tag?post=736539"}],"curies":[{"name":"wp","href":"https:\/\/api.w.org\/{rel}","templated":true}]}}