{"id":736538,"date":"2025-08-27T23:09:55","date_gmt":"2025-08-27T20:09:55","guid":{"rendered":"https:\/\/roveyayinevi.com.tr\/index.php\/urun\/kac-kere-vazgectin\/"},"modified":"2026-04-11T02:54:20","modified_gmt":"2026-04-10T23:54:20","slug":"kac-kere-vazgectin","status":"publish","type":"product","link":"https:\/\/roveyayinevi.com.tr\/index.php\/urun\/kac-kere-vazgectin\/","title":{"rendered":"Ka\u00e7 Kere Vazge\u00e7tin"},"content":{"rendered":"<p>G\u00f6zlemlemeyi, konu\u015fmay\u0131, anlamay\u0131 ve ki\u015fileri belirli bir alanda y\u00f6nlendirmeyi bu denli benimsemi\u015f biri olarak, kendi penceremden g\u00f6rd\u00fc\u011f\u00fcm \u015fekilde ve anlatt\u0131klar\u0131mla, okuyan herkese bu kitap sayesinde ula\u015fmak istedim. Ne b\u00fcy\u00fck cesaret! Bu kitapta anlat\u0131lanlar az bilinen \u015feyler olmamak ile birlikte, kendi deneyimimle, kendi g\u00f6z\u00fcmden bir \u015feyler anlatabilmek ve sizleri benim bak\u0131\u015f a\u00e7\u0131mla bir nebze de olsa y\u00f6nlendirmek ya da hayat\u0131n\u0131za dokunmak istedim. Kitap i\u00e7erisinde yazd\u0131klar\u0131mdan ya\u015fam\u0131n\u0131zdaki aksiyonlara katabilece\u011fim ufac\u0131k bir \u015fey bile olsa amac\u0131m yerine ula\u015fm\u0131\u015f olacakt\u0131r. <\/p>\n","protected":false},"excerpt":{"rendered":"<p>G\u00f6zlemlemeyi, konu\u015fmay\u0131, anlamay\u0131 ve ki\u015fileri belirli bir alanda y\u00f6nlendirmeyi bu denli benimsemi\u015f biri olarak, kendi penceremden g\u00f6rd\u00fc\u011f\u00fcm \u015fekilde ve anlatt\u0131klar\u0131mla, okuyan herkese bu kitap sayesinde ula\u015fmak<span class=\"excerpt-hellip\"> [\u2026]<\/span><\/p>\n","protected":false},"featured_media":0,"template":"","meta":{"_monsterinsights_skip_tracking":false,"_monsterinsights_sitenote_active":false,"_monsterinsights_sitenote_note":"","_monsterinsights_sitenote_category":0},"product_brand":[],"product_cat":[12364,12376],"product_tag":[],"class_list":{"0":"post-736538","1":"product","2":"type-product","3":"status-publish","5":"product_cat-genel-konular","6":"product_cat-kisisel-gelisim","7":"pa_cilt-ciltsiz","8":"pa_tur-kitap","9":"pa_yayinevi-luna-yayinlari","10":"pa_yazar-begum-turkoglu","12":"first","13":"instock","14":"sale","15":"shipping-taxable","16":"purchasable","17":"product-type-simple"},"_links":{"self":[{"href":"https:\/\/roveyayinevi.com.tr\/index.php\/wp-json\/wp\/v2\/product\/736538","targetHints":{"allow":["GET"]}}],"collection":[{"href":"https:\/\/roveyayinevi.com.tr\/index.php\/wp-json\/wp\/v2\/product"}],"about":[{"href":"https:\/\/roveyayinevi.com.tr\/index.php\/wp-json\/wp\/v2\/types\/product"}],"wp:attachment":[{"href":"https:\/\/roveyayinevi.com.tr\/index.php\/wp-json\/wp\/v2\/media?parent=736538"}],"wp:term":[{"taxonomy":"product_brand","embeddable":true,"href":"https:\/\/roveyayinevi.com.tr\/index.php\/wp-json\/wp\/v2\/product_brand?post=736538"},{"taxonomy":"product_cat","embeddable":true,"href":"https:\/\/roveyayinevi.com.tr\/index.php\/wp-json\/wp\/v2\/product_cat?post=736538"},{"taxonomy":"product_tag","embeddable":true,"href":"https:\/\/roveyayinevi.com.tr\/index.php\/wp-json\/wp\/v2\/product_tag?post=736538"}],"curies":[{"name":"wp","href":"https:\/\/api.w.org\/{rel}","templated":true}]}}