{"id":736537,"date":"2025-08-27T23:09:54","date_gmt":"2025-08-27T20:09:54","guid":{"rendered":"https:\/\/roveyayinevi.com.tr\/index.php\/urun\/adim-adim-frigya\/"},"modified":"2026-04-16T02:45:38","modified_gmt":"2026-04-15T23:45:38","slug":"adim-adim-frigya","status":"publish","type":"product","link":"https:\/\/roveyayinevi.com.tr\/index.php\/urun\/adim-adim-frigya\/","title":{"rendered":"Ad\u0131m Ad\u0131m Frigya"},"content":{"rendered":"<p>Alp, merakl\u0131, d\u00fcnyay\u0131 ke\u015ffetme heyecan\u0131yla dolu bir \u00e7ocuk. Ya\u015fad\u0131\u011f\u0131 topraklar, onu her daim bir maceraya davet ediyor! Bir tarafta Emre G\u00f6l\u00fc, di\u011fer tarafta Peri Bacalar\u0131\u2026 D\u00fcnyan\u0131n en eski yerle\u015fim yerlerinden biri olan Ayazini\u2026 Gizemli izleriyle Kral Yolu, binlerce y\u0131ll\u0131k ge\u00e7mi\u015fe sahip Avdalaz Kalesi\u2026 Meme\u00e7 Kayal\u0131klar\u0131\u2019ndan y\u00fckselen dev balonlar, d\u00f6rtnala ko\u015fan atlar, cirit oyunlar\u0131, k\u00f6stebek aray\u0131\u015flar\u0131\u2026 Tarihin i\u00e7inde bir macerad\u0131r ya\u015fananlar! Psikolog Arzu Aslan taraf\u0131ndan okunmu\u015f olan \u201cAd\u0131m Ad\u0131m Frigya\u201d kitab\u0131, \u00e7ocuklara ke\u015fifler sunaca\u011f\u0131; g\u00f6zlem yapma, merak ve ara\u015ft\u0131rma duygusunu te\u015fvik edece\u011fi, \u00e7evre duyarl\u0131l\u0131\u011f\u0131 konusunda fark\u0131ndal\u0131k yaratmaya yard\u0131mc\u0131 olabilece\u011fi d\u00fc\u015f\u00fcncesiyle tavsiye edilmektedir. Ad\u0131m Ad\u0131m Frigya, t\u00fcm \u00e7ocuklar\u0131, tarihin i\u00e7inden, e\u011flenceli bir maceraya davet ediyor. Sevgiyle ve heyecanla\u2026<\/p>\n","protected":false},"excerpt":{"rendered":"<p>Alp, merakl\u0131, d\u00fcnyay\u0131 ke\u015ffetme heyecan\u0131yla dolu bir \u00e7ocuk. Ya\u015fad\u0131\u011f\u0131 topraklar, onu her daim bir maceraya davet ediyor! Bir tarafta Emre G\u00f6l\u00fc, di\u011fer tarafta Peri Bacalar\u0131\u2026 D\u00fcnyan\u0131n<span class=\"excerpt-hellip\"> [\u2026]<\/span><\/p>\n","protected":false},"featured_media":0,"template":"","meta":{"_monsterinsights_skip_tracking":false,"_monsterinsights_sitenote_active":false,"_monsterinsights_sitenote_note":"","_monsterinsights_sitenote_category":0},"product_brand":[],"product_cat":[12274,12284],"product_tag":[],"class_list":{"0":"post-736537","1":"product","2":"type-product","3":"status-publish","5":"product_cat-cocuk-ve-genclik-kitaplari","6":"product_cat-hikayeler","7":"pa_cilt-ciltsiz","8":"pa_tur-kitap","9":"pa_yayinevi-luna-cocuk-yayinlari","10":"pa_yazar-halil-kuru","12":"first","13":"instock","14":"sale","15":"shipping-taxable","16":"purchasable","17":"product-type-simple"},"_links":{"self":[{"href":"https:\/\/roveyayinevi.com.tr\/index.php\/wp-json\/wp\/v2\/product\/736537","targetHints":{"allow":["GET"]}}],"collection":[{"href":"https:\/\/roveyayinevi.com.tr\/index.php\/wp-json\/wp\/v2\/product"}],"about":[{"href":"https:\/\/roveyayinevi.com.tr\/index.php\/wp-json\/wp\/v2\/types\/product"}],"wp:attachment":[{"href":"https:\/\/roveyayinevi.com.tr\/index.php\/wp-json\/wp\/v2\/media?parent=736537"}],"wp:term":[{"taxonomy":"product_brand","embeddable":true,"href":"https:\/\/roveyayinevi.com.tr\/index.php\/wp-json\/wp\/v2\/product_brand?post=736537"},{"taxonomy":"product_cat","embeddable":true,"href":"https:\/\/roveyayinevi.com.tr\/index.php\/wp-json\/wp\/v2\/product_cat?post=736537"},{"taxonomy":"product_tag","embeddable":true,"href":"https:\/\/roveyayinevi.com.tr\/index.php\/wp-json\/wp\/v2\/product_tag?post=736537"}],"curies":[{"name":"wp","href":"https:\/\/api.w.org\/{rel}","templated":true}]}}