{"id":736533,"date":"2025-08-27T23:09:50","date_gmt":"2025-08-27T20:09:50","guid":{"rendered":"https:\/\/roveyayinevi.com.tr\/index.php\/urun\/alice-harikalar-diyarinda-11\/"},"modified":"2026-04-16T02:45:38","modified_gmt":"2026-04-15T23:45:38","slug":"alice-harikalar-diyarinda-11","status":"publish","type":"product","link":"https:\/\/roveyayinevi.com.tr\/index.php\/urun\/alice-harikalar-diyarinda-11\/","title":{"rendered":"Alice Harikalar Diyar\u0131nda"},"content":{"rendered":"<p>Yay\u0131mland\u0131\u011f\u0131 g\u00fcnden beri her ya\u015ftan okurun hayranl\u0131kla okudu\u011fu Alice Harikalar Diyar\u0131nda, bug\u00fcne kadar onlarca dile \u00e7evrildi. Lewis Carroll asl\u0131nda bir matematik\u00e7iydi. Yak\u0131n arkada\u015f\u0131n\u0131n Alice ad\u0131ndaki k\u0131z\u0131n\u0131 e\u011flendirmek i\u00e7in anlatt\u0131\u011f\u0131 \u00f6yk\u00fcleri bir kitapta toplama karar\u0131 ald\u0131 ve hayal g\u00fcc\u00fcn\u00fcn zenginli\u011fiyle kurdu\u011fu bu b\u00fcy\u00fcl\u00fc d\u00fcnyaya her ya\u015ftan okurun ad\u0131m atmas\u0131n\u0131 sa\u011flad\u0131. K\u00fc\u00e7\u00fck bir k\u0131z olan Alice tuhaf bir tav\u015fanla tan\u0131\u015f\u0131r; tav\u015fan randevusuna ge\u00e7 kalmamak i\u00e7in ko\u015fturmakta ve s\u00fcrekli saatine bakmaktad\u0131r. Alice, tav\u015fan\u0131n pe\u015finden bir deli\u011fe dalar ve o anda kendini ola\u011fan\u00fcst\u00fc bir ser\u00fcvenin i\u00e7inde bulur. \u015eapkac\u0131yla mart tav\u015fan\u0131n\u0131n verdi\u011fi \u00e7ay partisine kat\u0131l\u0131r, fareyle sohbet eder, \u00f6fkesi g\u00f6z\u00fcn\u00fc k\u00f6r eden krali\u00e7enin gazab\u0131na u\u011frar. \u00c7\u00fcnk\u00fc bu diyarda her \u015fey ama her \u015fey m\u00fcmk\u00fcnd\u00fcr\u2026 \u00c7ocuklar i\u00e7in uyarlanan bu \u00f6zel bask\u0131yla, sizleri hayal d\u00fcnyan\u0131zda yepyeni kap\u0131lar a\u00e7acak bu masal \u00fclkesini ke\u015ffetmeye davet ediyoruz. <\/p>\n","protected":false},"excerpt":{"rendered":"<p>Yay\u0131mland\u0131\u011f\u0131 g\u00fcnden beri her ya\u015ftan okurun hayranl\u0131kla okudu\u011fu Alice Harikalar Diyar\u0131nda, bug\u00fcne kadar onlarca dile \u00e7evrildi. Lewis Carroll asl\u0131nda bir matematik\u00e7iydi. Yak\u0131n arkada\u015f\u0131n\u0131n Alice ad\u0131ndaki k\u0131z\u0131n\u0131<span class=\"excerpt-hellip\"> [\u2026]<\/span><\/p>\n","protected":false},"featured_media":0,"template":"","meta":{"_monsterinsights_skip_tracking":false,"_monsterinsights_sitenote_active":false,"_monsterinsights_sitenote_note":"","_monsterinsights_sitenote_category":0},"product_brand":[],"product_cat":[12274,12467],"product_tag":[],"class_list":{"0":"post-736533","1":"product","2":"type-product","3":"status-publish","5":"product_cat-cocuk-ve-genclik-kitaplari","6":"product_cat-dunya-klasikleri","7":"pa_cilt-ciltsiz","8":"pa_tur-kitap","9":"pa_yayinevi-mundi","10":"pa_yazar-lewis-carroll","12":"first","13":"instock","14":"sale","15":"shipping-taxable","16":"purchasable","17":"product-type-simple"},"_links":{"self":[{"href":"https:\/\/roveyayinevi.com.tr\/index.php\/wp-json\/wp\/v2\/product\/736533","targetHints":{"allow":["GET"]}}],"collection":[{"href":"https:\/\/roveyayinevi.com.tr\/index.php\/wp-json\/wp\/v2\/product"}],"about":[{"href":"https:\/\/roveyayinevi.com.tr\/index.php\/wp-json\/wp\/v2\/types\/product"}],"wp:attachment":[{"href":"https:\/\/roveyayinevi.com.tr\/index.php\/wp-json\/wp\/v2\/media?parent=736533"}],"wp:term":[{"taxonomy":"product_brand","embeddable":true,"href":"https:\/\/roveyayinevi.com.tr\/index.php\/wp-json\/wp\/v2\/product_brand?post=736533"},{"taxonomy":"product_cat","embeddable":true,"href":"https:\/\/roveyayinevi.com.tr\/index.php\/wp-json\/wp\/v2\/product_cat?post=736533"},{"taxonomy":"product_tag","embeddable":true,"href":"https:\/\/roveyayinevi.com.tr\/index.php\/wp-json\/wp\/v2\/product_tag?post=736533"}],"curies":[{"name":"wp","href":"https:\/\/api.w.org\/{rel}","templated":true}]}}