{"id":736532,"date":"2025-08-27T23:09:49","date_gmt":"2025-08-27T20:09:49","guid":{"rendered":"https:\/\/roveyayinevi.com.tr\/index.php\/urun\/siyah-inci-6\/"},"modified":"2026-04-16T02:45:38","modified_gmt":"2026-04-15T23:45:38","slug":"siyah-inci-6","status":"publish","type":"product","link":"https:\/\/roveyayinevi.com.tr\/index.php\/urun\/siyah-inci-6\/","title":{"rendered":"Siyah \u0130nci"},"content":{"rendered":"<p>Hayvanlara dair en g\u00fczel romanlardan biri olan Siyah \u0130nci bir at\u0131n kendi a\u011fz\u0131ndan dinledi\u011fimiz ya\u015fam\u00f6yk\u00fcs\u00fc. Siyah \u0130nci ad\u0131ndaki at ya\u015fam yolculu\u011funda kimi zaman iyi kimi zaman k\u00f6t\u00fc insanlarla kar\u015f\u0131la\u015f\u0131yor. Ne olursa olsun ya\u015fam\u0131nda en iyi \u015fekilde hizmet etmeyi annesinden \u00f6\u011frenmi\u015f Siyah \u0130nci bizlere hem insanlar\u0131n hem de atlar\u0131n d\u00fcnyas\u0131n\u0131 anlat\u0131yor. Dilsiz bildi\u011fimiz canl\u0131lar\u0131, insanlarla hayvanlar aras\u0131ndaki kopmaz ba\u011f\u0131 g\u00f6zler \u00f6n\u00fcne seren bu unutulmaz klasik, \u00e7ocuklar i\u00e7in uyarland\u0131.<\/p>\n","protected":false},"excerpt":{"rendered":"<p>Hayvanlara dair en g\u00fczel romanlardan biri olan Siyah \u0130nci bir at\u0131n kendi a\u011fz\u0131ndan dinledi\u011fimiz ya\u015fam\u00f6yk\u00fcs\u00fc. Siyah \u0130nci ad\u0131ndaki at ya\u015fam yolculu\u011funda kimi zaman iyi kimi zaman<span class=\"excerpt-hellip\"> [\u2026]<\/span><\/p>\n","protected":false},"featured_media":0,"template":"","meta":{"_monsterinsights_skip_tracking":false,"_monsterinsights_sitenote_active":false,"_monsterinsights_sitenote_note":"","_monsterinsights_sitenote_category":0},"product_brand":[],"product_cat":[12274,12467],"product_tag":[],"class_list":{"0":"post-736532","1":"product","2":"type-product","3":"status-publish","5":"product_cat-cocuk-ve-genclik-kitaplari","6":"product_cat-dunya-klasikleri","7":"pa_cilt-ciltsiz","8":"pa_tur-kitap","9":"pa_yayinevi-mundi","10":"pa_yazar-anna-swell","12":"first","13":"instock","14":"sale","15":"shipping-taxable","16":"purchasable","17":"product-type-simple"},"_links":{"self":[{"href":"https:\/\/roveyayinevi.com.tr\/index.php\/wp-json\/wp\/v2\/product\/736532","targetHints":{"allow":["GET"]}}],"collection":[{"href":"https:\/\/roveyayinevi.com.tr\/index.php\/wp-json\/wp\/v2\/product"}],"about":[{"href":"https:\/\/roveyayinevi.com.tr\/index.php\/wp-json\/wp\/v2\/types\/product"}],"wp:attachment":[{"href":"https:\/\/roveyayinevi.com.tr\/index.php\/wp-json\/wp\/v2\/media?parent=736532"}],"wp:term":[{"taxonomy":"product_brand","embeddable":true,"href":"https:\/\/roveyayinevi.com.tr\/index.php\/wp-json\/wp\/v2\/product_brand?post=736532"},{"taxonomy":"product_cat","embeddable":true,"href":"https:\/\/roveyayinevi.com.tr\/index.php\/wp-json\/wp\/v2\/product_cat?post=736532"},{"taxonomy":"product_tag","embeddable":true,"href":"https:\/\/roveyayinevi.com.tr\/index.php\/wp-json\/wp\/v2\/product_tag?post=736532"}],"curies":[{"name":"wp","href":"https:\/\/api.w.org\/{rel}","templated":true}]}}