{"id":736530,"date":"2025-08-27T23:09:47","date_gmt":"2025-08-27T20:09:47","guid":{"rendered":"https:\/\/roveyayinevi.com.tr\/index.php\/urun\/kemalizm-2\/"},"modified":"2025-12-30T10:48:06","modified_gmt":"2025-12-30T07:48:06","slug":"kemalizm-2","status":"publish","type":"product","link":"https:\/\/roveyayinevi.com.tr\/index.php\/urun\/kemalizm-2\/","title":{"rendered":"Kemalizm"},"content":{"rendered":"<p>Modern Tu\u0308rkiye\u2019nin kurucu ideolojisi Kemalizmin ancak ulusa\u015f\u0131r\u0131 bir olgu olarak analiz edildi\u011finde anla\u015f\u0131labilece\u011fini \u00f6ne su\u0308ren Kemalizm \u2013 Osmanl\u0131 Sonras\u0131 Du\u0308nyada Ulusa\u015f\u0131r\u0131 Siyaset, Kemalizmin iki sava\u015f aras\u0131 d\u00f6nemde Tu\u0308rkiye, Arnavutluk, Bulgaristan, K\u0131br\u0131s, M\u0131s\u0131r ve Yugoslavya\u2019daki \u00e7ok y\u00f6nlu\u0308 etkile\u015fim ve al\u0131\u015fveri\u015flerle in\u015fa edildi\u011fini ortaya koyuyor. Bir parti mensubiyetinden bir dizi ku\u0308ltu\u0308rel sembole, bir siyasi doktrinden belirli bir y\u00f6netim tarz\u0131na bir\u00e7ok farkl\u0131 anlamda kullanabilen ve Tu\u0308rkiye toplumunun kolektif bilincini etkilemeye devam eden Kemalizm teriminin alternatif bir tarihsel tan\u0131m\u0131n\u0131 yap\u0131yor. Bu kavram\u0131n eski Osmanl\u0131 co\u011frafyas\u0131na ait farkl\u0131 u\u0308lkelerdeki \u00e7e\u015fitli ku\u0308ltu\u0308rel ve siyasal pratiklerin analizi i\u00e7in ortak bir platform te\u015fkil etti\u011fini g\u00f6steriyor. Kemalizmin do\u011fu\u015fu ve evrimini kapsaml\u0131 bir ulusa\u015f\u0131r\u0131 perspektife yerle\u015ftirmesi ve geni\u015f bir co\u011frafyay\u0131 taramas\u0131yla alan\u0131nda bir ilk olma \u00f6zelli\u011fi ta\u015f\u0131yor. \u201cBu kolektif kitapta g\u00f6stermeye \u00e7al\u0131\u015ft\u0131\u011f\u0131m\u0131z u\u0308zere, Kemalizm Tu\u0308rk entelektu\u0308elleri taraf\u0131ndan yeniden sahiplenilmeden \u00e7ok \u00f6nce, ilk olarak Tu\u0308rk siyaset sahnesinin d\u0131\u015f\u0131ndaki akt\u00f6rler taraf\u0131ndan \u015fekillendirilmi\u015ftir. Ve Tu\u0308rkiye d\u0131\u015f\u0131nda, eski Osmanl\u0131 topraklar\u0131ndaki (Mu\u0308slu\u0308man du\u0308nya ve \u00f6tesindeki) g\u00f6zlemciler, ama ayn\u0131 zamanda akt\u00f6rler taraf\u0131ndan da \u015fekillendirilmeye ve kullan\u0131lmaya devam etmi\u015ftir. Dolay\u0131s\u0131yla Kemalizmi totolojik bir bi\u00e7imde Tu\u0308rkiye (Tu\u0308rkiye = Kemalizm = Tu\u0308rkiye) u\u0308zerinden a\u00e7\u0131klamak yerine, kavram\u0131n bir\u00e7ok farkl\u0131 g\u00f6ru\u0308\u015f a\u00e7\u0131s\u0131ndan ve \u00f6zgu\u0308l uzamsal konfigu\u0308rasyonlarda neyi temsil etti\u011fini g\u00f6stermeyi umuyoruz.\u201d<\/p>\n","protected":false},"excerpt":{"rendered":"<p>Modern Tu\u0308rkiye\u2019nin kurucu ideolojisi Kemalizmin ancak ulusa\u015f\u0131r\u0131 bir olgu olarak analiz edildi\u011finde anla\u015f\u0131labilece\u011fini \u00f6ne su\u0308ren Kemalizm \u2013 Osmanl\u0131 Sonras\u0131 Du\u0308nyada Ulusa\u015f\u0131r\u0131 Siyaset, Kemalizmin iki sava\u015f aras\u0131<span class=\"excerpt-hellip\"> [\u2026]<\/span><\/p>\n","protected":false},"featured_media":0,"template":"","meta":{"_monsterinsights_skip_tracking":false,"_monsterinsights_sitenote_active":false,"_monsterinsights_sitenote_note":"","_monsterinsights_sitenote_category":0},"product_brand":[],"product_cat":[12370,12304],"product_tag":[],"class_list":{"0":"post-736530","1":"product","2":"type-product","3":"status-publish","5":"product_cat-arastirma-inceleme","6":"product_cat-tarih","7":"pa_cilt-ciltsiz","8":"pa_tur-kitap","9":"pa_yayinevi-iletisim-yayinlari","10":"pa_yazar-iletisim-yayinlari-kolektif","12":"first","13":"instock","14":"sale","15":"shipping-taxable","16":"purchasable","17":"product-type-simple"},"_links":{"self":[{"href":"https:\/\/roveyayinevi.com.tr\/index.php\/wp-json\/wp\/v2\/product\/736530","targetHints":{"allow":["GET"]}}],"collection":[{"href":"https:\/\/roveyayinevi.com.tr\/index.php\/wp-json\/wp\/v2\/product"}],"about":[{"href":"https:\/\/roveyayinevi.com.tr\/index.php\/wp-json\/wp\/v2\/types\/product"}],"wp:attachment":[{"href":"https:\/\/roveyayinevi.com.tr\/index.php\/wp-json\/wp\/v2\/media?parent=736530"}],"wp:term":[{"taxonomy":"product_brand","embeddable":true,"href":"https:\/\/roveyayinevi.com.tr\/index.php\/wp-json\/wp\/v2\/product_brand?post=736530"},{"taxonomy":"product_cat","embeddable":true,"href":"https:\/\/roveyayinevi.com.tr\/index.php\/wp-json\/wp\/v2\/product_cat?post=736530"},{"taxonomy":"product_tag","embeddable":true,"href":"https:\/\/roveyayinevi.com.tr\/index.php\/wp-json\/wp\/v2\/product_tag?post=736530"}],"curies":[{"name":"wp","href":"https:\/\/api.w.org\/{rel}","templated":true}]}}