{"id":736523,"date":"2025-08-27T23:09:39","date_gmt":"2025-08-27T20:09:39","guid":{"rendered":"https:\/\/roveyayinevi.com.tr\/index.php\/urun\/komik-yer-isimleri-oteli\/"},"modified":"2026-04-16T02:45:37","modified_gmt":"2026-04-15T23:45:37","slug":"komik-yer-isimleri-oteli","status":"publish","type":"product","link":"https:\/\/roveyayinevi.com.tr\/index.php\/urun\/komik-yer-isimleri-oteli\/","title":{"rendered":"Komik Yer \u0130simleri Oteli"},"content":{"rendered":"<p>Komik Hayvan \u0130simleri Bakanl\u0131\u011f\u0131\u2019na doyamayanlar i\u00e7in harika bir resimli \u00f6yk\u00fc. Nerede ya\u015f\u0131yorsun? K\u00fc\u00e7\u00fck Horultu\u2019da m\u0131 yoksa Ka\u015f\u0131nan Popo\u2019da m\u0131? Canavarl\u0131 m\u0131s\u0131n yoksa Sidiklik\u00f6yl\u00fc m\u00fc? \u0130nanmayacaks\u0131n ama bu yerlerin hepsi ger\u00e7ekten var! Komik Yer \u0130simleri Oteli\u2019ne ho\u015f geldin! D\u00fcnyan\u0131n d\u00f6rt yan\u0131ndan tatile gelen ku\u015flar, otelde havuz keyfi yaparken tuhaf bir ortak noktalar\u0131 oldu\u011funu fark ediyorlar: Hepsi komik isimli yerlerden geliyor. Sence hangi ku\u015fun memleketi tam bir Sa\u00e7mal\u0131k? Peki Tavuk\u2019tan gelen hangisi? Hi\u00e7bir Yer\u2019de ya\u015fayan ku\u015fu tahmin edebildin mi? \u201cYoook art\u0131k!\u201d dedirten yer isimleri ve kahkahaya bo\u011fulan  ku\u015flarla dolu bir kitap bu.    Not: H\u00e2l\u00e2 bu yer isimlerine inanam\u0131yorsan, kitab\u0131n son sayfas\u0131na bir g\u00f6z at. <\/p>\n","protected":false},"excerpt":{"rendered":"<p>Komik Hayvan \u0130simleri Bakanl\u0131\u011f\u0131\u2019na doyamayanlar i\u00e7in harika bir resimli \u00f6yk\u00fc. Nerede ya\u015f\u0131yorsun? K\u00fc\u00e7\u00fck Horultu\u2019da m\u0131 yoksa Ka\u015f\u0131nan Popo\u2019da m\u0131? Canavarl\u0131 m\u0131s\u0131n yoksa Sidiklik\u00f6yl\u00fc m\u00fc? \u0130nanmayacaks\u0131n ama<span class=\"excerpt-hellip\"> [\u2026]<\/span><\/p>\n","protected":false},"featured_media":0,"template":"","meta":{"_monsterinsights_skip_tracking":false,"_monsterinsights_sitenote_active":false,"_monsterinsights_sitenote_note":"","_monsterinsights_sitenote_category":0},"product_brand":[],"product_cat":[12274,12518],"product_tag":[],"class_list":{"0":"post-736523","1":"product","2":"type-product","3":"status-publish","5":"product_cat-cocuk-ve-genclik-kitaplari","6":"product_cat-okul-oncesi-kitaplar","7":"pa_cilt-ciltsiz","8":"pa_tur-kitap","9":"pa_yayinevi-domingo-yayinevi","10":"pa_yazar-john-hay-garry-parsons","12":"first","13":"instock","14":"sale","15":"shipping-taxable","16":"purchasable","17":"product-type-simple"},"_links":{"self":[{"href":"https:\/\/roveyayinevi.com.tr\/index.php\/wp-json\/wp\/v2\/product\/736523","targetHints":{"allow":["GET"]}}],"collection":[{"href":"https:\/\/roveyayinevi.com.tr\/index.php\/wp-json\/wp\/v2\/product"}],"about":[{"href":"https:\/\/roveyayinevi.com.tr\/index.php\/wp-json\/wp\/v2\/types\/product"}],"wp:attachment":[{"href":"https:\/\/roveyayinevi.com.tr\/index.php\/wp-json\/wp\/v2\/media?parent=736523"}],"wp:term":[{"taxonomy":"product_brand","embeddable":true,"href":"https:\/\/roveyayinevi.com.tr\/index.php\/wp-json\/wp\/v2\/product_brand?post=736523"},{"taxonomy":"product_cat","embeddable":true,"href":"https:\/\/roveyayinevi.com.tr\/index.php\/wp-json\/wp\/v2\/product_cat?post=736523"},{"taxonomy":"product_tag","embeddable":true,"href":"https:\/\/roveyayinevi.com.tr\/index.php\/wp-json\/wp\/v2\/product_tag?post=736523"}],"curies":[{"name":"wp","href":"https:\/\/api.w.org\/{rel}","templated":true}]}}