{"id":736516,"date":"2025-08-27T23:09:32","date_gmt":"2025-08-27T20:09:32","guid":{"rendered":"https:\/\/roveyayinevi.com.tr\/index.php\/urun\/kadinlar-ulkesi-3\/"},"modified":"2026-04-16T02:45:37","modified_gmt":"2026-04-15T23:45:37","slug":"kadinlar-ulkesi-3","status":"publish","type":"product","link":"https:\/\/roveyayinevi.com.tr\/index.php\/urun\/kadinlar-ulkesi-3\/","title":{"rendered":"Kad\u0131nlar \u00dclkesi"},"content":{"rendered":"<p>Feminist edebiyat\u0131n en \u00f6nemli erken d\u00f6nem temsilcilerinden Charlotte Perkins Gilman, Da\u011f\u0131 Yerinden Oynatmak adl\u0131 eserinin ard\u0131ndan yeni bir \u00fctopya kuruyor: Kad\u0131nlar \u00dclkesi. Maceraya ve bilime d\u00fc\u015fk\u00fcn ancak ki\u015filikleri birbirinden tamamen farkl\u0131 \u00fc\u00e7 Amerikal\u0131 erkek sadece kad\u0131nlar\u0131n ya\u015fad\u0131\u011f\u0131 bir \u00fclke ke\u015ffeder. Ya\u015fad\u0131klar\u0131 d\u00fcnyadaki k\u00f6t\u00fcl\u00fckler, d\u00fc\u015fmanl\u0131klar, sava\u015flar yoktur bu \u00fclkede, aksine derin bir dostluk ve karde\u015flik, hepsinden \u00f6nemlisi evrensel bir annelik duygusu vard\u0131r. Kahramanlar\u0131m\u0131z, ho\u015f burada kahraman s\u0131fat\u0131n\u0131 hak eden erkekler midir sizler karar vereceksiniz, bu e\u015fsiz \u00fclkeye uyum sa\u011flamaya \u00e7al\u0131\u015f\u0131rken zihinlerindeki kad\u0131n alg\u0131s\u0131 de\u011fi\u015fmeye ba\u015flar ve hem kad\u0131nlar\u0131 hem de birbirlerini yeniden tan\u0131rlar. B\u00f6yle bir yerde neler kazanacak, nelerden mahrum kalacak, neleri arayacak ya da hi\u00e7 aramayacaklard\u0131r? Gilman 1915 y\u0131l\u0131nda bu kitab\u0131 kaleme al\u0131rken sadece kad\u0131nlar\u0131n hayattaki konumlar\u0131na de\u011fil, ayn\u0131 zamanda d\u00f6nemin politikas\u0131na, ekonomisine, tar\u0131m\u0131na, e\u011fitimine, yoksullu\u011funa, bilimine ve daha nicesine o kendine \u00f6zg\u00fc hiciv dolu \u00fcslubuyla de\u011finmi\u015ftir. Kad\u0131nlar \u00dclkesi kad\u0131nlar\u0131n ba\u015farabileceklerine, dostlu\u011fun ve birlikteli\u011fin getirilerine, sava\u015fs\u0131z ve ho\u015fg\u00f6r\u00fcl\u00fc bir d\u00fcnyan\u0131n umuduna sesleni\u015ftir. <\/p>\n","protected":false},"excerpt":{"rendered":"<p>Feminist edebiyat\u0131n en \u00f6nemli erken d\u00f6nem temsilcilerinden Charlotte Perkins Gilman, Da\u011f\u0131 Yerinden Oynatmak adl\u0131 eserinin ard\u0131ndan yeni bir \u00fctopya kuruyor: Kad\u0131nlar \u00dclkesi. Maceraya ve bilime d\u00fc\u015fk\u00fcn<span class=\"excerpt-hellip\"> [\u2026]<\/span><\/p>\n","protected":false},"featured_media":0,"template":"","meta":{"_monsterinsights_skip_tracking":false,"_monsterinsights_sitenote_active":false,"_monsterinsights_sitenote_note":"","_monsterinsights_sitenote_category":0},"product_brand":[],"product_cat":[12291,12711],"product_tag":[],"class_list":{"0":"post-736516","1":"product","2":"type-product","3":"status-publish","5":"product_cat-edebiyat","6":"product_cat-roman-oyku","7":"pa_cilt-ciltsiz","8":"pa_tur-kitap","9":"pa_yayinevi-cem-yayinevi","10":"pa_yazar-charlotte-perkins-gilman","12":"first","13":"instock","14":"sale","15":"shipping-taxable","16":"purchasable","17":"product-type-simple"},"_links":{"self":[{"href":"https:\/\/roveyayinevi.com.tr\/index.php\/wp-json\/wp\/v2\/product\/736516","targetHints":{"allow":["GET"]}}],"collection":[{"href":"https:\/\/roveyayinevi.com.tr\/index.php\/wp-json\/wp\/v2\/product"}],"about":[{"href":"https:\/\/roveyayinevi.com.tr\/index.php\/wp-json\/wp\/v2\/types\/product"}],"wp:attachment":[{"href":"https:\/\/roveyayinevi.com.tr\/index.php\/wp-json\/wp\/v2\/media?parent=736516"}],"wp:term":[{"taxonomy":"product_brand","embeddable":true,"href":"https:\/\/roveyayinevi.com.tr\/index.php\/wp-json\/wp\/v2\/product_brand?post=736516"},{"taxonomy":"product_cat","embeddable":true,"href":"https:\/\/roveyayinevi.com.tr\/index.php\/wp-json\/wp\/v2\/product_cat?post=736516"},{"taxonomy":"product_tag","embeddable":true,"href":"https:\/\/roveyayinevi.com.tr\/index.php\/wp-json\/wp\/v2\/product_tag?post=736516"}],"curies":[{"name":"wp","href":"https:\/\/api.w.org\/{rel}","templated":true}]}}