{"id":736514,"date":"2025-08-27T23:09:29","date_gmt":"2025-08-27T20:09:29","guid":{"rendered":"https:\/\/roveyayinevi.com.tr\/index.php\/urun\/sobeleme-kitabi-orman-dikkat-gelistiren-oyunlar\/"},"modified":"2026-04-16T02:45:37","modified_gmt":"2026-04-15T23:45:37","slug":"sobeleme-kitabi-orman-dikkat-gelistiren-oyunlar","status":"publish","type":"product","link":"https:\/\/roveyayinevi.com.tr\/index.php\/urun\/sobeleme-kitabi-orman-dikkat-gelistiren-oyunlar\/","title":{"rendered":"Sobeleme Kitab\u0131 Orman &#8211; Dikkat Geli\u015ftiren Oyunlar"},"content":{"rendered":"<p>Ponpon Tav\u015fan ile heyecanl\u0131 bir saklamba\u00e7 oyununa davetlisin! G\u00fczel kelebeklerden \u00e7al\u0131\u015fkan ar\u0131lara, sevimli sincaplardan bal d\u00fc\u015fk\u00fcn\u00fc ay\u0131lara bir\u00e7ok orman canl\u0131s\u0131 bu kitab\u0131n sayfalar\u0131nda gizleniyor. Onlar\u0131 ara, sobele ve say! <\/p>\n","protected":false},"excerpt":{"rendered":"<p>Ponpon Tav\u015fan ile heyecanl\u0131 bir saklamba\u00e7 oyununa davetlisin! G\u00fczel kelebeklerden \u00e7al\u0131\u015fkan ar\u0131lara, sevimli sincaplardan bal d\u00fc\u015fk\u00fcn\u00fc ay\u0131lara bir\u00e7ok orman canl\u0131s\u0131 bu kitab\u0131n sayfalar\u0131nda gizleniyor. Onlar\u0131 ara,<span class=\"excerpt-hellip\"> [\u2026]<\/span><\/p>\n","protected":false},"featured_media":0,"template":"","meta":{"_monsterinsights_skip_tracking":false,"_monsterinsights_sitenote_active":false,"_monsterinsights_sitenote_note":"","_monsterinsights_sitenote_category":0},"product_brand":[],"product_cat":[12275,12274],"product_tag":[],"class_list":{"0":"post-736514","1":"product","2":"type-product","3":"status-publish","5":"product_cat-6-12-yas-kitaplari","6":"product_cat-cocuk-ve-genclik-kitaplari","7":"pa_cilt-ciltsiz","8":"pa_tur-kitap","9":"pa_yayinevi-dogan-cocuk","10":"pa_yazar-claire-stamper","12":"first","13":"instock","14":"sale","15":"shipping-taxable","16":"purchasable","17":"product-type-simple"},"_links":{"self":[{"href":"https:\/\/roveyayinevi.com.tr\/index.php\/wp-json\/wp\/v2\/product\/736514","targetHints":{"allow":["GET"]}}],"collection":[{"href":"https:\/\/roveyayinevi.com.tr\/index.php\/wp-json\/wp\/v2\/product"}],"about":[{"href":"https:\/\/roveyayinevi.com.tr\/index.php\/wp-json\/wp\/v2\/types\/product"}],"wp:attachment":[{"href":"https:\/\/roveyayinevi.com.tr\/index.php\/wp-json\/wp\/v2\/media?parent=736514"}],"wp:term":[{"taxonomy":"product_brand","embeddable":true,"href":"https:\/\/roveyayinevi.com.tr\/index.php\/wp-json\/wp\/v2\/product_brand?post=736514"},{"taxonomy":"product_cat","embeddable":true,"href":"https:\/\/roveyayinevi.com.tr\/index.php\/wp-json\/wp\/v2\/product_cat?post=736514"},{"taxonomy":"product_tag","embeddable":true,"href":"https:\/\/roveyayinevi.com.tr\/index.php\/wp-json\/wp\/v2\/product_tag?post=736514"}],"curies":[{"name":"wp","href":"https:\/\/api.w.org\/{rel}","templated":true}]}}