{"id":736512,"date":"2025-08-27T23:09:27","date_gmt":"2025-08-27T20:09:27","guid":{"rendered":"https:\/\/roveyayinevi.com.tr\/index.php\/urun\/uzay-gezgini-tuf\/"},"modified":"2026-04-16T02:45:37","modified_gmt":"2026-04-15T23:45:37","slug":"uzay-gezgini-tuf","status":"publish","type":"product","link":"https:\/\/roveyayinevi.com.tr\/index.php\/urun\/uzay-gezgini-tuf\/","title":{"rendered":"Uzay Gezgini Tuf"},"content":{"rendered":"<p>Uzay Gezgini Tuf, \u00e7evrecilik ve mutlak g\u00fc\u00e7 \u00fczerine kara komik bir meditasyon; galaksinin her yerinde yard\u0131ma ihtiyac\u0131 olan gezegenlerin yan\u0131nda olmaya \u00e7al\u0131\u015fan al\u0131\u015f\u0131lmad\u0131k bir kahraman\u0131n, ilgin\u00e7 ve sevimli Haviland Tuf\u2019\u0131n hik\u00e2yesi&#8230;   Haviland Tuf son derece iri, vejetaryen, kedileri seven, d\u00fcr\u00fcst bir uzay t\u00fcccar\u0131yd\u0131. Peki nas\u0131l oldu da evrenin sunabilece\u011fi en ac\u0131mas\u0131z k\u00f6t\u00fclerle rekabet halindeyken, D\u00fcnya\u2019n\u0131n efsanevi Ekoloji M\u00fchendisli\u011fi Te\u015fkilat\u0131\u2019n\u0131n son kal\u0131nt\u0131s\u0131n\u0131n; geli\u015fmi\u015f ekolojik m\u00fchendislik yetenekleri olan sava\u015f gemisi Ark\u2019\u0131n sahibi oldu? Bo\u015f verin, sadece gelmi\u015f ge\u00e7mi\u015f en g\u00fc\u00e7l\u00fc silah\u0131n emin ellerde oldu\u011funa \u015f\u00fckredin\u2026   \u201cGeorge R. R. Martin\u2019den her zaman en iyisini beklerim ve o her zaman bunu ba\u015far\u0131r.\u201d Robert Jordan   \u201cOkurlar\u0131n \u00f6n\u00fcnde Martin\u2019den harika bir ziyafet var&#8230; Duygusal olarak karma\u015f\u0131k, ustaca yaz\u0131lm\u0131\u015f.\u201d Newsday   \u201cMartin\u2019in \u00e7ok y\u00f6nl\u00fc yetene\u011finin yeni bir y\u00fcz\u00fc.\u201d Asimov\u2019s <\/p>\n","protected":false},"excerpt":{"rendered":"<p>Uzay Gezgini Tuf, \u00e7evrecilik ve mutlak g\u00fc\u00e7 \u00fczerine kara komik bir meditasyon; galaksinin her yerinde yard\u0131ma ihtiyac\u0131 olan gezegenlerin yan\u0131nda olmaya \u00e7al\u0131\u015fan al\u0131\u015f\u0131lmad\u0131k bir kahraman\u0131n, ilgin\u00e7<span class=\"excerpt-hellip\"> [\u2026]<\/span><\/p>\n","protected":false},"featured_media":0,"template":"","meta":{"_monsterinsights_skip_tracking":false,"_monsterinsights_sitenote_active":false,"_monsterinsights_sitenote_note":"","_monsterinsights_sitenote_category":0},"product_brand":[],"product_cat":[12540,12291],"product_tag":[],"class_list":{"0":"post-736512","1":"product","2":"type-product","3":"status-publish","5":"product_cat-bilim-kurgu","6":"product_cat-edebiyat","7":"pa_cilt-ciltsiz","8":"pa_tur-kitap","9":"pa_yayinevi-dex-yayinevi","10":"pa_yazar-george-r-r-martin","12":"first","13":"instock","14":"sale","15":"shipping-taxable","16":"purchasable","17":"product-type-simple"},"_links":{"self":[{"href":"https:\/\/roveyayinevi.com.tr\/index.php\/wp-json\/wp\/v2\/product\/736512","targetHints":{"allow":["GET"]}}],"collection":[{"href":"https:\/\/roveyayinevi.com.tr\/index.php\/wp-json\/wp\/v2\/product"}],"about":[{"href":"https:\/\/roveyayinevi.com.tr\/index.php\/wp-json\/wp\/v2\/types\/product"}],"wp:attachment":[{"href":"https:\/\/roveyayinevi.com.tr\/index.php\/wp-json\/wp\/v2\/media?parent=736512"}],"wp:term":[{"taxonomy":"product_brand","embeddable":true,"href":"https:\/\/roveyayinevi.com.tr\/index.php\/wp-json\/wp\/v2\/product_brand?post=736512"},{"taxonomy":"product_cat","embeddable":true,"href":"https:\/\/roveyayinevi.com.tr\/index.php\/wp-json\/wp\/v2\/product_cat?post=736512"},{"taxonomy":"product_tag","embeddable":true,"href":"https:\/\/roveyayinevi.com.tr\/index.php\/wp-json\/wp\/v2\/product_tag?post=736512"}],"curies":[{"name":"wp","href":"https:\/\/api.w.org\/{rel}","templated":true}]}}