{"id":736511,"date":"2025-08-27T23:09:26","date_gmt":"2025-08-27T20:09:26","guid":{"rendered":"https:\/\/roveyayinevi.com.tr\/index.php\/urun\/memlekette-tuhaf-zamanlar\/"},"modified":"2026-04-16T02:45:37","modified_gmt":"2026-04-15T23:45:37","slug":"memlekette-tuhaf-zamanlar","status":"publish","type":"product","link":"https:\/\/roveyayinevi.com.tr\/index.php\/urun\/memlekette-tuhaf-zamanlar\/","title":{"rendered":"Memlekette Tuhaf Zamanlar"},"content":{"rendered":"<p>Tuhaf zamanlar ya\u015f\u0131yoruz.  Kaotik, belirsiz, sisler i\u00e7inde&#8230; Ya\u015fad\u0131\u011f\u0131m\u0131z zaman hakikat-sonras\u0131ysa ger\u00e7e\u011fi bize kim s\u00f6yleyecek?   \u2022Ansiklopedi i\u00e7in kupon kesen bir toplumken, bilgiyi daha \u00e7ok mu \u00f6nemsiyorduk?  \u2022Kutupla\u015fma T\u00fcrkiye\u2019nin felaketi mi olacak? \u2022Bir belediye ba\u015fkan\u0131 ba\u015fkentin g\u00f6be\u011fine dev bir dinozor heykelini nas\u0131l dikti?  \u2022Televizyon dizilerinde kurulu\u015ftan \u00e7\u00f6k\u00fc\u015fe Osmanl\u0131 padi\u015fahlar\u0131 nas\u0131l Cumhurba\u015fkan\u0131 Erdo\u011fan\u2019a d\u00f6n\u00fc\u015ft\u00fc? \u2022Neden T\u00fcrkiye\u2019de trol olmak bile \u00e7ok zor?  \u2022\u015eaman k\u0131l\u0131\u011f\u0131ndaki Trump taraftarlar\u0131 Amerikan Kongresi\u2019ni neden bast\u0131?  \u2022\u201cYank\u0131 odalar\u0131ndaki\u201d ya\u015famla Ulus\u2019ta veya Ba\u015fak\u015fehir\u2019deki ya\u015fam aras\u0131nda fark var m\u0131?  \u2022\u201cKesin ya\u015fanm\u0131\u015ft\u0131r\u201dc\u0131l\u0131k hayatlar\u0131m\u0131za nas\u0131l h\u00e2kim oldu? \u202220 y\u0131ll\u0131k Erdo\u011fan iktidar\u0131, hakikatle ili\u015fkimizi nas\u0131l zay\u0131flatt\u0131? T\u00fcrkiye, her par\u00e7as\u0131yla, ger\u00e7eklik zemininden nas\u0131l uzakla\u015ft\u0131?   Daha onlarca soru\u2026 Tuhaf zamanlar\u0131n sorular\u0131\u2026 Ba\u015fta sosyal medya olmak \u00fczere internet, k\u00fcreselle\u015fme ve nihayet Covid-19 pandemisi d\u00fcnyay\u0131 geri d\u00f6n\u00fc\u015fs\u00fcz bir \u015fekilde de\u011fi\u015ftirdi. Siyasi yalanlar, komplo teorileri, safsatalar, masum uyar\u0131lar k\u0131l\u0131\u011f\u0131ndaki d\u00fczenbazl\u0131klar\u2026 Neyin do\u011fru neyin yanl\u0131\u015f oldu\u011funu ay\u0131rt etmekte zorlan\u0131yoruz. Bir\u00e7oklar\u0131 i\u00e7in art\u0131k bu ayr\u0131m\u0131 yapman\u0131n da \u00f6nemi kalmad\u0131. Bu d\u00f6neme \u201chakikat-sonras\u0131\u201d da deniyor.   Gazeteci yazar Yenal Bilgici, okuru bu tuhaf zamanlar\u0131n, T\u00fcrkiye\u2019yi ve d\u00fcnyay\u0131 temelinden sarsan bu hakikat-sonras\u0131 \u00e7a\u011f\u0131n\u0131n i\u00e7inde bir gezintiye \u00e7\u0131kar\u0131yor. <\/p>\n","protected":false},"excerpt":{"rendered":"<p>Tuhaf zamanlar ya\u015f\u0131yoruz. Kaotik, belirsiz, sisler i\u00e7inde&#8230; Ya\u015fad\u0131\u011f\u0131m\u0131z zaman hakikat-sonras\u0131ysa ger\u00e7e\u011fi bize kim s\u00f6yleyecek? \u2022Ansiklopedi i\u00e7in kupon kesen bir toplumken, bilgiyi daha \u00e7ok mu \u00f6nemsiyorduk? \u2022Kutupla\u015fma<span class=\"excerpt-hellip\"> [\u2026]<\/span><\/p>\n","protected":false},"featured_media":0,"template":"","meta":{"_monsterinsights_skip_tracking":false,"_monsterinsights_sitenote_active":false,"_monsterinsights_sitenote_note":"","_monsterinsights_sitenote_category":0},"product_brand":[],"product_cat":[13590,12337],"product_tag":[],"class_list":{"0":"post-736511","1":"product","2":"type-product","3":"status-publish","5":"product_cat-arastirma-inceleme-politika-siyaset","6":"product_cat-politika-siyaset","7":"pa_cilt-ciltsiz","8":"pa_tur-kitap","9":"pa_yayinevi-dogan-kitap","10":"pa_yazar-yenal-bilgici","12":"first","13":"instock","14":"sale","15":"shipping-taxable","16":"purchasable","17":"product-type-simple"},"_links":{"self":[{"href":"https:\/\/roveyayinevi.com.tr\/index.php\/wp-json\/wp\/v2\/product\/736511","targetHints":{"allow":["GET"]}}],"collection":[{"href":"https:\/\/roveyayinevi.com.tr\/index.php\/wp-json\/wp\/v2\/product"}],"about":[{"href":"https:\/\/roveyayinevi.com.tr\/index.php\/wp-json\/wp\/v2\/types\/product"}],"wp:attachment":[{"href":"https:\/\/roveyayinevi.com.tr\/index.php\/wp-json\/wp\/v2\/media?parent=736511"}],"wp:term":[{"taxonomy":"product_brand","embeddable":true,"href":"https:\/\/roveyayinevi.com.tr\/index.php\/wp-json\/wp\/v2\/product_brand?post=736511"},{"taxonomy":"product_cat","embeddable":true,"href":"https:\/\/roveyayinevi.com.tr\/index.php\/wp-json\/wp\/v2\/product_cat?post=736511"},{"taxonomy":"product_tag","embeddable":true,"href":"https:\/\/roveyayinevi.com.tr\/index.php\/wp-json\/wp\/v2\/product_tag?post=736511"}],"curies":[{"name":"wp","href":"https:\/\/api.w.org\/{rel}","templated":true}]}}