{"id":736510,"date":"2025-08-27T23:09:25","date_gmt":"2025-08-27T20:09:25","guid":{"rendered":"https:\/\/roveyayinevi.com.tr\/index.php\/urun\/amerika-atillaya-karsi\/"},"modified":"2026-04-16T02:45:37","modified_gmt":"2026-04-15T23:45:37","slug":"amerika-atillaya-karsi","status":"publish","type":"product","link":"https:\/\/roveyayinevi.com.tr\/index.php\/urun\/amerika-atillaya-karsi\/","title":{"rendered":"Amerika Atilla&#8217;ya Kar\u015f\u0131"},"content":{"rendered":"<p>\u201cT\u00fcnelin sonundaki \u0131\u015f\u0131\u011fa do\u011fru ilerlerken zaman duygusunu yitirmemek i\u00e7in yazd\u0131m.\u201d   Hakan Atilla, 2017 y\u0131l\u0131 bahar\u0131nda, New York JFK Havaliman\u0131\u2019nda FBI ajanlar\u0131 taraf\u0131ndan g\u00f6zalt\u0131na al\u0131naca\u011f\u0131ndan habersiz, meslekta\u015flar\u0131yla beraber s\u0131radan bir i\u015f gezisinden d\u00f6nmekteydi. Tutuklan\u0131p hapishaneye g\u00f6nderildi\u011finde, i\u00e7inde bulundu\u011fu zorlu ko\u015fullara ra\u011fmen ba\u015f\u0131ndan ge\u00e7enleri yazmaya ba\u015flad\u0131.   Atilla, ABD\u2019de tutuldu\u011fu farkl\u0131 hapishanelerde ya\u015fad\u0131klar\u0131n\u0131, tan\u0131\u015ft\u0131\u011f\u0131 insanlar\u0131, kar\u015f\u0131 kar\u015f\u0131ya kald\u0131\u011f\u0131 su\u00e7lamalar\u0131 ve dava s\u00fcrecini ilk kez bu kitapta anlat\u0131yor. Amerika Atilla\u2019ya Kar\u015f\u0131, kariyerinin zirvesindeki bankac\u0131n\u0131n hayata tutundu\u011fu iki bu\u00e7uk y\u0131l\u0131n etkileyici hik\u00e2yesi. <\/p>\n","protected":false},"excerpt":{"rendered":"<p>\u201cT\u00fcnelin sonundaki \u0131\u015f\u0131\u011fa do\u011fru ilerlerken zaman duygusunu yitirmemek i\u00e7in yazd\u0131m.\u201d Hakan Atilla, 2017 y\u0131l\u0131 bahar\u0131nda, New York JFK Havaliman\u0131\u2019nda FBI ajanlar\u0131 taraf\u0131ndan g\u00f6zalt\u0131na al\u0131naca\u011f\u0131ndan habersiz, meslekta\u015flar\u0131yla<span class=\"excerpt-hellip\"> [\u2026]<\/span><\/p>\n","protected":false},"featured_media":0,"template":"","meta":{"_monsterinsights_skip_tracking":false,"_monsterinsights_sitenote_active":false,"_monsterinsights_sitenote_note":"","_monsterinsights_sitenote_category":0},"product_brand":[],"product_cat":[13701,12291],"product_tag":[],"class_list":{"0":"post-736510","1":"product","2":"type-product","3":"status-publish","5":"product_cat-ani-mektup-gunluk","6":"product_cat-edebiyat","7":"pa_cilt-ciltsiz","8":"pa_tur-kitap","9":"pa_yayinevi-dogan-kitap","10":"pa_yazar-hakan-atilla","12":"first","13":"instock","14":"sale","15":"shipping-taxable","16":"purchasable","17":"product-type-simple"},"_links":{"self":[{"href":"https:\/\/roveyayinevi.com.tr\/index.php\/wp-json\/wp\/v2\/product\/736510","targetHints":{"allow":["GET"]}}],"collection":[{"href":"https:\/\/roveyayinevi.com.tr\/index.php\/wp-json\/wp\/v2\/product"}],"about":[{"href":"https:\/\/roveyayinevi.com.tr\/index.php\/wp-json\/wp\/v2\/types\/product"}],"wp:attachment":[{"href":"https:\/\/roveyayinevi.com.tr\/index.php\/wp-json\/wp\/v2\/media?parent=736510"}],"wp:term":[{"taxonomy":"product_brand","embeddable":true,"href":"https:\/\/roveyayinevi.com.tr\/index.php\/wp-json\/wp\/v2\/product_brand?post=736510"},{"taxonomy":"product_cat","embeddable":true,"href":"https:\/\/roveyayinevi.com.tr\/index.php\/wp-json\/wp\/v2\/product_cat?post=736510"},{"taxonomy":"product_tag","embeddable":true,"href":"https:\/\/roveyayinevi.com.tr\/index.php\/wp-json\/wp\/v2\/product_tag?post=736510"}],"curies":[{"name":"wp","href":"https:\/\/api.w.org\/{rel}","templated":true}]}}