{"id":736509,"date":"2025-08-27T23:09:23","date_gmt":"2025-08-27T20:09:23","guid":{"rendered":"https:\/\/roveyayinevi.com.tr\/index.php\/urun\/davetsiz-misafir-rehberi-2\/"},"modified":"2026-04-16T02:45:37","modified_gmt":"2026-04-15T23:45:37","slug":"davetsiz-misafir-rehberi-2","status":"publish","type":"product","link":"https:\/\/roveyayinevi.com.tr\/index.php\/urun\/davetsiz-misafir-rehberi-2\/","title":{"rendered":"Davetsiz Misafir Rehberi"},"content":{"rendered":"<p>Bir g\u00fcn kap\u0131 \u00e7ald\u0131 ve uzaklardan eski bir dostunuz size misafirli\u011fe geldi. Sak\u0131n pani\u011fe kap\u0131lmay\u0131n! Bu kitap sayesinde misafirinizi en iyi \u015fekilde a\u011f\u0131rlayacaks\u0131n\u0131z. Arad\u0131\u011f\u0131n\u0131z her \u015fey bu rehberde! <\/p>\n","protected":false},"excerpt":{"rendered":"<p>Bir g\u00fcn kap\u0131 \u00e7ald\u0131 ve uzaklardan eski bir dostunuz size misafirli\u011fe geldi. Sak\u0131n pani\u011fe kap\u0131lmay\u0131n! Bu kitap sayesinde misafirinizi en iyi \u015fekilde a\u011f\u0131rlayacaks\u0131n\u0131z. Arad\u0131\u011f\u0131n\u0131z her \u015fey<span class=\"excerpt-hellip\"> [\u2026]<\/span><\/p>\n","protected":false},"featured_media":0,"template":"","meta":{"_monsterinsights_skip_tracking":false,"_monsterinsights_sitenote_active":false,"_monsterinsights_sitenote_note":"","_monsterinsights_sitenote_category":0},"product_brand":[],"product_cat":[12274,12284],"product_tag":[],"class_list":{"0":"post-736509","1":"product","2":"type-product","3":"status-publish","5":"product_cat-cocuk-ve-genclik-kitaplari","6":"product_cat-hikayeler","7":"pa_cilt-ciltsiz","8":"pa_tur-kitap","9":"pa_yayinevi-dogan-cocuk","10":"pa_yazar-ozlem-fedai-korcak","12":"first","13":"instock","14":"sale","15":"shipping-taxable","16":"purchasable","17":"product-type-simple"},"_links":{"self":[{"href":"https:\/\/roveyayinevi.com.tr\/index.php\/wp-json\/wp\/v2\/product\/736509","targetHints":{"allow":["GET"]}}],"collection":[{"href":"https:\/\/roveyayinevi.com.tr\/index.php\/wp-json\/wp\/v2\/product"}],"about":[{"href":"https:\/\/roveyayinevi.com.tr\/index.php\/wp-json\/wp\/v2\/types\/product"}],"wp:attachment":[{"href":"https:\/\/roveyayinevi.com.tr\/index.php\/wp-json\/wp\/v2\/media?parent=736509"}],"wp:term":[{"taxonomy":"product_brand","embeddable":true,"href":"https:\/\/roveyayinevi.com.tr\/index.php\/wp-json\/wp\/v2\/product_brand?post=736509"},{"taxonomy":"product_cat","embeddable":true,"href":"https:\/\/roveyayinevi.com.tr\/index.php\/wp-json\/wp\/v2\/product_cat?post=736509"},{"taxonomy":"product_tag","embeddable":true,"href":"https:\/\/roveyayinevi.com.tr\/index.php\/wp-json\/wp\/v2\/product_tag?post=736509"}],"curies":[{"name":"wp","href":"https:\/\/api.w.org\/{rel}","templated":true}]}}