{"id":736506,"date":"2025-08-27T23:09:20","date_gmt":"2025-08-27T20:09:20","guid":{"rendered":"https:\/\/roveyayinevi.com.tr\/index.php\/urun\/annemin-karninda-ne-var\/"},"modified":"2026-04-16T02:45:36","modified_gmt":"2026-04-15T23:45:36","slug":"annemin-karninda-ne-var","status":"publish","type":"product","link":"https:\/\/roveyayinevi.com.tr\/index.php\/urun\/annemin-karninda-ne-var\/","title":{"rendered":"Annemin Karn\u0131nda Ne Var?"},"content":{"rendered":"<p>Annemin karn\u0131nda ne var acaba? Bir balon olabilir mi?   Karde\u015f bekleyen bir ufakl\u0131\u011f\u0131n merak ve heyecan dolu bekleyi\u015fini anlatan bu kitapta s\u00f6zc\u00fckler yok, birbirinden e\u011flenceli resimler var! <\/p>\n","protected":false},"excerpt":{"rendered":"<p>Annemin karn\u0131nda ne var acaba? Bir balon olabilir mi? Karde\u015f bekleyen bir ufakl\u0131\u011f\u0131n merak ve heyecan dolu bekleyi\u015fini anlatan bu kitapta s\u00f6zc\u00fckler yok, birbirinden e\u011flenceli resimler<span class=\"excerpt-hellip\"> [\u2026]<\/span><\/p>\n","protected":false},"featured_media":0,"template":"","meta":{"_monsterinsights_skip_tracking":false,"_monsterinsights_sitenote_active":false,"_monsterinsights_sitenote_note":"","_monsterinsights_sitenote_category":0},"product_brand":[],"product_cat":[12913,12274],"product_tag":[],"class_list":{"0":"post-736506","1":"product","2":"type-product","3":"status-publish","5":"product_cat-3-6-yas-kitaplari","6":"product_cat-cocuk-ve-genclik-kitaplari","7":"pa_cilt-ciltsiz","8":"pa_tur-kitap","9":"pa_yayinevi-beyaz-balina-yayinlari","10":"pa_yazar-patricia-martin","12":"first","13":"instock","14":"sale","15":"shipping-taxable","16":"purchasable","17":"product-type-simple"},"_links":{"self":[{"href":"https:\/\/roveyayinevi.com.tr\/index.php\/wp-json\/wp\/v2\/product\/736506","targetHints":{"allow":["GET"]}}],"collection":[{"href":"https:\/\/roveyayinevi.com.tr\/index.php\/wp-json\/wp\/v2\/product"}],"about":[{"href":"https:\/\/roveyayinevi.com.tr\/index.php\/wp-json\/wp\/v2\/types\/product"}],"wp:attachment":[{"href":"https:\/\/roveyayinevi.com.tr\/index.php\/wp-json\/wp\/v2\/media?parent=736506"}],"wp:term":[{"taxonomy":"product_brand","embeddable":true,"href":"https:\/\/roveyayinevi.com.tr\/index.php\/wp-json\/wp\/v2\/product_brand?post=736506"},{"taxonomy":"product_cat","embeddable":true,"href":"https:\/\/roveyayinevi.com.tr\/index.php\/wp-json\/wp\/v2\/product_cat?post=736506"},{"taxonomy":"product_tag","embeddable":true,"href":"https:\/\/roveyayinevi.com.tr\/index.php\/wp-json\/wp\/v2\/product_tag?post=736506"}],"curies":[{"name":"wp","href":"https:\/\/api.w.org\/{rel}","templated":true}]}}