{"id":736505,"date":"2025-08-27T23:09:19","date_gmt":"2025-08-27T20:09:19","guid":{"rendered":"https:\/\/roveyayinevi.com.tr\/index.php\/urun\/masallardaki-gibi-bir-yer\/"},"modified":"2026-04-16T02:45:36","modified_gmt":"2026-04-15T23:45:36","slug":"masallardaki-gibi-bir-yer","status":"publish","type":"product","link":"https:\/\/roveyayinevi.com.tr\/index.php\/urun\/masallardaki-gibi-bir-yer\/","title":{"rendered":"Masallardaki Gibi Bir Yer"},"content":{"rendered":"<p>William, Edmund ve Anna ad\u0131ndaki \u00fc\u00e7 karde\u015f, \u0130kinci D\u00fcnya Sava\u015f\u0131 s\u0131ras\u0131nda g\u00fcvenlik nedeniyle Londra\u2019dan tahliye edilip ge\u00e7ici olarak k\u0131rsal b\u00f6lgelerdeki ailelerin yan\u0131na yerle\u015ftirilecek olan \u00e7ocuklar\u0131n aras\u0131na kat\u0131l\u0131rlar. Ama onlar\u0131n arad\u0131\u011f\u0131 ge\u00e7ici de\u011fil, kal\u0131c\u0131 bir ailedir \u00e7\u00fcnk\u00fc onlar\u0131n birbirlerinden ba\u015fka kimseleri yoktur. Anne ve babalar\u0131n\u0131 \u00e7ok k\u00fc\u00e7\u00fck ya\u015fta kaybetmi\u015f olan \u00e7ocuklar, b\u00fcy\u00fckannelerinin de \u00f6l\u00fcm\u00fcyle birlikte sava\u015f\u0131n ortas\u0131nda kimsesiz kalm\u0131\u015ft\u0131r. Hat\u0131r\u0131 say\u0131l\u0131r miktarda bir mirasa sahip olsalar da bir vasileri yoktur. Kendilerine bir aile bulmaktan ba\u015fka \u00e7areleri olmayan \u00e7ocuklar aile avukatlar\u0131n\u0131n da nasihatiyle bir tren dolusu \u00e7ocukla birlikte uzaklardaki bir k\u00f6ye do\u011fru yola koyulurlar. Kim bilir belki de burada kendilerine t\u0131pk\u0131 hayallerindeki gibi bir aile bulabileceklerdir. Ama do\u011fru aileyi bulduklar\u0131ndan emin olana kadar bu planlar\u0131ndan kimseye bahsetmemeleri gerekmektedir. G\u00f6t\u00fcr\u00fcld\u00fckleri k\u00f6yde ev ev gezen \u00e7ocuklar arad\u0131klar\u0131 huzuru k\u00fc\u00e7\u00fck bir k\u00f6y k\u00fct\u00fcphanesinde bulurlar. A\u00e7l\u0131ktan, so\u011fuktan ve zorbal\u0131ktan ka\u00e7\u0131p s\u0131\u011f\u0131nd\u0131klar\u0131 bu yer onlar i\u00e7in s\u0131cak bir yuva gibidir, nazik k\u00fct\u00fcphaneci Bayan M\u00fcller de hayallerindeki anne. Acaba k\u00f6yl\u00fclerin bilinmeyen bir nedenden dolay\u0131 d\u0131\u015flad\u0131klar\u0131 Bayan M\u00fcller\u2019in kalbinde de hepsine yetecek kadar yer var m\u0131d\u0131r? <\/p>\n","protected":false},"excerpt":{"rendered":"<p>William, Edmund ve Anna ad\u0131ndaki \u00fc\u00e7 karde\u015f, \u0130kinci D\u00fcnya Sava\u015f\u0131 s\u0131ras\u0131nda g\u00fcvenlik nedeniyle Londra\u2019dan tahliye edilip ge\u00e7ici olarak k\u0131rsal b\u00f6lgelerdeki ailelerin yan\u0131na yerle\u015ftirilecek olan \u00e7ocuklar\u0131n aras\u0131na<span class=\"excerpt-hellip\"> [\u2026]<\/span><\/p>\n","protected":false},"featured_media":0,"template":"","meta":{"_monsterinsights_skip_tracking":false,"_monsterinsights_sitenote_active":false,"_monsterinsights_sitenote_note":"","_monsterinsights_sitenote_category":0},"product_brand":[],"product_cat":[12275,12274],"product_tag":[],"class_list":{"0":"post-736505","1":"product","2":"type-product","3":"status-publish","5":"product_cat-6-12-yas-kitaplari","6":"product_cat-cocuk-ve-genclik-kitaplari","7":"pa_cilt-ciltsiz","8":"pa_tur-kitap","9":"pa_yayinevi-beyaz-balina-yayinlari","10":"pa_yazar-kate-albus","12":"first","13":"instock","14":"sale","15":"shipping-taxable","16":"purchasable","17":"product-type-simple"},"_links":{"self":[{"href":"https:\/\/roveyayinevi.com.tr\/index.php\/wp-json\/wp\/v2\/product\/736505","targetHints":{"allow":["GET"]}}],"collection":[{"href":"https:\/\/roveyayinevi.com.tr\/index.php\/wp-json\/wp\/v2\/product"}],"about":[{"href":"https:\/\/roveyayinevi.com.tr\/index.php\/wp-json\/wp\/v2\/types\/product"}],"wp:attachment":[{"href":"https:\/\/roveyayinevi.com.tr\/index.php\/wp-json\/wp\/v2\/media?parent=736505"}],"wp:term":[{"taxonomy":"product_brand","embeddable":true,"href":"https:\/\/roveyayinevi.com.tr\/index.php\/wp-json\/wp\/v2\/product_brand?post=736505"},{"taxonomy":"product_cat","embeddable":true,"href":"https:\/\/roveyayinevi.com.tr\/index.php\/wp-json\/wp\/v2\/product_cat?post=736505"},{"taxonomy":"product_tag","embeddable":true,"href":"https:\/\/roveyayinevi.com.tr\/index.php\/wp-json\/wp\/v2\/product_tag?post=736505"}],"curies":[{"name":"wp","href":"https:\/\/api.w.org\/{rel}","templated":true}]}}