{"id":736503,"date":"2025-08-27T23:09:17","date_gmt":"2025-08-27T20:09:17","guid":{"rendered":"https:\/\/roveyayinevi.com.tr\/index.php\/urun\/dunyayi-bisikletle-dolasan-cocuk-3-asyadan-eve-yolculuk\/"},"modified":"2026-04-16T02:45:36","modified_gmt":"2026-04-15T23:45:36","slug":"dunyayi-bisikletle-dolasan-cocuk-3-asyadan-eve-yolculuk","status":"publish","type":"product","link":"https:\/\/roveyayinevi.com.tr\/index.php\/urun\/dunyayi-bisikletle-dolasan-cocuk-3-asyadan-eve-yolculuk\/","title":{"rendered":"D\u00fcnyay\u0131 Bisikletle Dola\u015fan \u00c7ocuk 3 &#8211; Asya&#8217;dan Eve Yolculuk"},"content":{"rendered":"<p>\u201cArt\u0131k eve d\u00f6n\u00fcyorum!\u201d   Uzun yolculukta sona gelindi. Bir iddia sonucu kendini bisikletle d\u00fcnya turunda bulan Tom art\u0131k eve d\u00f6n\u00fcyor. Ama evden h\u00e2l\u00e2 d\u00fcnyalar kadar uzakta. Evine, ailesine, rahat yata\u011f\u0131na d\u00f6nmeden \u00f6nce Rusya, Japonya ve \u00c7in\u2019de yol alacak; Asya\u2019dan Avrupa\u2019ya binlerce kilometre boyunca bisiklet s\u00fcrecek. Eve e\u015fsiz an\u0131larla d\u00f6nen Tom yolculu\u011funu tamamlad\u0131\u011f\u0131nda D\u00fcnyay\u0131 Bisikletle Dola\u015fan \u00c7ocuk olma hayalini de ger\u00e7ekle\u015ftirmi\u015f olacak. <\/p>\n","protected":false},"excerpt":{"rendered":"<p>\u201cArt\u0131k eve d\u00f6n\u00fcyorum!\u201d Uzun yolculukta sona gelindi. Bir iddia sonucu kendini bisikletle d\u00fcnya turunda bulan Tom art\u0131k eve d\u00f6n\u00fcyor. Ama evden h\u00e2l\u00e2 d\u00fcnyalar kadar uzakta. Evine,<span class=\"excerpt-hellip\"> [\u2026]<\/span><\/p>\n","protected":false},"featured_media":0,"template":"","meta":{"_monsterinsights_skip_tracking":false,"_monsterinsights_sitenote_active":false,"_monsterinsights_sitenote_note":"","_monsterinsights_sitenote_category":0},"product_brand":[],"product_cat":[12275,12274],"product_tag":[],"class_list":{"0":"post-736503","1":"product","2":"type-product","3":"status-publish","5":"product_cat-6-12-yas-kitaplari","6":"product_cat-cocuk-ve-genclik-kitaplari","7":"pa_cilt-ciltsiz","8":"pa_tur-kitap","9":"pa_yayinevi-beyaz-balina-yayinlari","10":"pa_yazar-alastair-humphreys","12":"first","13":"instock","14":"sale","15":"shipping-taxable","16":"purchasable","17":"product-type-simple"},"_links":{"self":[{"href":"https:\/\/roveyayinevi.com.tr\/index.php\/wp-json\/wp\/v2\/product\/736503","targetHints":{"allow":["GET"]}}],"collection":[{"href":"https:\/\/roveyayinevi.com.tr\/index.php\/wp-json\/wp\/v2\/product"}],"about":[{"href":"https:\/\/roveyayinevi.com.tr\/index.php\/wp-json\/wp\/v2\/types\/product"}],"wp:attachment":[{"href":"https:\/\/roveyayinevi.com.tr\/index.php\/wp-json\/wp\/v2\/media?parent=736503"}],"wp:term":[{"taxonomy":"product_brand","embeddable":true,"href":"https:\/\/roveyayinevi.com.tr\/index.php\/wp-json\/wp\/v2\/product_brand?post=736503"},{"taxonomy":"product_cat","embeddable":true,"href":"https:\/\/roveyayinevi.com.tr\/index.php\/wp-json\/wp\/v2\/product_cat?post=736503"},{"taxonomy":"product_tag","embeddable":true,"href":"https:\/\/roveyayinevi.com.tr\/index.php\/wp-json\/wp\/v2\/product_tag?post=736503"}],"curies":[{"name":"wp","href":"https:\/\/api.w.org\/{rel}","templated":true}]}}