{"id":736500,"date":"2025-08-27T23:09:14","date_gmt":"2025-08-27T20:09:14","guid":{"rendered":"https:\/\/roveyayinevi.com.tr\/index.php\/urun\/edebiyatta-kadin-ve-evlilik\/"},"modified":"2026-04-16T02:45:36","modified_gmt":"2026-04-15T23:45:36","slug":"edebiyatta-kadin-ve-evlilik","status":"publish","type":"product","link":"https:\/\/roveyayinevi.com.tr\/index.php\/urun\/edebiyatta-kadin-ve-evlilik\/","title":{"rendered":"Edebiyatta Kad\u0131n Ve Evlilik"},"content":{"rendered":"<p>Derdin yoksa s\u00f6ylen,borcun yoksa evlen. Evi ev eden avrat,yurdu \u015fen eden devlet. \u0130yi kad\u0131n yuva yapar,k\u00f6t\u00fcs\u00fc de yuva y\u0131kar. Ana k\u0131z\u0131na taht kurar,k\u0131z baht\u0131 kocada arar. Kocana g\u00f6re ba\u011fla ba\u015f\u0131n\u0131,harc\u0131na g\u00f6re pi\u015fir a\u015f\u0131n\u0131. Davul bile dengi dengine \u00e7alar. Erkek getirmeyi,kad\u0131n yetirmeyi bilmeli. Bir eve bir baca,bir kad\u0131na bir koca. Kenar\u0131na bak bezini al,anas\u0131na bak k\u0131z\u0131n\u0131 al. Ev alana ve evlenene Allah yard\u0131m eder\u2026<\/p>\n","protected":false},"excerpt":{"rendered":"<p>Derdin yoksa s\u00f6ylen,borcun yoksa evlen. Evi ev eden avrat,yurdu \u015fen eden devlet. \u0130yi kad\u0131n yuva yapar,k\u00f6t\u00fcs\u00fc de yuva y\u0131kar. Ana k\u0131z\u0131na taht kurar,k\u0131z baht\u0131 kocada arar.<span class=\"excerpt-hellip\"> [\u2026]<\/span><\/p>\n","protected":false},"featured_media":0,"template":"","meta":{"_monsterinsights_skip_tracking":false,"_monsterinsights_sitenote_active":false,"_monsterinsights_sitenote_note":"","_monsterinsights_sitenote_category":0},"product_brand":[],"product_cat":[13072,12291],"product_tag":[],"class_list":{"0":"post-736500","1":"product","2":"type-product","3":"status-publish","5":"product_cat-arastirma-inceleme-referans","6":"product_cat-edebiyat","7":"pa_cilt-ciltsiz","8":"pa_tur-kitap","9":"pa_yayinevi-bilgin-kultur-sanat","10":"pa_yazar-ayten-er-yavuz-celik","12":"first","13":"instock","14":"sale","15":"shipping-taxable","16":"purchasable","17":"product-type-simple"},"_links":{"self":[{"href":"https:\/\/roveyayinevi.com.tr\/index.php\/wp-json\/wp\/v2\/product\/736500","targetHints":{"allow":["GET"]}}],"collection":[{"href":"https:\/\/roveyayinevi.com.tr\/index.php\/wp-json\/wp\/v2\/product"}],"about":[{"href":"https:\/\/roveyayinevi.com.tr\/index.php\/wp-json\/wp\/v2\/types\/product"}],"wp:attachment":[{"href":"https:\/\/roveyayinevi.com.tr\/index.php\/wp-json\/wp\/v2\/media?parent=736500"}],"wp:term":[{"taxonomy":"product_brand","embeddable":true,"href":"https:\/\/roveyayinevi.com.tr\/index.php\/wp-json\/wp\/v2\/product_brand?post=736500"},{"taxonomy":"product_cat","embeddable":true,"href":"https:\/\/roveyayinevi.com.tr\/index.php\/wp-json\/wp\/v2\/product_cat?post=736500"},{"taxonomy":"product_tag","embeddable":true,"href":"https:\/\/roveyayinevi.com.tr\/index.php\/wp-json\/wp\/v2\/product_tag?post=736500"}],"curies":[{"name":"wp","href":"https:\/\/api.w.org\/{rel}","templated":true}]}}