{"id":736497,"date":"2025-08-27T23:09:10","date_gmt":"2025-08-27T20:09:10","guid":{"rendered":"https:\/\/roveyayinevi.com.tr\/index.php\/urun\/hatalar-kitabi-ciltli\/"},"modified":"2026-04-16T02:45:36","modified_gmt":"2026-04-15T23:45:36","slug":"hatalar-kitabi-ciltli","status":"publish","type":"product","link":"https:\/\/roveyayinevi.com.tr\/index.php\/urun\/hatalar-kitabi-ciltli\/","title":{"rendered":"Hatalar Kitab\u0131 (Ciltli)"},"content":{"rendered":"<p>Ufak bir leke k\u00fc\u00e7\u00fck bir hata olabilirdi&#8230;Ya da b\u00fcy\u00fck bir fikrin bas\u0327lang\u0131c\u0131.Corrina Luyken\u2019in oyunlu metni ve b\u00fcy\u00fcleyici \u00e7izimlerine sahip Hatalar Kitab\u0131 yarat\u0131c\u0131l\u0131k ve kes\u0327fetmeye bir g\u00fczelleme\u2026Luyken, \u015fas\u0327\u0131rt\u0131c\u0131 basitlikteki hik\u00e2yesinde en b\u00fcy\u00fck acemiliklerin nas\u0131l parlak birer ilham k\u0131v\u0131lc\u0131m\u0131na d\u00f6n\u00fcs\u0327t\u00fcg\u0306\u00fcn\u00fc g\u00f6steriyor.Okurun d\u00fcnyay\u0131 ve ya\u015fam\u0131n ayr\u0131nt\u0131lar\u0131n\u0131 yepyeni bir bak\u0131\u015f a\u00e7\u0131s\u0131yla g\u00f6rmesini sa\u011flayan Hatalar Kitab\u0131, hata yapman\u0131n ne kadar besleyici olabilece\u011fini de g\u00f6steriyor.Hatalar Kitab\u0131, \u015fa\u015f\u0131rt\u0131c\u0131 \u00e7izimleri ve k\u0131sac\u0131k metniyle sadece k\u00fc\u00e7\u00fck ya\u015ftaki okurlar\u0131n de\u011fil yeti\u015fkinlerin de hayata bak\u0131\u015f\u0131n\u0131 de\u011fi\u015ftirecek, ya\u015f s\u0131n\u0131rlamas\u0131 olmayan bir kitap\u2026<\/p>\n","protected":false},"excerpt":{"rendered":"<p>Ufak bir leke k\u00fc\u00e7\u00fck bir hata olabilirdi&#8230;Ya da b\u00fcy\u00fck bir fikrin bas\u0327lang\u0131c\u0131.Corrina Luyken\u2019in oyunlu metni ve b\u00fcy\u00fcleyici \u00e7izimlerine sahip Hatalar Kitab\u0131 yarat\u0131c\u0131l\u0131k ve kes\u0327fetmeye bir g\u00fczelleme\u2026Luyken,<span class=\"excerpt-hellip\"> [\u2026]<\/span><\/p>\n","protected":false},"featured_media":0,"template":"","meta":{"_monsterinsights_skip_tracking":false,"_monsterinsights_sitenote_active":false,"_monsterinsights_sitenote_note":"","_monsterinsights_sitenote_category":0},"product_brand":[],"product_cat":[12275,12274],"product_tag":[],"class_list":{"0":"post-736497","1":"product","2":"type-product","3":"status-publish","5":"product_cat-6-12-yas-kitaplari","6":"product_cat-cocuk-ve-genclik-kitaplari","7":"pa_cilt-ciltli","8":"pa_tur-kitap","9":"pa_yayinevi-abm-yayinevi","10":"pa_yazar-corinna-luyken","12":"first","13":"instock","14":"sale","15":"shipping-taxable","16":"purchasable","17":"product-type-simple"},"_links":{"self":[{"href":"https:\/\/roveyayinevi.com.tr\/index.php\/wp-json\/wp\/v2\/product\/736497","targetHints":{"allow":["GET"]}}],"collection":[{"href":"https:\/\/roveyayinevi.com.tr\/index.php\/wp-json\/wp\/v2\/product"}],"about":[{"href":"https:\/\/roveyayinevi.com.tr\/index.php\/wp-json\/wp\/v2\/types\/product"}],"wp:attachment":[{"href":"https:\/\/roveyayinevi.com.tr\/index.php\/wp-json\/wp\/v2\/media?parent=736497"}],"wp:term":[{"taxonomy":"product_brand","embeddable":true,"href":"https:\/\/roveyayinevi.com.tr\/index.php\/wp-json\/wp\/v2\/product_brand?post=736497"},{"taxonomy":"product_cat","embeddable":true,"href":"https:\/\/roveyayinevi.com.tr\/index.php\/wp-json\/wp\/v2\/product_cat?post=736497"},{"taxonomy":"product_tag","embeddable":true,"href":"https:\/\/roveyayinevi.com.tr\/index.php\/wp-json\/wp\/v2\/product_tag?post=736497"}],"curies":[{"name":"wp","href":"https:\/\/api.w.org\/{rel}","templated":true}]}}