{"id":736495,"date":"2025-08-27T23:09:08","date_gmt":"2025-08-27T20:09:08","guid":{"rendered":"https:\/\/roveyayinevi.com.tr\/index.php\/urun\/yogayi-seviyorum\/"},"modified":"2026-03-08T02:56:29","modified_gmt":"2026-03-07T23:56:29","slug":"yogayi-seviyorum","status":"publish","type":"product","link":"https:\/\/roveyayinevi.com.tr\/index.php\/urun\/yogayi-seviyorum\/","title":{"rendered":"Yogay\u0131 Seviyorum!"},"content":{"rendered":"<p>Yogay\u0131 Seviyorum!Abm Yay\u0131nevi\u2019nin yeni serisi Sa\u011fl\u0131kl\u0131 Ya\u015f\u0131yorum\u2019un ilk kitab\u0131 Yogay\u0131 Seviyorum, yoga pozlar\u0131 \u00e7er\u00e7evesinde \u00e7ocuklara bir aslan gibi k\u00fckremeyi, bir da\u011f gibi dimdik durmay\u0131, bir yay kadar gergin olmay\u0131 g\u00f6sterirken, \u00e7ocuklar\u0131n g\u00fcnl\u00fck olarak zevkle yapacaklar\u0131 bir aktivite \u00f6nerisinde bulunuyor.Kendisi de \u00e7ocuklarla birlikte yoga yapan Ezgi Berk\u2019in kaleminden \u00e7\u0131kma Yogay\u0131 Seviyorum, \u00e7ocuklara e\u011flenceli bir dille yogay\u0131 sevdirmeyi hedefliyor. Rukiye Ulusan\u2019\u0131n \u00e7arp\u0131c\u0131 \u00e7izimleriyle hayat bulan bu kitap, 14 yoga pozunun k\u00fc\u00e7\u00fck \u00e7ocuklar\u0131n resimlere bakarak kopyalamas\u0131 \u00fczerine kurulu. Basit aktivitelerle ba\u015flayan kitap, ilerledik\u00e7e minik okuyucular\u0131n pozlar\u0131 do\u011fru ve seri \u015fekilde uygulayabilecekleri bir rutine girebilmesine yard\u0131mc\u0131 oluyor.Yogay\u0131 Seviyorum\u2019un okuyucular\u0131 kitab\u0131n kahraman\u0131 ve sevimli yak\u0131n dostu maymunun g\u00f6sterdi\u011fi do\u011fa ve hayvanlardan esinlenen yoga pozlar\u0131n\u0131 deneyimlerken \u00e7ok e\u011flenecekler. \u00dcstelik kitab\u0131n i\u00e7inde minik yogac\u0131lar\u0131 bir de s\u00fcrpriz bekliyor; yogan\u0131n en temel hareket serilerinden biri olan G\u00fcne\u015fi Selamlama, poster format\u0131nda okuyuculara HED\u0130YE !<\/p>\n","protected":false},"excerpt":{"rendered":"<p>Yogay\u0131 Seviyorum!Abm Yay\u0131nevi\u2019nin yeni serisi Sa\u011fl\u0131kl\u0131 Ya\u015f\u0131yorum\u2019un ilk kitab\u0131 Yogay\u0131 Seviyorum, yoga pozlar\u0131 \u00e7er\u00e7evesinde \u00e7ocuklara bir aslan gibi k\u00fckremeyi, bir da\u011f gibi dimdik durmay\u0131, bir yay<span class=\"excerpt-hellip\"> [\u2026]<\/span><\/p>\n","protected":false},"featured_media":0,"template":"","meta":{"_monsterinsights_skip_tracking":false,"_monsterinsights_sitenote_active":false,"_monsterinsights_sitenote_note":"","_monsterinsights_sitenote_category":0},"product_brand":[],"product_cat":[12275,12274],"product_tag":[],"class_list":{"0":"post-736495","1":"product","2":"type-product","3":"status-publish","5":"product_cat-6-12-yas-kitaplari","6":"product_cat-cocuk-ve-genclik-kitaplari","7":"pa_cilt-ciltsiz","8":"pa_tur-kitap","9":"pa_yayinevi-abm-yayinevi","10":"pa_yazar-ezgi-berk","12":"first","13":"instock","14":"sale","15":"shipping-taxable","16":"purchasable","17":"product-type-simple"},"_links":{"self":[{"href":"https:\/\/roveyayinevi.com.tr\/index.php\/wp-json\/wp\/v2\/product\/736495","targetHints":{"allow":["GET"]}}],"collection":[{"href":"https:\/\/roveyayinevi.com.tr\/index.php\/wp-json\/wp\/v2\/product"}],"about":[{"href":"https:\/\/roveyayinevi.com.tr\/index.php\/wp-json\/wp\/v2\/types\/product"}],"wp:attachment":[{"href":"https:\/\/roveyayinevi.com.tr\/index.php\/wp-json\/wp\/v2\/media?parent=736495"}],"wp:term":[{"taxonomy":"product_brand","embeddable":true,"href":"https:\/\/roveyayinevi.com.tr\/index.php\/wp-json\/wp\/v2\/product_brand?post=736495"},{"taxonomy":"product_cat","embeddable":true,"href":"https:\/\/roveyayinevi.com.tr\/index.php\/wp-json\/wp\/v2\/product_cat?post=736495"},{"taxonomy":"product_tag","embeddable":true,"href":"https:\/\/roveyayinevi.com.tr\/index.php\/wp-json\/wp\/v2\/product_tag?post=736495"}],"curies":[{"name":"wp","href":"https:\/\/api.w.org\/{rel}","templated":true}]}}