{"id":736494,"date":"2025-08-27T23:09:07","date_gmt":"2025-08-27T20:09:07","guid":{"rendered":"https:\/\/roveyayinevi.com.tr\/index.php\/urun\/kelime-hazinem-serisi-sec-oyna-ogren-kartlari\/"},"modified":"2026-04-16T02:45:36","modified_gmt":"2026-04-15T23:45:36","slug":"kelime-hazinem-serisi-sec-oyna-ogren-kartlari","status":"publish","type":"product","link":"https:\/\/roveyayinevi.com.tr\/index.php\/urun\/kelime-hazinem-serisi-sec-oyna-ogren-kartlari\/","title":{"rendered":"Kelime Hazinem Serisi &#8211; Se\u00e7, Oyna, \u00d6\u011fren Kartlar\u0131"},"content":{"rendered":"<p>Se\u00e7 Oyna Kelime Kartlar\u0131, \u00e7ocuklar\u0131n\u0131za E\u015f ve Z\u0131t Anlaml\u0131 Kelimeleri oyunlar e\u015fli\u011finde tan\u0131tman\u0131za yard\u0131mc\u0131 olacak. Destede bulunan:50 e\u015f anlaml\u0131 kelime64 z\u0131t anlaml\u0131 kelime ve kelimeleri birle\u015ftirmede yard\u0131mc\u0131 olarak kullan\u0131labilecek14 fiil kart\u0131n\u0131 verdi\u011fimiz oyun \u00f6nerileri uygulayarak \u00e7ocuklar\u0131n\u0131z\u0131n bir yandan temel kavramlar\u0131 \u00f6\u011frenmelerine yard\u0131mc\u0131 olabilir bir yandan da e\u011flenceli vakit ge\u00e7irebilirsiniz.E\u015f ve z\u0131t anlaml\u0131 kelimeleri \u00f6\u011frenmek hi\u00e7 bu kadar e\u011flenceli olmam\u0131\u015ft\u0131.<\/p>\n","protected":false},"excerpt":{"rendered":"<p>Se\u00e7 Oyna Kelime Kartlar\u0131, \u00e7ocuklar\u0131n\u0131za E\u015f ve Z\u0131t Anlaml\u0131 Kelimeleri oyunlar e\u015fli\u011finde tan\u0131tman\u0131za yard\u0131mc\u0131 olacak. Destede bulunan:50 e\u015f anlaml\u0131 kelime64 z\u0131t anlaml\u0131 kelime ve kelimeleri birle\u015ftirmede<span class=\"excerpt-hellip\"> [\u2026]<\/span><\/p>\n","protected":false},"featured_media":0,"template":"","meta":{"_monsterinsights_skip_tracking":false,"_monsterinsights_sitenote_active":false,"_monsterinsights_sitenote_note":"","_monsterinsights_sitenote_category":0},"product_brand":[],"product_cat":[12274,17859],"product_tag":[],"class_list":{"0":"post-736494","1":"product","2":"type-product","3":"status-publish","5":"product_cat-cocuk-ve-genclik-kitaplari","6":"product_cat-oyun-kitaplari","7":"pa_cilt-ciltsiz","8":"pa_tur-kitap","9":"pa_yayinevi-abm-yayinevi","10":"pa_yazar-kolektif","12":"first","13":"instock","14":"sale","15":"shipping-taxable","16":"purchasable","17":"product-type-simple"},"_links":{"self":[{"href":"https:\/\/roveyayinevi.com.tr\/index.php\/wp-json\/wp\/v2\/product\/736494","targetHints":{"allow":["GET"]}}],"collection":[{"href":"https:\/\/roveyayinevi.com.tr\/index.php\/wp-json\/wp\/v2\/product"}],"about":[{"href":"https:\/\/roveyayinevi.com.tr\/index.php\/wp-json\/wp\/v2\/types\/product"}],"wp:attachment":[{"href":"https:\/\/roveyayinevi.com.tr\/index.php\/wp-json\/wp\/v2\/media?parent=736494"}],"wp:term":[{"taxonomy":"product_brand","embeddable":true,"href":"https:\/\/roveyayinevi.com.tr\/index.php\/wp-json\/wp\/v2\/product_brand?post=736494"},{"taxonomy":"product_cat","embeddable":true,"href":"https:\/\/roveyayinevi.com.tr\/index.php\/wp-json\/wp\/v2\/product_cat?post=736494"},{"taxonomy":"product_tag","embeddable":true,"href":"https:\/\/roveyayinevi.com.tr\/index.php\/wp-json\/wp\/v2\/product_tag?post=736494"}],"curies":[{"name":"wp","href":"https:\/\/api.w.org\/{rel}","templated":true}]}}