{"id":736492,"date":"2025-08-27T23:09:05","date_gmt":"2025-08-27T20:09:05","guid":{"rendered":"https:\/\/roveyayinevi.com.tr\/index.php\/urun\/alexander-ve-oyuncak-fare\/"},"modified":"2026-04-16T02:45:36","modified_gmt":"2026-04-15T23:45:36","slug":"alexander-ve-oyuncak-fare","status":"publish","type":"product","link":"https:\/\/roveyayinevi.com.tr\/index.php\/urun\/alexander-ve-oyuncak-fare\/","title":{"rendered":"Alexander ve Oyuncak Fare"},"content":{"rendered":"<p>Lionni yine bir \u00e7e\u015fit sihir yap\u0131yor, b\u00fcy\u00fcleniyoruz. T\u0131pk\u0131 \u00f6yk\u00fcm\u00fczdeki tatl\u0131 kertenkele gibi reng\u00e2renk sihirleri\u2026 Caldecott Onur \u00d6d\u00fcl\u00fc sahibi bu sevecen kitap bir olmaya, kar\u015f\u0131m\u0131zdakini anlamaya, iyilikle ye\u015fermeye en \u00e7ok ihtiya\u00e7 duydu\u011fumuz g\u00fcnlerde taptaze \u00e7i\u00e7ek demetleri uzat\u0131yor hepimize. Biz de kabul ettik ve soruyoruz: Sevdikleriniz i\u00e7in nelerden vazge\u00e7erdiniz? Fare Alexander \u00e7ok mutsuz. Neden mi? Onu g\u00f6r\u00fcnce herkes \u00e7\u0131\u011fl\u0131\u011f\u0131 bas\u0131yor, ka\u00e7\u0131yor da ondan. B\u00f6yle olunca sevgisiz kal\u0131yor minik faremiz, hep \u00fczg\u00fcn. Derken ba\u015fka bir fareyle kar\u015f\u0131la\u015f\u0131yor. Bu bir oyuncak fare\u2026 Herkes onu \u00e7ok seviyor. Peki, Alexander da bir oyuncak fare olsa b\u00f6ylesine sevilir mi? <\/p>\n","protected":false},"excerpt":{"rendered":"<p>Lionni yine bir \u00e7e\u015fit sihir yap\u0131yor, b\u00fcy\u00fcleniyoruz. T\u0131pk\u0131 \u00f6yk\u00fcm\u00fczdeki tatl\u0131 kertenkele gibi reng\u00e2renk sihirleri\u2026 Caldecott Onur \u00d6d\u00fcl\u00fc sahibi bu sevecen kitap bir olmaya, kar\u015f\u0131m\u0131zdakini anlamaya, iyilikle<span class=\"excerpt-hellip\"> [\u2026]<\/span><\/p>\n","protected":false},"featured_media":0,"template":"","meta":{"_monsterinsights_skip_tracking":false,"_monsterinsights_sitenote_active":false,"_monsterinsights_sitenote_note":"","_monsterinsights_sitenote_category":0},"product_brand":[],"product_cat":[12274,12518],"product_tag":[],"class_list":{"0":"post-736492","1":"product","2":"type-product","3":"status-publish","5":"product_cat-cocuk-ve-genclik-kitaplari","6":"product_cat-okul-oncesi-kitaplar","7":"pa_cilt-ciltsiz","8":"pa_tur-kitap","9":"pa_yayinevi-elma-cocuk","10":"pa_yazar-leo-lionni","12":"first","13":"instock","14":"sale","15":"shipping-taxable","16":"purchasable","17":"product-type-simple"},"_links":{"self":[{"href":"https:\/\/roveyayinevi.com.tr\/index.php\/wp-json\/wp\/v2\/product\/736492","targetHints":{"allow":["GET"]}}],"collection":[{"href":"https:\/\/roveyayinevi.com.tr\/index.php\/wp-json\/wp\/v2\/product"}],"about":[{"href":"https:\/\/roveyayinevi.com.tr\/index.php\/wp-json\/wp\/v2\/types\/product"}],"wp:attachment":[{"href":"https:\/\/roveyayinevi.com.tr\/index.php\/wp-json\/wp\/v2\/media?parent=736492"}],"wp:term":[{"taxonomy":"product_brand","embeddable":true,"href":"https:\/\/roveyayinevi.com.tr\/index.php\/wp-json\/wp\/v2\/product_brand?post=736492"},{"taxonomy":"product_cat","embeddable":true,"href":"https:\/\/roveyayinevi.com.tr\/index.php\/wp-json\/wp\/v2\/product_cat?post=736492"},{"taxonomy":"product_tag","embeddable":true,"href":"https:\/\/roveyayinevi.com.tr\/index.php\/wp-json\/wp\/v2\/product_tag?post=736492"}],"curies":[{"name":"wp","href":"https:\/\/api.w.org\/{rel}","templated":true}]}}