{"id":736491,"date":"2025-08-27T23:09:04","date_gmt":"2025-08-27T20:09:04","guid":{"rendered":"https:\/\/roveyayinevi.com.tr\/index.php\/urun\/1-2-3-sayilari-kesfet\/"},"modified":"2026-04-16T02:45:36","modified_gmt":"2026-04-15T23:45:36","slug":"1-2-3-sayilari-kesfet","status":"publish","type":"product","link":"https:\/\/roveyayinevi.com.tr\/index.php\/urun\/1-2-3-sayilari-kesfet\/","title":{"rendered":"1, 2, 3 Say\u0131lar\u0131 Ke\u015ffet!"},"content":{"rendered":"<p>\u0130lk Say\u0131lar\u0131m\u0131 \u00d6\u011freniyorum 1, 2, 3 Say\u0131lar\u0131 Ke\u015ffet! 3\u20134 ya\u015f\u0131ndaki \u00e7ocuklar\u0131n 1\u2019den 10\u2019a kadar say\u0131lar\u0131 \u00f6\u011frenmelerini ama\u00e7layan bir etkinlik kitab\u0131d\u0131r. \u00c7ocuklar ilk say\u0131lar\u0131n\u0131 boyama, e\u015fle\u015ftirme, fark bulma gibi al\u0131\u015ft\u0131rmalarla birlikte e\u011flenerek \u00f6\u011frenecekler. \u2022 Bili\u015fsel geli\u015fime katk\u0131 \u2022 \u0130nce motor becerilerine destek \u2022 Dikkat toplama becerisi <\/p>\n","protected":false},"excerpt":{"rendered":"<p>\u0130lk Say\u0131lar\u0131m\u0131 \u00d6\u011freniyorum 1, 2, 3 Say\u0131lar\u0131 Ke\u015ffet! 3\u20134 ya\u015f\u0131ndaki \u00e7ocuklar\u0131n 1\u2019den 10\u2019a kadar say\u0131lar\u0131 \u00f6\u011frenmelerini ama\u00e7layan bir etkinlik kitab\u0131d\u0131r. \u00c7ocuklar ilk say\u0131lar\u0131n\u0131 boyama, e\u015fle\u015ftirme, fark<span class=\"excerpt-hellip\"> [\u2026]<\/span><\/p>\n","protected":false},"featured_media":0,"template":"","meta":{"_monsterinsights_skip_tracking":false,"_monsterinsights_sitenote_active":false,"_monsterinsights_sitenote_note":"","_monsterinsights_sitenote_category":0},"product_brand":[],"product_cat":[12274,12518],"product_tag":[],"class_list":{"0":"post-736491","1":"product","2":"type-product","3":"status-publish","5":"product_cat-cocuk-ve-genclik-kitaplari","6":"product_cat-okul-oncesi-kitaplar","7":"pa_cilt-ciltsiz","8":"pa_tur-kitap","9":"pa_yayinevi-is-bankasi-kultur-yayinlari","10":"pa_yazar-andrea-weller-essers","12":"first","13":"instock","14":"sale","15":"shipping-taxable","16":"purchasable","17":"product-type-simple"},"_links":{"self":[{"href":"https:\/\/roveyayinevi.com.tr\/index.php\/wp-json\/wp\/v2\/product\/736491","targetHints":{"allow":["GET"]}}],"collection":[{"href":"https:\/\/roveyayinevi.com.tr\/index.php\/wp-json\/wp\/v2\/product"}],"about":[{"href":"https:\/\/roveyayinevi.com.tr\/index.php\/wp-json\/wp\/v2\/types\/product"}],"wp:attachment":[{"href":"https:\/\/roveyayinevi.com.tr\/index.php\/wp-json\/wp\/v2\/media?parent=736491"}],"wp:term":[{"taxonomy":"product_brand","embeddable":true,"href":"https:\/\/roveyayinevi.com.tr\/index.php\/wp-json\/wp\/v2\/product_brand?post=736491"},{"taxonomy":"product_cat","embeddable":true,"href":"https:\/\/roveyayinevi.com.tr\/index.php\/wp-json\/wp\/v2\/product_cat?post=736491"},{"taxonomy":"product_tag","embeddable":true,"href":"https:\/\/roveyayinevi.com.tr\/index.php\/wp-json\/wp\/v2\/product_tag?post=736491"}],"curies":[{"name":"wp","href":"https:\/\/api.w.org\/{rel}","templated":true}]}}