{"id":736488,"date":"2025-08-27T23:09:01","date_gmt":"2025-08-27T20:09:01","guid":{"rendered":"https:\/\/roveyayinevi.com.tr\/index.php\/urun\/iste-mert-cilgin-kuzenler\/"},"modified":"2026-04-16T02:45:36","modified_gmt":"2026-04-15T23:45:36","slug":"iste-mert-cilgin-kuzenler","status":"publish","type":"product","link":"https:\/\/roveyayinevi.com.tr\/index.php\/urun\/iste-mert-cilgin-kuzenler\/","title":{"rendered":"\u0130\u015fte Mert! &#8211; \u00c7\u0131lg\u0131n Kuzenler"},"content":{"rendered":"<p>KAZANIMLAR SER\u0130S\u0130   Mert, bug\u00fcn biraz keyifsiz. B\u00f6yle g\u00fcnlerde yaln\u0131z kalmak istiyor. Ama afacan kuzenleri misafirli\u011fe geliyor. Bakal\u0131m \u00e7\u0131lg\u0131n kuzenlerin ziyareti nas\u0131l ge\u00e7ecek? iyimser olman\u0131n \u00f6nemini anlatan, harika bir hik\u00e2ye! <\/p>\n","protected":false},"excerpt":{"rendered":"<p>KAZANIMLAR SER\u0130S\u0130 Mert, bug\u00fcn biraz keyifsiz. B\u00f6yle g\u00fcnlerde yaln\u0131z kalmak istiyor. Ama afacan kuzenleri misafirli\u011fe geliyor. Bakal\u0131m \u00e7\u0131lg\u0131n kuzenlerin ziyareti nas\u0131l ge\u00e7ecek? iyimser olman\u0131n \u00f6nemini anlatan,<span class=\"excerpt-hellip\"> [\u2026]<\/span><\/p>\n","protected":false},"featured_media":0,"template":"","meta":{"_monsterinsights_skip_tracking":false,"_monsterinsights_sitenote_active":false,"_monsterinsights_sitenote_note":"","_monsterinsights_sitenote_category":0},"product_brand":[],"product_cat":[12274,12518],"product_tag":[],"class_list":{"0":"post-736488","1":"product","2":"type-product","3":"status-publish","5":"product_cat-cocuk-ve-genclik-kitaplari","6":"product_cat-okul-oncesi-kitaplar","7":"pa_cilt-ciltsiz","8":"pa_tur-kitap","9":"pa_yayinevi-is-bankasi-kultur-yayinlari","10":"pa_yazar-sally-rippin","12":"first","13":"instock","14":"sale","15":"shipping-taxable","16":"purchasable","17":"product-type-simple"},"_links":{"self":[{"href":"https:\/\/roveyayinevi.com.tr\/index.php\/wp-json\/wp\/v2\/product\/736488","targetHints":{"allow":["GET"]}}],"collection":[{"href":"https:\/\/roveyayinevi.com.tr\/index.php\/wp-json\/wp\/v2\/product"}],"about":[{"href":"https:\/\/roveyayinevi.com.tr\/index.php\/wp-json\/wp\/v2\/types\/product"}],"wp:attachment":[{"href":"https:\/\/roveyayinevi.com.tr\/index.php\/wp-json\/wp\/v2\/media?parent=736488"}],"wp:term":[{"taxonomy":"product_brand","embeddable":true,"href":"https:\/\/roveyayinevi.com.tr\/index.php\/wp-json\/wp\/v2\/product_brand?post=736488"},{"taxonomy":"product_cat","embeddable":true,"href":"https:\/\/roveyayinevi.com.tr\/index.php\/wp-json\/wp\/v2\/product_cat?post=736488"},{"taxonomy":"product_tag","embeddable":true,"href":"https:\/\/roveyayinevi.com.tr\/index.php\/wp-json\/wp\/v2\/product_tag?post=736488"}],"curies":[{"name":"wp","href":"https:\/\/api.w.org\/{rel}","templated":true}]}}