{"id":736486,"date":"2025-08-27T23:08:59","date_gmt":"2025-08-27T20:08:59","guid":{"rendered":"https:\/\/roveyayinevi.com.tr\/index.php\/urun\/iyiligin-ardinda\/"},"modified":"2026-04-16T02:45:36","modified_gmt":"2026-04-15T23:45:36","slug":"iyiligin-ardinda","status":"publish","type":"product","link":"https:\/\/roveyayinevi.com.tr\/index.php\/urun\/iyiligin-ardinda\/","title":{"rendered":"\u0130yili\u011fin Ard\u0131nda"},"content":{"rendered":"<p>D\u00fcnyada iyili\u011fi ve g\u00fczelli\u011fi di\u011fer b\u00fct\u00fcn k\u00f6t\u00fcl\u00fcklere muzaffer k\u0131lmak bir gayret meselesi. Bu kitap, o gayrete te\u015fvik i\u00e7indir. Bu kitap, ihtiya\u00e7 halinde &#8220;Haydi yapabilirsin!&#8221; y\u00fcreklendirmesi, bir s\u0131rt s\u0131vazlamas\u0131, bir i\u015faret fi\u015fe\u011fidir. \u0130yiligin ard\u0131nda kim var? Bir ser\u00e7eye avucundan su i\u00e7iren, bir yetimin g\u00fcl\u00fc\u015f\u00fcnde iz b\u0131rakan, \u015fifa \u00e7orbas\u0131yla kap\u0131 \u00e7alan, ya\u015fl\u0131 bir b\u00fcy\u00fc\u011f\u00fcn al\u0131\u015fveri\u015fini yapan, bag bah\u00e7e ye\u015ferten, bir ihtiya\u00e7 sahibinin bacas\u0131n\u0131 t\u00fctt\u00fcren, sesiyle kitaplara hayat veren, \u00e7atlam\u0131\u015f topraklarda su kuyular\u0131 a\u00e7\u0131p y\u00fcrekleri serinleten, g\u00f6n\u00fcller fetheden, el uzatan, uzanan eli tutan, tebess\u00fcm eden, insan olman\u0131n s\u0131rr\u0131n\u0131 arayan, insan kalman\u0131n gayretinde olan, kalbe inanan&#8230; \u0130yili\u011fin ard\u0131nda, sen vars\u0131n.<\/p>\n","protected":false},"excerpt":{"rendered":"<p>D\u00fcnyada iyili\u011fi ve g\u00fczelli\u011fi di\u011fer b\u00fct\u00fcn k\u00f6t\u00fcl\u00fcklere muzaffer k\u0131lmak bir gayret meselesi. Bu kitap, o gayrete te\u015fvik i\u00e7indir. Bu kitap, ihtiya\u00e7 halinde &#8220;Haydi yapabilirsin!&#8221; y\u00fcreklendirmesi, bir<span class=\"excerpt-hellip\"> [\u2026]<\/span><\/p>\n","protected":false},"featured_media":0,"template":"","meta":{"_monsterinsights_skip_tracking":false,"_monsterinsights_sitenote_active":false,"_monsterinsights_sitenote_note":"","_monsterinsights_sitenote_category":0},"product_brand":[],"product_cat":[12777,12291],"product_tag":[],"class_list":{"0":"post-736486","1":"product","2":"type-product","3":"status-publish","5":"product_cat-deneme","6":"product_cat-edebiyat","7":"pa_cilt-ciltsiz","8":"pa_tur-kitap","9":"pa_yayinevi-dh-yayinlari","10":"pa_yazar-ali-osman-ozdemir","12":"first","13":"instock","14":"sale","15":"shipping-taxable","16":"purchasable","17":"product-type-simple"},"_links":{"self":[{"href":"https:\/\/roveyayinevi.com.tr\/index.php\/wp-json\/wp\/v2\/product\/736486","targetHints":{"allow":["GET"]}}],"collection":[{"href":"https:\/\/roveyayinevi.com.tr\/index.php\/wp-json\/wp\/v2\/product"}],"about":[{"href":"https:\/\/roveyayinevi.com.tr\/index.php\/wp-json\/wp\/v2\/types\/product"}],"wp:attachment":[{"href":"https:\/\/roveyayinevi.com.tr\/index.php\/wp-json\/wp\/v2\/media?parent=736486"}],"wp:term":[{"taxonomy":"product_brand","embeddable":true,"href":"https:\/\/roveyayinevi.com.tr\/index.php\/wp-json\/wp\/v2\/product_brand?post=736486"},{"taxonomy":"product_cat","embeddable":true,"href":"https:\/\/roveyayinevi.com.tr\/index.php\/wp-json\/wp\/v2\/product_cat?post=736486"},{"taxonomy":"product_tag","embeddable":true,"href":"https:\/\/roveyayinevi.com.tr\/index.php\/wp-json\/wp\/v2\/product_tag?post=736486"}],"curies":[{"name":"wp","href":"https:\/\/api.w.org\/{rel}","templated":true}]}}