{"id":736482,"date":"2025-08-27T23:08:54","date_gmt":"2025-08-27T20:08:54","guid":{"rendered":"https:\/\/roveyayinevi.com.tr\/index.php\/urun\/kibris-ve-diplomasi\/"},"modified":"2026-04-16T02:45:35","modified_gmt":"2026-04-15T23:45:35","slug":"kibris-ve-diplomasi","status":"publish","type":"product","link":"https:\/\/roveyayinevi.com.tr\/index.php\/urun\/kibris-ve-diplomasi\/","title":{"rendered":"K\u0131br\u0131s ve Diplomasi"},"content":{"rendered":"<p>\u201cKKTC\u2019de T\u00fcrkiye Cumhuriyeti b\u00fcy\u00fckel\u00e7isi olarak be\u015f y\u0131la yak\u0131n hizmet verdim. Bu d\u00f6nemde duyduklar\u0131m\u0131, g\u00f6rd\u00fcklerimi ve ya\u015fad\u0131klar\u0131m\u0131, hat\u0131rlayabildi\u011fim kadar\u0131yla ve anlat\u0131lmaya de\u011fer buldu\u011fum \u00f6l\u00e7\u00fcde yaz\u0131ya d\u00f6kmeye \u00e7al\u0131\u015ft\u0131m. Bunu yaparken, davaya taraf oldu\u011fumu bilerek, m\u00fcmk\u00fcn oldu\u011fu \u00f6l\u00e7\u00fcde ger\u00e7ek olgulara ve verilere dayanmaya, zor da olsa nesnel (objektif) kalmaya \u00e7al\u0131\u015ft\u0131m.\u201d K\u0131br\u0131s ve Diplomasi, 1987-1991 y\u0131llar\u0131 aras\u0131nda TC Lefko\u015fa B\u00fcy\u00fckel\u00e7isi olarak K\u0131br\u0131s\u2019ta bulunan Ertu\u011frul Kumcuo\u011flu\u2019nun bu d\u00f6neme dair izlenimlerini i\u00e7eriyor. \u0130lk izlenimlerden ba\u015flay\u0131p ya\u015fanan siyasi geli\u015fmelere, yat\u0131r\u0131m faaliyetlerine, resmi ve \u00f6zel ziyaretlere kadar geni\u015fleyen konu yelpazesi, Kumcuo\u011flu\u2019nun g\u00f6zlem yetene\u011fiyle bu \u00e7er\u00e7eveyi de a\u015farak K\u0131br\u0131s faunas\u0131n\u0131n, insan\u0131n\u0131n, orada ya\u015faman\u0131n kendine \u00f6zg\u00fc yanlar\u0131n\u0131 da kaps\u0131yor. <\/p>\n","protected":false},"excerpt":{"rendered":"<p>\u201cKKTC\u2019de T\u00fcrkiye Cumhuriyeti b\u00fcy\u00fckel\u00e7isi olarak be\u015f y\u0131la yak\u0131n hizmet verdim. Bu d\u00f6nemde duyduklar\u0131m\u0131, g\u00f6rd\u00fcklerimi ve ya\u015fad\u0131klar\u0131m\u0131, hat\u0131rlayabildi\u011fim kadar\u0131yla ve anlat\u0131lmaya de\u011fer buldu\u011fum \u00f6l\u00e7\u00fcde yaz\u0131ya d\u00f6kmeye \u00e7al\u0131\u015ft\u0131m.<span class=\"excerpt-hellip\"> [\u2026]<\/span><\/p>\n","protected":false},"featured_media":0,"template":"","meta":{"_monsterinsights_skip_tracking":false,"_monsterinsights_sitenote_active":false,"_monsterinsights_sitenote_note":"","_monsterinsights_sitenote_category":0},"product_brand":[],"product_cat":[12370,12304],"product_tag":[],"class_list":{"0":"post-736482","1":"product","2":"type-product","3":"status-publish","5":"product_cat-arastirma-inceleme","6":"product_cat-tarih","7":"pa_cilt-ciltsiz","8":"pa_tur-kitap","9":"pa_yayinevi-is-bankasi-kultur-yayinlari","10":"pa_yazar-ertugrul-kumcuoglu","12":"first","13":"instock","14":"sale","15":"shipping-taxable","16":"purchasable","17":"product-type-simple"},"_links":{"self":[{"href":"https:\/\/roveyayinevi.com.tr\/index.php\/wp-json\/wp\/v2\/product\/736482","targetHints":{"allow":["GET"]}}],"collection":[{"href":"https:\/\/roveyayinevi.com.tr\/index.php\/wp-json\/wp\/v2\/product"}],"about":[{"href":"https:\/\/roveyayinevi.com.tr\/index.php\/wp-json\/wp\/v2\/types\/product"}],"wp:attachment":[{"href":"https:\/\/roveyayinevi.com.tr\/index.php\/wp-json\/wp\/v2\/media?parent=736482"}],"wp:term":[{"taxonomy":"product_brand","embeddable":true,"href":"https:\/\/roveyayinevi.com.tr\/index.php\/wp-json\/wp\/v2\/product_brand?post=736482"},{"taxonomy":"product_cat","embeddable":true,"href":"https:\/\/roveyayinevi.com.tr\/index.php\/wp-json\/wp\/v2\/product_cat?post=736482"},{"taxonomy":"product_tag","embeddable":true,"href":"https:\/\/roveyayinevi.com.tr\/index.php\/wp-json\/wp\/v2\/product_tag?post=736482"}],"curies":[{"name":"wp","href":"https:\/\/api.w.org\/{rel}","templated":true}]}}