{"id":736481,"date":"2025-08-27T23:08:53","date_gmt":"2025-08-27T20:08:53","guid":{"rendered":"https:\/\/roveyayinevi.com.tr\/index.php\/urun\/define-ciltli\/"},"modified":"2026-04-16T02:45:35","modified_gmt":"2026-04-15T23:45:35","slug":"define-ciltli","status":"publish","type":"product","link":"https:\/\/roveyayinevi.com.tr\/index.php\/urun\/define-ciltli\/","title":{"rendered":"Define (Ciltli)"},"content":{"rendered":"<p>Mehmet Rauf\u2019un ilk polisiye roman\u0131 Define\u2019de Ba\u015fhekim \u015eakir Feyzi\u2019nin ba\u015f\u0131ndan ge\u00e7en maceralara tan\u0131k oluruz. Erzurum Hastanesi\u2019nde kar\u015f\u0131s\u0131na \u00e7\u0131kan ya\u015fl\u0131 bir hastas\u0131ndan \u00f6\u011frendi\u011fi miras hik\u00e2yesiyle solu\u011fu \u0130stanbul\u2019da alan doktor, eldeki \u015fifreli metni \u00e7\u00f6zmeye ve miras\u0131n sahibini aramaya koyulur. Sherlok Holmes ve Arsen L\u00fcpen maceralar\u0131n\u0131n s\u0131k\u0131 takip\u00e7isi, polisiye roman okuru Doktor \u015eakir Feyzi, definenin esrar\u0131n\u0131 \u00e7\u00f6zmeye \u00e7al\u0131\u015f\u0131rken t\u00fcrl\u00fc belalar ve \u00f6l\u00fcm tehlikelerinin yan\u0131 s\u0131ra a\u015fkla da kar\u015f\u0131la\u015facakt\u0131r. Mehmet Rauf (1875-1931) \u0130stanbul\u2019da do\u011fan Mehmet Rauf, So\u011fuk\u00e7e\u015fme Askeri R\u00fc\u015ftiyesi\u2019ni bitirdikten sonra Bahriye Mektebi\u2019nde okudu. Staj i\u00e7in bir bu\u00e7uk y\u0131l Girit\u2019te kald\u0131, daha sonra g\u00f6revli olarak Almanya\u2019ya g\u00f6nderildi. \u0130stanbul\u2019a d\u00f6n\u00fcnce Tarabya\u2019daki el\u00e7ilik gemilerinin irtibat subayl\u0131\u011f\u0131na atand\u0131. II. Me\u015frutiyet\u2019in ilan\u0131ndan sonra askerlikten ayr\u0131ld\u0131 ve ge\u00e7imini yazarl\u0131kla sa\u011flamaya \u00e7al\u0131\u015ft\u0131; hik\u00e2ye, roman, tiyatro gibi t\u00fcrlerde pek \u00e7ok eser verdi. Mehasin ve S\u00fcs adl\u0131 kad\u0131n dergilerini \u00e7\u0131kard\u0131. Bir s\u00fcre ticaretle u\u011fra\u015ft\u0131ysa da son y\u0131llar\u0131 maddi s\u0131k\u0131nt\u0131lar i\u00e7inde ge\u00e7ti. Hen\u00fcz on alt\u0131 ya\u015f\u0131ndayken yazd\u0131\u011f\u0131 ve Halit Ziya U\u015fakl\u0131gil\u2019e Hizmet gazetesinde yay\u0131mlamas\u0131 i\u00e7in g\u00f6nderdi\u011fi \u201cD\u00fc\u015fm\u00fc\u015f\u201d adl\u0131 hik\u00e2yeyle edebiyat d\u00fcnyas\u0131na girdi. Daha sonra Mektep dergisinde yazd\u0131. Servet-i F\u00fcnun dergisinde hik\u00e2ye, roman, makale ve mensur \u015fiirler yay\u0131mlad\u0131. Mehmet Rauf as\u0131l \u015f\u00f6hretini Eyl\u00fcl adl\u0131 roman\u0131yla kazand\u0131. T\u00fcrk edebiyat\u0131nda psikolojik roman\u0131n ilk ba\u015far\u0131l\u0131 \u00f6rne\u011fi kabul edilen Eyl\u00fcl\u2019de Frans\u0131z roman\u0131nda \u00e7ok yayg\u0131n olan a\u015fk \u00fc\u00e7geni ele al\u0131nm\u0131\u015ft\u0131r. Eserlerinde a\u015fk, \u0131st\u0131rap, aray\u0131\u015f, ihtiras gibi daha \u00e7ok bireysel duygulara e\u011filen Servet-i F\u00fcnun toplulu\u011funun me\u015fhur yazar\u0131 Mehmet Rauf\u2019un eserlerine T\u00fcrk Edebiyat\u0131 Klasikleri Dizimizde yer vermeyi s\u00fcrd\u00fcrece\u011fiz. <\/p>\n","protected":false},"excerpt":{"rendered":"<p>Mehmet Rauf\u2019un ilk polisiye roman\u0131 Define\u2019de Ba\u015fhekim \u015eakir Feyzi\u2019nin ba\u015f\u0131ndan ge\u00e7en maceralara tan\u0131k oluruz. Erzurum Hastanesi\u2019nde kar\u015f\u0131s\u0131na \u00e7\u0131kan ya\u015fl\u0131 bir hastas\u0131ndan \u00f6\u011frendi\u011fi miras hik\u00e2yesiyle solu\u011fu \u0130stanbul\u2019da<span class=\"excerpt-hellip\"> [\u2026]<\/span><\/p>\n","protected":false},"featured_media":0,"template":"","meta":{"_monsterinsights_skip_tracking":false,"_monsterinsights_sitenote_active":false,"_monsterinsights_sitenote_note":"","_monsterinsights_sitenote_category":0},"product_brand":[],"product_cat":[12291,12292],"product_tag":[],"class_list":{"0":"post-736481","1":"product","2":"type-product","3":"status-publish","5":"product_cat-edebiyat","6":"product_cat-turk-edebiyati","7":"pa_cilt-ciltli","8":"pa_tur-kitap","9":"pa_yayinevi-is-bankasi-kultur-yayinlari","10":"pa_yazar-mehmet-rauf","12":"first","13":"instock","14":"sale","15":"shipping-taxable","16":"purchasable","17":"product-type-simple"},"_links":{"self":[{"href":"https:\/\/roveyayinevi.com.tr\/index.php\/wp-json\/wp\/v2\/product\/736481","targetHints":{"allow":["GET"]}}],"collection":[{"href":"https:\/\/roveyayinevi.com.tr\/index.php\/wp-json\/wp\/v2\/product"}],"about":[{"href":"https:\/\/roveyayinevi.com.tr\/index.php\/wp-json\/wp\/v2\/types\/product"}],"wp:attachment":[{"href":"https:\/\/roveyayinevi.com.tr\/index.php\/wp-json\/wp\/v2\/media?parent=736481"}],"wp:term":[{"taxonomy":"product_brand","embeddable":true,"href":"https:\/\/roveyayinevi.com.tr\/index.php\/wp-json\/wp\/v2\/product_brand?post=736481"},{"taxonomy":"product_cat","embeddable":true,"href":"https:\/\/roveyayinevi.com.tr\/index.php\/wp-json\/wp\/v2\/product_cat?post=736481"},{"taxonomy":"product_tag","embeddable":true,"href":"https:\/\/roveyayinevi.com.tr\/index.php\/wp-json\/wp\/v2\/product_tag?post=736481"}],"curies":[{"name":"wp","href":"https:\/\/api.w.org\/{rel}","templated":true}]}}