{"id":736474,"date":"2025-08-27T23:08:45","date_gmt":"2025-08-27T20:08:45","guid":{"rendered":"https:\/\/roveyayinevi.com.tr\/index.php\/urun\/alavara-ciltli\/"},"modified":"2026-04-16T02:45:35","modified_gmt":"2026-04-15T23:45:35","slug":"alavara-ciltli","status":"publish","type":"product","link":"https:\/\/roveyayinevi.com.tr\/index.php\/urun\/alavara-ciltli\/","title":{"rendered":"Alavara (Ciltli)"},"content":{"rendered":"<p>Bana Bir Varm\u0131\u015f&#8230; de! Bir Varm\u0131\u015f Bir Yokmu\u015f&#8230; deme! \u0130\u00e7ime dokunuyor&#8230;   *Alavara *Bata-\u00c7\u0131ka *Dingin G\u00f6r\u00fcn\u00fcm *G\u00fcz Afroditi *G\u00fcn\u00fcn Y\u00fcz\u00fc * Kartal\u2019\u0131n Akkartal\u0131na * Sone *Uzayda *Uzaktan-Yak\u0131ndan *Murakabe *Ars Longa Vita Brevis Est *Kar\u015f\u0131-Sald\u0131r\u0131 *Kendi Kendinin T\u00fcrbed\u00e2r\u0131 *6 Mart *Bu R\u00fczg\u00e2ra Bir R\u00fczg\u00e2r da Benden *G\u00fcne\u015fle G\u00fcne\u015f Banyosu *Pi\u00e7 Ali\u2019nin Matitas\u0131 *Aganda * Finito Della Musica * A\u011fr\u0131l\u0131 Cima *Yazla Yetinmek *Tomografi *T\u00fchh Bize! *Requiem I *Paradoks Tersy\u00fcz *Ne ise F\u00e2lim O \u00c7\u0131ks\u0131n H\u00e2lim *Doktor *Alavara *Reguiem II *Bademli *K\u00e2nunsan\u00ee *Vasiyet I *Politikayla Poetika Poetikayla Politika *K\u0131sadan K\u0131sa *Memleketin Saat Ayar\u0131 *Eko *\u201dBir Siyasi\u201dnin Mehmet S\u00f6nmez\u2019ine *Vukuat *Ebenin Ku\u015fa\u011f\u0131 *23 Nisan *\u00d6zr\u00fc Kabahatinden B\u00fcy\u00fck *Tahmin *Ne Haz\u0131r Ne N\u00e2z\u0131r *D\u00fc\u015fm\u00fc\u015f Tarih *Alt\u0131na H\u00fccum *Bo\u015f Heves *Gool *Gariplik *Osuruk *Cemal S\u00fcreya Park\u0131nda *\u00d6zge\u00e7mi\u015fimi ..keyim *Dokunmatik Digital *Allahratik Versin *Nenni *Definci *G\u00e2zi Mustafa Kemal Atat\u00fcrk * Taksimci *Pasifikten Pasiflik *M\u00fclk\u00fcn Temeli *Anket *Hal-i Keyfiyet *Dua Ba\u015flang\u0131c\u0131 *Canavar\u0131n da Can\u0131 Var *Umac\u0131 *Yollu Yollar *Partiye Kay\u0131t Ba\u015fvurusu                                   <\/p>\n","protected":false},"excerpt":{"rendered":"<p>Bana Bir Varm\u0131\u015f&#8230; de! Bir Varm\u0131\u015f Bir Yokmu\u015f&#8230; deme! \u0130\u00e7ime dokunuyor&#8230; *Alavara *Bata-\u00c7\u0131ka *Dingin G\u00f6r\u00fcn\u00fcm *G\u00fcz Afroditi *G\u00fcn\u00fcn Y\u00fcz\u00fc * Kartal\u2019\u0131n Akkartal\u0131na * Sone *Uzayda *Uzaktan-Yak\u0131ndan<span class=\"excerpt-hellip\"> [\u2026]<\/span><\/p>\n","protected":false},"featured_media":0,"template":"","meta":{"_monsterinsights_skip_tracking":false,"_monsterinsights_sitenote_active":false,"_monsterinsights_sitenote_note":"","_monsterinsights_sitenote_category":0},"product_brand":[],"product_cat":[12291,12292],"product_tag":[],"class_list":{"0":"post-736474","1":"product","2":"type-product","3":"status-publish","5":"product_cat-edebiyat","6":"product_cat-turk-edebiyati","7":"pa_cilt-ciltli","8":"pa_tur-kitap","9":"pa_yayinevi-is-bankasi-kultur-yayinlari","10":"pa_yazar-can-yucel","12":"first","13":"instock","14":"sale","15":"shipping-taxable","16":"purchasable","17":"product-type-simple"},"_links":{"self":[{"href":"https:\/\/roveyayinevi.com.tr\/index.php\/wp-json\/wp\/v2\/product\/736474","targetHints":{"allow":["GET"]}}],"collection":[{"href":"https:\/\/roveyayinevi.com.tr\/index.php\/wp-json\/wp\/v2\/product"}],"about":[{"href":"https:\/\/roveyayinevi.com.tr\/index.php\/wp-json\/wp\/v2\/types\/product"}],"wp:attachment":[{"href":"https:\/\/roveyayinevi.com.tr\/index.php\/wp-json\/wp\/v2\/media?parent=736474"}],"wp:term":[{"taxonomy":"product_brand","embeddable":true,"href":"https:\/\/roveyayinevi.com.tr\/index.php\/wp-json\/wp\/v2\/product_brand?post=736474"},{"taxonomy":"product_cat","embeddable":true,"href":"https:\/\/roveyayinevi.com.tr\/index.php\/wp-json\/wp\/v2\/product_cat?post=736474"},{"taxonomy":"product_tag","embeddable":true,"href":"https:\/\/roveyayinevi.com.tr\/index.php\/wp-json\/wp\/v2\/product_tag?post=736474"}],"curies":[{"name":"wp","href":"https:\/\/api.w.org\/{rel}","templated":true}]}}