{"id":736472,"date":"2025-08-27T23:08:42","date_gmt":"2025-08-27T20:08:42","guid":{"rendered":"https:\/\/roveyayinevi.com.tr\/index.php\/urun\/biz-ciltli\/"},"modified":"2026-04-16T02:45:35","modified_gmt":"2026-04-15T23:45:35","slug":"biz-ciltli","status":"publish","type":"product","link":"https:\/\/roveyayinevi.com.tr\/index.php\/urun\/biz-ciltli\/","title":{"rendered":"Biz (Ciltli)"},"content":{"rendered":"<p>B\u00fct\u00fcn yerk\u00fcrenin Tek Devlet\u2019in egemenli\u011fi alt\u0131na al\u0131nmas\u0131ndan bin y\u0131l sonra uzay gemisi \u0130ntegral, ba\u015fka gezegenlerdeki \u201cyabani\u201d varl\u0131klar\u0131 akl\u0131n boyunduru\u011fu alt\u0131na almak amac\u0131yla kalk\u0131\u015fa haz\u0131rlanmaktad\u0131r. Projenin m\u00fchendisi, tam da bu g\u00fcnlerde uygarl\u0131k merdiveninin alt basamaklar\u0131ndaki potansiyel okurlar i\u00e7in yazmaya koyuldu\u011fu g\u00fcnl\u00fckte, Tek Devlet\u2019teki ya\u015fam\u0131 anlat\u0131r. Modern sanayi toplumu \u00f6yle bir noktaya varm\u0131\u015ft\u0131r ki \u00f6zg\u00fcr irade art\u0131k mutsuzluk sebebidir ve yurtta\u015flar\u0131n ya\u015famlar\u0131 F. W. Taylor\u2019\u0131n geli\u015ftirdi\u011fi verimlilik sistemine dayanan matematiksel bir kesinlikle denetlenebilmektedir. Devasa Ye\u015fil Duvar taraf\u0131ndan ilkel yabani d\u00fcnyadan kopar\u0131lan Tek Devlet\u2019in yurtta\u015flar\u0131 s\u00fcrekli yeniden se\u00e7ilen Velinimet taraf\u0131ndan y\u00f6netilir. \u0130sim yerine numaralarla \u00e7a\u011fr\u0131l\u0131r, bir\u00f6rnek giysiler giyip yapay yiyeceklerle beslenirler. \u00d6zel ya\u015famlar\u0131 ise yoktur. Aldous Huxley\u2019nin Muhte\u015fem Yeni D\u00fcnya ve George Orwell\u2019in 1984 romanlar\u0131na esin kayna\u011f\u0131 olan Biz, Zamyatin\u2019e \u201ckar\u015f\u0131 \u00fctopyac\u0131 roman\u0131n babas\u0131\u201d unvan\u0131n\u0131 kazand\u0131rm\u0131\u015ft\u0131r. \u0130ngilizce \u00e7evirisi 1924\u2019te New York\u2019ta yay\u0131mlanan roman, Sovyetler Birli\u011fi\u2019nde ise ancak 1988 y\u0131l\u0131nda okurla bulu\u015fabilmi\u015ftir. <\/p>\n","protected":false},"excerpt":{"rendered":"<p>B\u00fct\u00fcn yerk\u00fcrenin Tek Devlet\u2019in egemenli\u011fi alt\u0131na al\u0131nmas\u0131ndan bin y\u0131l sonra uzay gemisi \u0130ntegral, ba\u015fka gezegenlerdeki \u201cyabani\u201d varl\u0131klar\u0131 akl\u0131n boyunduru\u011fu alt\u0131na almak amac\u0131yla kalk\u0131\u015fa haz\u0131rlanmaktad\u0131r. Projenin m\u00fchendisi,<span class=\"excerpt-hellip\"> [\u2026]<\/span><\/p>\n","protected":false},"featured_media":0,"template":"","meta":{"_monsterinsights_skip_tracking":false,"_monsterinsights_sitenote_active":false,"_monsterinsights_sitenote_note":"","_monsterinsights_sitenote_category":0},"product_brand":[],"product_cat":[12291,26797],"product_tag":[],"class_list":{"0":"post-736472","1":"product","2":"type-product","3":"status-publish","5":"product_cat-edebiyat","6":"product_cat-modern-klasikler","7":"pa_cilt-ciltli","8":"pa_tur-kitap","9":"pa_yayinevi-is-bankasi-kultur-yayinlari","10":"pa_yazar-yevgeni-zamyatin","12":"first","13":"instock","14":"sale","15":"shipping-taxable","16":"purchasable","17":"product-type-simple"},"_links":{"self":[{"href":"https:\/\/roveyayinevi.com.tr\/index.php\/wp-json\/wp\/v2\/product\/736472","targetHints":{"allow":["GET"]}}],"collection":[{"href":"https:\/\/roveyayinevi.com.tr\/index.php\/wp-json\/wp\/v2\/product"}],"about":[{"href":"https:\/\/roveyayinevi.com.tr\/index.php\/wp-json\/wp\/v2\/types\/product"}],"wp:attachment":[{"href":"https:\/\/roveyayinevi.com.tr\/index.php\/wp-json\/wp\/v2\/media?parent=736472"}],"wp:term":[{"taxonomy":"product_brand","embeddable":true,"href":"https:\/\/roveyayinevi.com.tr\/index.php\/wp-json\/wp\/v2\/product_brand?post=736472"},{"taxonomy":"product_cat","embeddable":true,"href":"https:\/\/roveyayinevi.com.tr\/index.php\/wp-json\/wp\/v2\/product_cat?post=736472"},{"taxonomy":"product_tag","embeddable":true,"href":"https:\/\/roveyayinevi.com.tr\/index.php\/wp-json\/wp\/v2\/product_tag?post=736472"}],"curies":[{"name":"wp","href":"https:\/\/api.w.org\/{rel}","templated":true}]}}