{"id":736468,"date":"2025-08-27T23:08:38","date_gmt":"2025-08-27T20:08:38","guid":{"rendered":"https:\/\/roveyayinevi.com.tr\/index.php\/urun\/transandans\/"},"modified":"2026-04-16T02:45:35","modified_gmt":"2026-04-15T23:45:35","slug":"transandans","status":"publish","type":"product","link":"https:\/\/roveyayinevi.com.tr\/index.php\/urun\/transandans\/","title":{"rendered":"Transandans"},"content":{"rendered":"<p>2020 Kraliyet Akademisi Bilim Kitab\u0131 \u00d6d\u00fcl\u00fc Finalisti   \u0130nsan\u0131 sadece alet edevat kullanan bir \u00e7e\u015fit ak\u0131ll\u0131 \u015fempanze olarak d\u00fc\u015f\u00fcnd\u00fc\u011f\u00fcm\u00fczde t\u00fcr\u00fcm\u00fcz\u00fcn ola\u011fan\u00fcst\u00fc y\u00f6n\u00fcn\u00fc g\u00f6zden ka\u00e7\u0131r\u0131yoruz. Etraf\u0131n\u0131za bak\u0131n: G\u00f6rd\u00fc\u011f\u00fcn\u00fcz her \u015feyin \u2013kendimiz dahil\u2013 ak\u0131ll\u0131 tasar\u0131mc\u0131lar\u0131y\u0131z.   Basit ta\u015f aletlerden ak\u0131ll\u0131 telefonlara nas\u0131l geldik? Avc\u0131-toplay\u0131c\u0131 gruplar nas\u0131l oldu da \u00e7okuluslu imparatorluklara evrildi? Sapiens okurlar\u0131 bili\u015fsel bir devrimin \u2013beynimizde meydana gelen \u00e7arp\u0131c\u0131 evrimsel de\u011fi\u015fim sayesinde ilkel insanlar\u0131n modern bireylere d\u00f6n\u00fc\u015fmesinin\u2013 k\u00fclt\u00fcrel bir patlama yaratt\u0131\u011f\u0131n\u0131 s\u00f6yleyecektir. Gaia Vince ise Transandans\u2019ta modern insan\u0131n genler, \u00e7evre ve k\u00fclt\u00fcr\u00fcn birlikte ge\u00e7irdi\u011fi incelikli bir evrimin \u00fcr\u00fcn\u00fc oldu\u011funu \u00f6ne s\u00fcr\u00fcyor. Ona g\u00f6re insan\u0131 benzersiz k\u0131lan \u015fey bireysel zek\u00e2m\u0131zdan \u00e7ok, kolektif k\u00fclt\u00fcr\u00fcm\u00fcz. Vince pop\u00fclasyon geneti\u011fi, arkeoloji, paleontoloji ve n\u00f6robilimdeki \u00f6nc\u00fc geli\u015fmelerden yola \u00e7\u0131karak evrimimizin d\u00f6rt lokomotifi olan Ate\u015f, Dil, G\u00fczellik ve Zaman\u2019\u0131n, t\u00fcr\u00fcm\u00fcz\u00fc Homo omnis ad\u0131n\u0131 verdi\u011fi a\u015fk\u0131n bir s\u00fcperorganizmaya nas\u0131l d\u00f6n\u00fc\u015ft\u00fcrd\u00fc\u011f\u00fcn\u00fc g\u00f6steriyor. Transandans bizleri kimli\u011fimiz \u00fcst\u00fcne yeniden d\u00fc\u015f\u00fcnmeye \u00e7a\u011f\u0131ran ve ald\u0131\u011f\u0131m\u0131z bu uzun yolun sonunda bug\u00fcn \u00e7ok daha b\u00fcy\u00fck ama daha y\u0131k\u0131c\u0131 olabilecek bir \u015feyin e\u015fi\u011finde durdu\u011fumuzu g\u00f6steren etkileyici ve k\u0131\u015fk\u0131rt\u0131c\u0131 bir kitap.   \u201cUfuk a\u00e7\u0131c\u0131, harikulade bir \u00e7al\u0131\u015fma.\u201d TIM FLANNERY, Bilim \u0130nsan\u0131 Ve \u00d6l\u00fcmc\u00fcl Havalar Kitab\u0131n\u0131n Yazar\u0131 <\/p>\n","protected":false},"excerpt":{"rendered":"<p>2020 Kraliyet Akademisi Bilim Kitab\u0131 \u00d6d\u00fcl\u00fc Finalisti \u0130nsan\u0131 sadece alet edevat kullanan bir \u00e7e\u015fit ak\u0131ll\u0131 \u015fempanze olarak d\u00fc\u015f\u00fcnd\u00fc\u011f\u00fcm\u00fczde t\u00fcr\u00fcm\u00fcz\u00fcn ola\u011fan\u00fcst\u00fc y\u00f6n\u00fcn\u00fc g\u00f6zden ka\u00e7\u0131r\u0131yoruz. Etraf\u0131n\u0131za bak\u0131n: G\u00f6rd\u00fc\u011f\u00fcn\u00fcz<span class=\"excerpt-hellip\"> [\u2026]<\/span><\/p>\n","protected":false},"featured_media":0,"template":"","meta":{"_monsterinsights_skip_tracking":false,"_monsterinsights_sitenote_active":false,"_monsterinsights_sitenote_note":"","_monsterinsights_sitenote_category":0},"product_brand":[],"product_cat":[13005,13006],"product_tag":[],"class_list":{"0":"post-736468","1":"product","2":"type-product","3":"status-publish","5":"product_cat-bilim-muhendislik","6":"product_cat-populer-bilim","7":"pa_cilt-ciltsiz","8":"pa_tur-kitap","9":"pa_yayinevi-domingo-yayinevi","10":"pa_yazar-gaia-vince","12":"first","13":"instock","14":"sale","15":"shipping-taxable","16":"purchasable","17":"product-type-simple"},"_links":{"self":[{"href":"https:\/\/roveyayinevi.com.tr\/index.php\/wp-json\/wp\/v2\/product\/736468","targetHints":{"allow":["GET"]}}],"collection":[{"href":"https:\/\/roveyayinevi.com.tr\/index.php\/wp-json\/wp\/v2\/product"}],"about":[{"href":"https:\/\/roveyayinevi.com.tr\/index.php\/wp-json\/wp\/v2\/types\/product"}],"wp:attachment":[{"href":"https:\/\/roveyayinevi.com.tr\/index.php\/wp-json\/wp\/v2\/media?parent=736468"}],"wp:term":[{"taxonomy":"product_brand","embeddable":true,"href":"https:\/\/roveyayinevi.com.tr\/index.php\/wp-json\/wp\/v2\/product_brand?post=736468"},{"taxonomy":"product_cat","embeddable":true,"href":"https:\/\/roveyayinevi.com.tr\/index.php\/wp-json\/wp\/v2\/product_cat?post=736468"},{"taxonomy":"product_tag","embeddable":true,"href":"https:\/\/roveyayinevi.com.tr\/index.php\/wp-json\/wp\/v2\/product_tag?post=736468"}],"curies":[{"name":"wp","href":"https:\/\/api.w.org\/{rel}","templated":true}]}}