{"id":736467,"date":"2025-08-27T23:08:37","date_gmt":"2025-08-27T20:08:37","guid":{"rendered":"https:\/\/roveyayinevi.com.tr\/index.php\/urun\/uzayda-bir-mahalle\/"},"modified":"2026-04-16T02:45:35","modified_gmt":"2026-04-15T23:45:35","slug":"uzayda-bir-mahalle","status":"publish","type":"product","link":"https:\/\/roveyayinevi.com.tr\/index.php\/urun\/uzayda-bir-mahalle\/","title":{"rendered":"Uzayda Bir Mahalle"},"content":{"rendered":"<p>Uzayl\u0131lar\u0131n \u0130neg\u00f6l&#8217;deki bir mahallede ne i\u015fi olabilir?  Bilimi edebiyatla bulu\u015fturan kitaplar\u0131yla y\u00fcz binlerce \u00e7ocu\u011fa ula\u015fan Topak I\u015f\u0131k, Uzayda Bir Mahalle ile bu kez fizi\u011fe y\u00f6neliyor, okurlar\u0131 bilimin ilgin\u00e7 sokaklar\u0131nda ke\u015fiflerle dolu bir gezintiye \u00e7\u0131kar\u0131yor.Dalga teorisi ve kuantum fizi\u011fi gibi yeti\u015fkinler i\u00e7in bile karma\u015f\u0131k say\u0131labilecek konular\u0131, g\u00fcnl\u00fck hayatla ili\u015fkilendirip \u00e7ocuklar\u0131n d\u00fcnyas\u0131na yak\u0131nla\u015ft\u0131ran yazar, modern bilimin \u201chap \u015feklinde\u201d \u00f6\u011frenilmesini sa\u011flayacak noktalara temas ediyor.    Derin bilimsel teori ve bilgilerin, mizah\u0131n ve e\u011flenceli tan\u0131mlar\u0131n g\u00fcc\u00fcyle nas\u0131l \u00e7ok daha anla\u015f\u0131l\u0131r k\u0131l\u0131nabilece\u011fini g\u00f6steren eser; okurun bilime kar\u015f\u0131 istemsizce geli\u015ftirdi\u011fi \u00f6nyarg\u0131l\u0131 tutuma ve dolayl\u0131 olarak zihninde beliren soru i\u015faretlerine de a\u00e7\u0131kl\u0131k getiriyor. Toprak I\u015f\u0131k&#8217;\u0131n \u00e7ocukluk an\u0131lar\u0131ndan beslenen Uzayda Bir Mahalle, Bursa&#8217;n\u0131n \u0130neg\u00f6l il\u00e7esinde ge\u00e7en hik\u00e2yesini \u00fc\u00e7 ortaokul \u00f6\u011frencisinin okul maceralar\u0131 ve k\u0131yas\u0131ya giri\u015ftikleri \u00f6dev rekabeti \u00fcst\u00fcne \u015fekillendiriyor. Kara delikleri, c\u00fcce y\u0131ld\u0131zlar\u0131n s\u0131rr\u0131n\u0131, paralel evrenleri ve sicim teorisinin ard\u0131nda yatan gizleri ke\u015ffe \u00e7a\u011f\u0131r\u0131yor. Ayr\u0131ca, bizleri ne yerse yesin bir t\u00fcrl\u00fc kilo alamayan Edip abi, Uzakdo\u011fu savunma sanatlar\u0131na g\u00f6n\u00fcl veren Ali abi ve uzayl\u0131lar\u0131n d\u00fcnyay\u0131 ziyaret ettiklerine kesin g\u00f6z\u00fcyle bakan Hanife abla gibi tuhaf ama son derece ilgin\u00e7 mahalle sakinleriyle tan\u0131\u015ft\u0131r\u0131yor. Kitaba konu olan bilimsel a\u00e7\u0131klamalar okurun ufkunu a\u00e7arken, arka planda ya\u015fanan matrak olaylar ise y\u00fczlerde tatl\u0131 bir tebess\u00fcm b\u0131rak\u0131yor.Yirmi birinci y\u00fczy\u0131l fizi\u011fine y\u00f6nelik harika bir beyin jimnasti\u011fi f\u0131rsat\u0131 da sunan Uzayda Bir Mahalle, \u00f6nemli bir ayr\u0131nt\u0131y\u0131 vurguluyor: Bilimin, \u00f6n\u00fcne \u00e7\u0131kan s\u0131n\u0131rlar\u0131 b\u00fcy\u00fck ke\u015fiflerle a\u015fmak gibi g\u00fczel bir huyu vard\u0131r&#8230;<\/p>\n","protected":false},"excerpt":{"rendered":"<p>Uzayl\u0131lar\u0131n \u0130neg\u00f6l&#8217;deki bir mahallede ne i\u015fi olabilir? Bilimi edebiyatla bulu\u015fturan kitaplar\u0131yla y\u00fcz binlerce \u00e7ocu\u011fa ula\u015fan Topak I\u015f\u0131k, Uzayda Bir Mahalle ile bu kez fizi\u011fe y\u00f6neliyor, okurlar\u0131<span class=\"excerpt-hellip\"> [\u2026]<\/span><\/p>\n","protected":false},"featured_media":0,"template":"","meta":{"_monsterinsights_skip_tracking":false,"_monsterinsights_sitenote_active":false,"_monsterinsights_sitenote_note":"","_monsterinsights_sitenote_category":0},"product_brand":[],"product_cat":[12275,12274],"product_tag":[],"class_list":{"0":"post-736467","1":"product","2":"type-product","3":"status-publish","5":"product_cat-6-12-yas-kitaplari","6":"product_cat-cocuk-ve-genclik-kitaplari","7":"pa_cilt-ciltsiz","8":"pa_tur-kitap","9":"pa_yayinevi-tudem-yayinlari","10":"pa_yazar-toprak-isik","12":"first","13":"instock","14":"sale","15":"shipping-taxable","16":"purchasable","17":"product-type-simple"},"_links":{"self":[{"href":"https:\/\/roveyayinevi.com.tr\/index.php\/wp-json\/wp\/v2\/product\/736467","targetHints":{"allow":["GET"]}}],"collection":[{"href":"https:\/\/roveyayinevi.com.tr\/index.php\/wp-json\/wp\/v2\/product"}],"about":[{"href":"https:\/\/roveyayinevi.com.tr\/index.php\/wp-json\/wp\/v2\/types\/product"}],"wp:attachment":[{"href":"https:\/\/roveyayinevi.com.tr\/index.php\/wp-json\/wp\/v2\/media?parent=736467"}],"wp:term":[{"taxonomy":"product_brand","embeddable":true,"href":"https:\/\/roveyayinevi.com.tr\/index.php\/wp-json\/wp\/v2\/product_brand?post=736467"},{"taxonomy":"product_cat","embeddable":true,"href":"https:\/\/roveyayinevi.com.tr\/index.php\/wp-json\/wp\/v2\/product_cat?post=736467"},{"taxonomy":"product_tag","embeddable":true,"href":"https:\/\/roveyayinevi.com.tr\/index.php\/wp-json\/wp\/v2\/product_tag?post=736467"}],"curies":[{"name":"wp","href":"https:\/\/api.w.org\/{rel}","templated":true}]}}