{"id":736466,"date":"2025-08-27T23:08:36","date_gmt":"2025-08-27T20:08:36","guid":{"rendered":"https:\/\/roveyayinevi.com.tr\/index.php\/urun\/kadinlar-icin-bosanma-rehberi\/"},"modified":"2026-01-29T03:17:34","modified_gmt":"2026-01-29T00:17:34","slug":"kadinlar-icin-bosanma-rehberi","status":"publish","type":"product","link":"https:\/\/roveyayinevi.com.tr\/index.php\/urun\/kadinlar-icin-bosanma-rehberi\/","title":{"rendered":"Kad\u0131nlar \u0130\u00e7in Bo\u015fanma Rehberi"},"content":{"rendered":"<p>Kad\u0131nlar psikolojik, fiziksel, ekonomik \u015fiddete maruz b\u0131rak\u0131ld\u0131klar\u0131nda, buna bir de toplumsal bask\u0131lar eklendi\u011finde, hangi desteklere ihtiya\u00e7 duyarlar ve bunlara nas\u0131l eri\u015febilirler? Yedi kad\u0131n\u0131n ger\u00e7ek ya\u015famlar\u0131ndan yola \u00e7\u0131kan kitap, t\u00fcm kad\u0131nlar\u0131n ya\u015famlar\u0131n\u0131 hayatta kalmaya hapseden \u00e7aresizliklerini a\u015fmalar\u0131 i\u00e7in rehber olacak,  yol g\u00f6sterecek nitelikte. <\/p>\n","protected":false},"excerpt":{"rendered":"<p>Kad\u0131nlar psikolojik, fiziksel, ekonomik \u015fiddete maruz b\u0131rak\u0131ld\u0131klar\u0131nda, buna bir de toplumsal bask\u0131lar eklendi\u011finde, hangi desteklere ihtiya\u00e7 duyarlar ve bunlara nas\u0131l eri\u015febilirler? Yedi kad\u0131n\u0131n ger\u00e7ek ya\u015famlar\u0131ndan yola<span class=\"excerpt-hellip\"> [\u2026]<\/span><\/p>\n","protected":false},"featured_media":0,"template":"","meta":{"_monsterinsights_skip_tracking":false,"_monsterinsights_sitenote_active":false,"_monsterinsights_sitenote_note":"","_monsterinsights_sitenote_category":0},"product_brand":[],"product_cat":[13252,12324],"product_tag":[],"class_list":{"0":"post-736466","1":"product","2":"type-product","3":"status-publish","5":"product_cat-kadin-calismalari","6":"product_cat-sosyoloji","7":"pa_cilt-ciltsiz","8":"pa_tur-kitap","9":"pa_yayinevi-utopya-yayinevi","10":"pa_yazar-ozlem-durmaz","12":"first","13":"instock","14":"sale","15":"shipping-taxable","16":"purchasable","17":"product-type-simple"},"_links":{"self":[{"href":"https:\/\/roveyayinevi.com.tr\/index.php\/wp-json\/wp\/v2\/product\/736466","targetHints":{"allow":["GET"]}}],"collection":[{"href":"https:\/\/roveyayinevi.com.tr\/index.php\/wp-json\/wp\/v2\/product"}],"about":[{"href":"https:\/\/roveyayinevi.com.tr\/index.php\/wp-json\/wp\/v2\/types\/product"}],"wp:attachment":[{"href":"https:\/\/roveyayinevi.com.tr\/index.php\/wp-json\/wp\/v2\/media?parent=736466"}],"wp:term":[{"taxonomy":"product_brand","embeddable":true,"href":"https:\/\/roveyayinevi.com.tr\/index.php\/wp-json\/wp\/v2\/product_brand?post=736466"},{"taxonomy":"product_cat","embeddable":true,"href":"https:\/\/roveyayinevi.com.tr\/index.php\/wp-json\/wp\/v2\/product_cat?post=736466"},{"taxonomy":"product_tag","embeddable":true,"href":"https:\/\/roveyayinevi.com.tr\/index.php\/wp-json\/wp\/v2\/product_tag?post=736466"}],"curies":[{"name":"wp","href":"https:\/\/api.w.org\/{rel}","templated":true}]}}