{"id":736465,"date":"2025-08-27T23:08:35","date_gmt":"2025-08-27T20:08:35","guid":{"rendered":"https:\/\/roveyayinevi.com.tr\/index.php\/urun\/biri-siir-mi-dedi\/"},"modified":"2026-04-03T02:51:28","modified_gmt":"2026-04-02T23:51:28","slug":"biri-siir-mi-dedi","status":"publish","type":"product","link":"https:\/\/roveyayinevi.com.tr\/index.php\/urun\/biri-siir-mi-dedi\/","title":{"rendered":"Biri \u015eiir Mi Dedi?"},"content":{"rendered":"<p>\u015eiir sever misin? Belki de bilmiyorsun ya da hi\u00e7 d\u00fc\u015f\u00fcnmedin daha \u00f6nce&#8230;       Ben, \u015fiir yazmay\u0131 da okumay\u0131 da \u00e7ok severim biliyor musun? Hele ki \u00e7ocuklar\u0131n \u015fiirlerini daha \u00e7ok severim. \u0130\u00e7inde kayboldu\u011fum \u00e7ocukluk y\u0131llar\u0131ma gitti\u011fim i\u00e7in belki de\u2026 Kelimenin o e\u015fsiz d\u00fcnyas\u0131nda yeni hayaller kurmak ve yeni kap\u0131lar\u0131n i\u00e7inden ge\u00e7erek \u015fiirin d\u00fcnyas\u0131nda dola\u015fmak beni \u00e7ok mutlu ediyor.     \u015eiirlerimde \u00f6zg\u00fcr\u00fcm \u00e7\u00fcnk\u00fc t\u0131pk\u0131 hayalimdeki gibi bir hayat\u0131 ya\u015fayabiliyorum. Nas\u0131l m\u0131? Bir ku\u015f olup u\u00e7ulabiliyor, kar\u0131ncayla selamla\u015f\u0131yor, bir r\u00fczg\u00e2r olup esebiliyorum\u2026        Senden iste\u011fim her \u015fiiri okurken \u00fczerinde d\u00fc\u015f\u00fcnmen, hayal kurup \u015fiire ve daha neler anlatmak istedi\u011fimi anlaman. \u00c7\u00fcnk\u00fc \u015fiirler gizli bir hazine gibidir ve i\u00e7inde \u00e7ok \u015fey saklayabilirsin. Onu her okudu\u011funda i\u00e7inde saklanan derin manalar\u0131 anlayacaks\u0131n.       Hadi o zaman Keyifle oku&#8230;<\/p>\n","protected":false},"excerpt":{"rendered":"<p>\u015eiir sever misin? Belki de bilmiyorsun ya da hi\u00e7 d\u00fc\u015f\u00fcnmedin daha \u00f6nce&#8230; Ben, \u015fiir yazmay\u0131 da okumay\u0131 da \u00e7ok severim biliyor musun? Hele ki \u00e7ocuklar\u0131n \u015fiirlerini<span class=\"excerpt-hellip\"> [\u2026]<\/span><\/p>\n","protected":false},"featured_media":0,"template":"","meta":{"_monsterinsights_skip_tracking":false,"_monsterinsights_sitenote_active":false,"_monsterinsights_sitenote_note":"","_monsterinsights_sitenote_category":0},"product_brand":[],"product_cat":[12275,12274],"product_tag":[],"class_list":{"0":"post-736465","1":"product","2":"type-product","3":"status-publish","5":"product_cat-6-12-yas-kitaplari","6":"product_cat-cocuk-ve-genclik-kitaplari","7":"pa_cilt-ciltsiz","8":"pa_tur-kitap","9":"pa_yayinevi-kitap-muptelasi-yayinlari","10":"pa_yazar-emel-metin","12":"first","13":"instock","14":"sale","15":"shipping-taxable","16":"purchasable","17":"product-type-simple"},"_links":{"self":[{"href":"https:\/\/roveyayinevi.com.tr\/index.php\/wp-json\/wp\/v2\/product\/736465","targetHints":{"allow":["GET"]}}],"collection":[{"href":"https:\/\/roveyayinevi.com.tr\/index.php\/wp-json\/wp\/v2\/product"}],"about":[{"href":"https:\/\/roveyayinevi.com.tr\/index.php\/wp-json\/wp\/v2\/types\/product"}],"wp:attachment":[{"href":"https:\/\/roveyayinevi.com.tr\/index.php\/wp-json\/wp\/v2\/media?parent=736465"}],"wp:term":[{"taxonomy":"product_brand","embeddable":true,"href":"https:\/\/roveyayinevi.com.tr\/index.php\/wp-json\/wp\/v2\/product_brand?post=736465"},{"taxonomy":"product_cat","embeddable":true,"href":"https:\/\/roveyayinevi.com.tr\/index.php\/wp-json\/wp\/v2\/product_cat?post=736465"},{"taxonomy":"product_tag","embeddable":true,"href":"https:\/\/roveyayinevi.com.tr\/index.php\/wp-json\/wp\/v2\/product_tag?post=736465"}],"curies":[{"name":"wp","href":"https:\/\/api.w.org\/{rel}","templated":true}]}}