{"id":736464,"date":"2025-08-27T23:08:34","date_gmt":"2025-08-27T20:08:34","guid":{"rendered":"https:\/\/roveyayinevi.com.tr\/index.php\/urun\/golge-ordu\/"},"modified":"2026-04-16T02:45:35","modified_gmt":"2026-04-15T23:45:35","slug":"golge-ordu","status":"publish","type":"product","link":"https:\/\/roveyayinevi.com.tr\/index.php\/urun\/golge-ordu\/","title":{"rendered":"G\u00f6lge Ordu"},"content":{"rendered":"<p>\u00b7         \u0130lk kez yay\u0131mlanan SADAT\u2019\u0131n e\u011fitim kamp\u0131 foto\u011fraflar\u0131\u2026 Hangi \u00fclkelerde e\u011fitim kamplar\u0131 var? E\u011fitmenler kim? SADAT gayri nizami harp e\u011fitiminden suikast e\u011fitimine, kimleri ve hangi gruplar\u0131 e\u011fitiyor? \u00b7         SADAT Kurucusu Adnan Tanr\u0131verdi, 15 Temmuz darbe giri\u015fiminden birka\u00e7 ay \u00f6nce Genelkurmay Kararg\u00e2h\u0131nda hangi generalle neler konu\u015ftu? \u00b7         SADAT\u2019\u0131n \u201c\u0130slam Ordusu\u201d projesi nerede, nas\u0131l, kimlerle pi\u015firildi? \u00b7         28 \u015eubat kumpas davas\u0131n\u0131n iddianamesini SADAT\u2019\u0131n yan kurulu\u015fu ASDER\u2019in avukat\u0131 m\u0131 haz\u0131rlad\u0131? FET\u00d6 kumpaslar\u0131nda tan\u0131k olan SADAT\u2019\u00e7\u0131 isimler\u2026 \u00b7         SADAT\u2019\u0131n 14 kurucusundan ka\u00e7\u0131 28 \u015eubat\u2019ta \u201cFethullah G\u00fclen Tarikat\u0131\u201d ile irtibatl\u0131 oldu\u011fu i\u00e7in TSK\u2019den ihra\u00e7 edilmi\u015fti? SADAT\u2019\u0131n ka\u00e7 e\u011fitmeni ve uzman\u0131 cemaat \u00fcyesi olarak saptand\u0131? SADAT\u2019\u0131n yan kurulu\u015fu olan ASDER\u2019in hangi kurucular\u0131 G\u00fclen cemaati \u00fcyeli\u011fi nedeniyle ordudan at\u0131lm\u0131\u015ft\u0131? \u00b7         Askeri \u00f6\u011frenci m\u00fclakatlar\u0131nda ya\u015fanan sorunlar, Genelkurmay belgesine nas\u0131l yans\u0131d\u0131? Tarikatlar ad\u0131m ad\u0131m TSK\u2019ye nas\u0131l doluyor? \u00b7         Ordudaki terfiler i\u00e7in haz\u0131rlanan listeler: Ye\u015fil liste, iktidara yak\u0131n isimler. Beyaz liste, itaat eden, zarars\u0131zlar. K\u0131rm\u0131z\u0131 liste, AKP\u2019ye yak\u0131n olmayan isimler\u2026 \u00b7         T\u00dcGVA\u2019da hangi SADAT\u2019\u00e7\u0131 e\u011fitim veriyor? \u00b7         SADAT\u2019\u0131n Suriye-Libya hatt\u0131ndaki rol\u00fc\u2026 Suriye\u2019ye giden TIR\u2019lar\u0131n\u0131n \u00f6yk\u00fcs\u00fc\u2026 \u00b7         \u0130lk kez yay\u0131mlanan raporlarda, SADAT\u2019\u0131n y\u0131ll\u0131k kazan\u00e7 hesaplar\u0131 ve SADAT\u2019\u0131n devlet deste\u011fi ald\u0131\u011f\u0131n\u0131n belgesi\u2026 \u00b7         SADAT raporlar\u0131na ismi giren B\u00fclent Ar\u0131n\u00e7, kat\u0131ld\u0131\u011f\u0131 toplant\u0131lar\u0131 ilk kez bu kitap i\u00e7in anlatt\u0131. \u201c\u00d6zel Sava\u015f\u201d \u015firketi SADAT\u2019\u0131n s\u0131r perdesi aralan\u0131yor, G\u00f6lge Ordu\u2019nun bilinmeyenleri ayd\u0131nlan\u0131yor&#8230; <\/p>\n","protected":false},"excerpt":{"rendered":"<p>\u00b7 \u0130lk kez yay\u0131mlanan SADAT\u2019\u0131n e\u011fitim kamp\u0131 foto\u011fraflar\u0131\u2026 Hangi \u00fclkelerde e\u011fitim kamplar\u0131 var? E\u011fitmenler kim? SADAT gayri nizami harp e\u011fitiminden suikast e\u011fitimine, kimleri ve hangi gruplar\u0131<span class=\"excerpt-hellip\"> [\u2026]<\/span><\/p>\n","protected":false},"featured_media":0,"template":"","meta":{"_monsterinsights_skip_tracking":false,"_monsterinsights_sitenote_active":false,"_monsterinsights_sitenote_note":"","_monsterinsights_sitenote_category":0},"product_brand":[],"product_cat":[13590,12337],"product_tag":[],"class_list":{"0":"post-736464","1":"product","2":"type-product","3":"status-publish","5":"product_cat-arastirma-inceleme-politika-siyaset","6":"product_cat-politika-siyaset","7":"pa_cilt-ciltsiz","8":"pa_tur-kitap","9":"pa_yayinevi-kirmizi-kedi-yayinevi","10":"pa_yazar-ersin-eroglu-caner-taspinar","12":"first","13":"instock","14":"sale","15":"shipping-taxable","16":"purchasable","17":"product-type-simple"},"_links":{"self":[{"href":"https:\/\/roveyayinevi.com.tr\/index.php\/wp-json\/wp\/v2\/product\/736464","targetHints":{"allow":["GET"]}}],"collection":[{"href":"https:\/\/roveyayinevi.com.tr\/index.php\/wp-json\/wp\/v2\/product"}],"about":[{"href":"https:\/\/roveyayinevi.com.tr\/index.php\/wp-json\/wp\/v2\/types\/product"}],"wp:attachment":[{"href":"https:\/\/roveyayinevi.com.tr\/index.php\/wp-json\/wp\/v2\/media?parent=736464"}],"wp:term":[{"taxonomy":"product_brand","embeddable":true,"href":"https:\/\/roveyayinevi.com.tr\/index.php\/wp-json\/wp\/v2\/product_brand?post=736464"},{"taxonomy":"product_cat","embeddable":true,"href":"https:\/\/roveyayinevi.com.tr\/index.php\/wp-json\/wp\/v2\/product_cat?post=736464"},{"taxonomy":"product_tag","embeddable":true,"href":"https:\/\/roveyayinevi.com.tr\/index.php\/wp-json\/wp\/v2\/product_tag?post=736464"}],"curies":[{"name":"wp","href":"https:\/\/api.w.org\/{rel}","templated":true}]}}