{"id":736463,"date":"2025-08-27T23:08:33","date_gmt":"2025-08-27T20:08:33","guid":{"rendered":"https:\/\/roveyayinevi.com.tr\/index.php\/urun\/gunumuz-avrupasinda-musluman-azinliklar\/"},"modified":"2026-04-16T02:45:35","modified_gmt":"2026-04-15T23:45:35","slug":"gunumuz-avrupasinda-musluman-azinliklar","status":"publish","type":"product","link":"https:\/\/roveyayinevi.com.tr\/index.php\/urun\/gunumuz-avrupasinda-musluman-azinliklar\/","title":{"rendered":"G\u00fcn\u00fcm\u00fcz Avrupas\u0131nda M\u00fcsl\u00fcman Az\u0131nl\u0131klar"},"content":{"rendered":"<p>\u0130slamiyet\u2019in Avrupa ile ilk temas\u0131 daha Hz. Muhammed hayatta iken ger\u00e7ekle\u015fmi\u015ftir. As\u0131rlar boyu s\u00fcregelen \u0130slam-Avrupa ili\u015fkisi End\u00fcl\u00fcs Medeniyeti ile zirveye ula\u015fm\u0131\u015ft\u0131r. G\u00fcn\u00fcm\u00fczde Avrupa denildi\u011finde ak\u0131llara gelen zenginlik ve refah\u0131n Avrupa\u2019da ya\u015fayan M\u00fcsl\u00fcmanlar a\u00e7\u0131s\u0131ndan ge\u00e7erli olup olmad\u0131\u011f\u0131 meselesi ara\u015ft\u0131r\u0131lmaya de\u011fer bir konu olarak kar\u015f\u0131m\u0131za \u00e7\u0131kmaktad\u0131r. Avrupa\u2019da az\u0131nl\u0131k olarak ya\u015fayan M\u00fcsl\u00fcmanlar\u0131n siyasi, sosyal, din\u00ee, ekonomik, k\u00fclt\u00fcrel ve demografik durumlar\u0131, i\u00e7inde bulunduklar\u0131 olumlu-olumsuz \u015fartlar\u0131 ortaya koymas\u0131 a\u00e7\u0131s\u0131ndan \u00f6nemlidir. Elinizdeki kitap Avrupa\u2019daki M\u00fcsl\u00fcman az\u0131nl\u0131klar hakk\u0131nda kaleme al\u0131nan \u00e7e\u015fitli makaleleri ve k\u0131rka yak\u0131n Avrupa \u00fclkesinde ya\u015fayan M\u00fcsl\u00fcmanlar\u0131 \u00e7e\u015fitli y\u00f6nleriyle ele almay\u0131 ama\u00e7lamaktad\u0131r.<\/p>\n","protected":false},"excerpt":{"rendered":"<p>\u0130slamiyet\u2019in Avrupa ile ilk temas\u0131 daha Hz. Muhammed hayatta iken ger\u00e7ekle\u015fmi\u015ftir. As\u0131rlar boyu s\u00fcregelen \u0130slam-Avrupa ili\u015fkisi End\u00fcl\u00fcs Medeniyeti ile zirveye ula\u015fm\u0131\u015ft\u0131r. G\u00fcn\u00fcm\u00fczde Avrupa denildi\u011finde ak\u0131llara gelen<span class=\"excerpt-hellip\"> [\u2026]<\/span><\/p>\n","protected":false},"featured_media":0,"template":"","meta":{"_monsterinsights_skip_tracking":false,"_monsterinsights_sitenote_active":false,"_monsterinsights_sitenote_note":"","_monsterinsights_sitenote_category":0},"product_brand":[],"product_cat":[13036,12718,12719],"product_tag":[],"class_list":{"0":"post-736463","1":"product","2":"type-product","3":"status-publish","5":"product_cat-arastirma-inceleme-islam","6":"product_cat-din","7":"product_cat-islam","8":"pa_cilt-ciltsiz","9":"pa_tur-kitap","10":"pa_yayinevi-otto-yayinlari","11":"pa_yazar-irfan-aycan","13":"first","14":"instock","15":"sale","16":"shipping-taxable","17":"purchasable","18":"product-type-simple"},"_links":{"self":[{"href":"https:\/\/roveyayinevi.com.tr\/index.php\/wp-json\/wp\/v2\/product\/736463","targetHints":{"allow":["GET"]}}],"collection":[{"href":"https:\/\/roveyayinevi.com.tr\/index.php\/wp-json\/wp\/v2\/product"}],"about":[{"href":"https:\/\/roveyayinevi.com.tr\/index.php\/wp-json\/wp\/v2\/types\/product"}],"wp:attachment":[{"href":"https:\/\/roveyayinevi.com.tr\/index.php\/wp-json\/wp\/v2\/media?parent=736463"}],"wp:term":[{"taxonomy":"product_brand","embeddable":true,"href":"https:\/\/roveyayinevi.com.tr\/index.php\/wp-json\/wp\/v2\/product_brand?post=736463"},{"taxonomy":"product_cat","embeddable":true,"href":"https:\/\/roveyayinevi.com.tr\/index.php\/wp-json\/wp\/v2\/product_cat?post=736463"},{"taxonomy":"product_tag","embeddable":true,"href":"https:\/\/roveyayinevi.com.tr\/index.php\/wp-json\/wp\/v2\/product_tag?post=736463"}],"curies":[{"name":"wp","href":"https:\/\/api.w.org\/{rel}","templated":true}]}}