{"id":736462,"date":"2025-08-27T23:08:32","date_gmt":"2025-08-27T20:08:32","guid":{"rendered":"https:\/\/roveyayinevi.com.tr\/index.php\/urun\/gunumuz-amerika-kitasinda-musluman-azinliklar\/"},"modified":"2026-04-16T02:45:35","modified_gmt":"2026-04-15T23:45:35","slug":"gunumuz-amerika-kitasinda-musluman-azinliklar","status":"publish","type":"product","link":"https:\/\/roveyayinevi.com.tr\/index.php\/urun\/gunumuz-amerika-kitasinda-musluman-azinliklar\/","title":{"rendered":"G\u00fcn\u00fcm\u00fcz Amerika K\u0131tas\u0131nda M\u00fcsl\u00fcman Az\u0131nl\u0131klar"},"content":{"rendered":"<p>G\u00fcn\u00fcm\u00fczde Amerika denildi\u011finde f\u0131rsatlar \u00fclkesi akla gelmektedir; ancak bunun kim i\u00e7in ve ne i\u00e7in s\u00f6ylendi\u011fi ilm\u00ee olarak incelenmelidir. M\u00fcsl\u00fcman az\u0131nl\u0131klar\u0131n t\u00fcm d\u00fcnyada kar\u015f\u0131la\u015ft\u0131\u011f\u0131 sorunlar\u0131n yan\u0131nda, Amerika K\u0131tas\u0131nda ya\u015fayan M\u00fcsl\u00fcmanlar\u0131n sorunlar\u0131n\u0131 ele alma g\u00f6revi has\u0131l olmu\u015ftur. \u00d6zellikle bu alandaki \u00e7al\u0131\u015fmalar\u0131n azl\u0131\u011f\u0131 g\u00f6z \u00f6n\u00fcne al\u0131nd\u0131\u011f\u0131nda, bu ara\u015ft\u0131rmalar\u0131n \u00f6nemi daha da artmaktad\u0131r. Bu kitap s\u00f6z konusu ihtiyaca binaen haz\u0131rlanm\u0131\u015ft\u0131r ve Amerika K\u0131tas\u0131nda yer alan \u00fclkeler hakk\u0131nda temel bilgileri bar\u0131nd\u0131rmaktad\u0131r.<\/p>\n","protected":false},"excerpt":{"rendered":"<p>G\u00fcn\u00fcm\u00fczde Amerika denildi\u011finde f\u0131rsatlar \u00fclkesi akla gelmektedir; ancak bunun kim i\u00e7in ve ne i\u00e7in s\u00f6ylendi\u011fi ilm\u00ee olarak incelenmelidir. M\u00fcsl\u00fcman az\u0131nl\u0131klar\u0131n t\u00fcm d\u00fcnyada kar\u015f\u0131la\u015ft\u0131\u011f\u0131 sorunlar\u0131n yan\u0131nda, Amerika<span class=\"excerpt-hellip\"> [\u2026]<\/span><\/p>\n","protected":false},"featured_media":0,"template":"","meta":{"_monsterinsights_skip_tracking":false,"_monsterinsights_sitenote_active":false,"_monsterinsights_sitenote_note":"","_monsterinsights_sitenote_category":0},"product_brand":[],"product_cat":[13036,12718,12719],"product_tag":[],"class_list":{"0":"post-736462","1":"product","2":"type-product","3":"status-publish","5":"product_cat-arastirma-inceleme-islam","6":"product_cat-din","7":"product_cat-islam","8":"pa_cilt-ciltsiz","9":"pa_tur-kitap","10":"pa_yayinevi-otto-yayinlari","11":"pa_yazar-irfan-aycan","13":"first","14":"instock","15":"sale","16":"shipping-taxable","17":"purchasable","18":"product-type-simple"},"_links":{"self":[{"href":"https:\/\/roveyayinevi.com.tr\/index.php\/wp-json\/wp\/v2\/product\/736462","targetHints":{"allow":["GET"]}}],"collection":[{"href":"https:\/\/roveyayinevi.com.tr\/index.php\/wp-json\/wp\/v2\/product"}],"about":[{"href":"https:\/\/roveyayinevi.com.tr\/index.php\/wp-json\/wp\/v2\/types\/product"}],"wp:attachment":[{"href":"https:\/\/roveyayinevi.com.tr\/index.php\/wp-json\/wp\/v2\/media?parent=736462"}],"wp:term":[{"taxonomy":"product_brand","embeddable":true,"href":"https:\/\/roveyayinevi.com.tr\/index.php\/wp-json\/wp\/v2\/product_brand?post=736462"},{"taxonomy":"product_cat","embeddable":true,"href":"https:\/\/roveyayinevi.com.tr\/index.php\/wp-json\/wp\/v2\/product_cat?post=736462"},{"taxonomy":"product_tag","embeddable":true,"href":"https:\/\/roveyayinevi.com.tr\/index.php\/wp-json\/wp\/v2\/product_tag?post=736462"}],"curies":[{"name":"wp","href":"https:\/\/api.w.org\/{rel}","templated":true}]}}