{"id":736461,"date":"2025-08-27T23:08:31","date_gmt":"2025-08-27T20:08:31","guid":{"rendered":"https:\/\/roveyayinevi.com.tr\/index.php\/urun\/kemik-evler-ciltli\/"},"modified":"2026-04-16T02:45:35","modified_gmt":"2026-04-15T23:45:35","slug":"kemik-evler-ciltli","status":"publish","type":"product","link":"https:\/\/roveyayinevi.com.tr\/index.php\/urun\/kemik-evler-ciltli\/","title":{"rendered":"Kemik Evler (Ciltli)"},"content":{"rendered":"<p>H\u0130\u00c7B\u0130R SAVA\u015e\u00c7I D\u0130R\u0130LEN \u00d6L\u00dcLER\u0130 DURDURAMAZ.BU G\u00dcCE SAH\u0130P TEK K\u0130\u015e\u0130 DI\u015eINDA\u2026MEZARCI.  \u201cNEIL GAIMAN, GRIMM KARDE\u015eLER VE BRONT\u00cb\u2019LER B\u0130R ARAYA GEL\u0130P YEN\u0130 B\u0130R YAZAR YARATMI\u015e G\u0130B\u0130! Resmen yudum yudum i\u00e7ip tad\u0131na vard\u0131\u011f\u0131m bir roman oldu benim i\u00e7in&#8230; T\u00fcyler \u00fcrpertici ve hipnotize eden bir korku hik\u00e2yesi. Emily Lloyd-Jones herkesin radar\u0131nda olmas\u0131 gereken bir yazar.\u201d\u2014MACKENZI LEE, New York Times \u00e7oksatan\u0131 The Gentleman\u2019s Guide to Vice and Virtue\u2019nun yazar\u0131 \u201cBU SAYFALARDAN Y\u00dcKSELEN \u00dcRK\u00dcT\u00dcC\u00dc M\u0130TOLOJ\u0130 \u0130NSANIN \u0130L\u0130KLER\u0130NE \u0130\u015eL\u0130YOR. \u00d6l\u00fcm kadar gizemli, a\u015fk kadar g\u00fc\u00e7l\u00fc, d\u00f6rt bir yan\u0131 b\u00fcy\u00fc ile dokunmu\u015f, karanl\u0131k ve muhte\u015fem bir eser&#8230; Bu kitab\u0131 ger\u00e7ekten \u00e7ok sevdim!\u201d\u2014KAT HOWARD, Alex \u00d6d\u00fcll\u00fc An Unkindness of Magicians\u2019\u0131n yazar\u0131 \u201cKORKUYU DER\u0130NDEN H\u0130SSETT\u0130REN KARANLIK B\u0130R PER\u0130 MASALI! Emily Lloyd-Jones, zek\u00e2, \u00f6zlem ve kay\u0131p olgular\u0131n\u0131 t\u0131pk\u0131 geceye musallat olan yarat\u0131klar kadar b\u00fcy\u00fcl\u00fc bir \u015feye d\u00f6n\u00fc\u015ft\u00fcr\u00fcyor.\u201d\u2014SARAH HENNING, Sea Witch ve Sea Witch Rising\u2019in yazar\u0131 \u201cKadim Galler&#8217;in b\u00fcy\u00fcs\u00fcyle dolu enfes bir roman&#8230; Bu s\u00fcr\u00fckleyici, korkutucu, gizemli ve nihayetinde elinden d\u00fc\u015f\u00fcremeyece\u011fin kitapta daima BEKLENMEYENLER\u0130 BEKLE.\u201d\u2014DAWN KURTAGICH, Teeth in the Mist\u2019in yazar\u0131<\/p>\n","protected":false},"excerpt":{"rendered":"<p>H\u0130\u00c7B\u0130R SAVA\u015e\u00c7I D\u0130R\u0130LEN \u00d6L\u00dcLER\u0130 DURDURAMAZ.BU G\u00dcCE SAH\u0130P TEK K\u0130\u015e\u0130 DI\u015eINDA\u2026MEZARCI. \u201cNEIL GAIMAN, GRIMM KARDE\u015eLER VE BRONT\u00cb\u2019LER B\u0130R ARAYA GEL\u0130P YEN\u0130 B\u0130R YAZAR YARATMI\u015e G\u0130B\u0130! Resmen yudum<span class=\"excerpt-hellip\"> [\u2026]<\/span><\/p>\n","protected":false},"featured_media":0,"template":"","meta":{"_monsterinsights_skip_tracking":false,"_monsterinsights_sitenote_active":false,"_monsterinsights_sitenote_note":"","_monsterinsights_sitenote_category":0},"product_brand":[],"product_cat":[12291,12711],"product_tag":[],"class_list":{"0":"post-736461","1":"product","2":"type-product","3":"status-publish","5":"product_cat-edebiyat","6":"product_cat-roman-oyku","7":"pa_cilt-ciltli","8":"pa_tur-kitap","9":"pa_yayinevi-epsilon-yayinlari","10":"pa_yazar-emily-lloyd-jones","12":"first","13":"instock","14":"sale","15":"shipping-taxable","16":"purchasable","17":"product-type-simple"},"_links":{"self":[{"href":"https:\/\/roveyayinevi.com.tr\/index.php\/wp-json\/wp\/v2\/product\/736461","targetHints":{"allow":["GET"]}}],"collection":[{"href":"https:\/\/roveyayinevi.com.tr\/index.php\/wp-json\/wp\/v2\/product"}],"about":[{"href":"https:\/\/roveyayinevi.com.tr\/index.php\/wp-json\/wp\/v2\/types\/product"}],"wp:attachment":[{"href":"https:\/\/roveyayinevi.com.tr\/index.php\/wp-json\/wp\/v2\/media?parent=736461"}],"wp:term":[{"taxonomy":"product_brand","embeddable":true,"href":"https:\/\/roveyayinevi.com.tr\/index.php\/wp-json\/wp\/v2\/product_brand?post=736461"},{"taxonomy":"product_cat","embeddable":true,"href":"https:\/\/roveyayinevi.com.tr\/index.php\/wp-json\/wp\/v2\/product_cat?post=736461"},{"taxonomy":"product_tag","embeddable":true,"href":"https:\/\/roveyayinevi.com.tr\/index.php\/wp-json\/wp\/v2\/product_tag?post=736461"}],"curies":[{"name":"wp","href":"https:\/\/api.w.org\/{rel}","templated":true}]}}