{"id":736457,"date":"2025-08-27T23:08:27","date_gmt":"2025-08-27T20:08:27","guid":{"rendered":"https:\/\/roveyayinevi.com.tr\/index.php\/urun\/nietzsche-3\/"},"modified":"2026-04-16T02:45:34","modified_gmt":"2026-04-15T23:45:34","slug":"nietzsche-3","status":"publish","type":"product","link":"https:\/\/roveyayinevi.com.tr\/index.php\/urun\/nietzsche-3\/","title":{"rendered":"Nietzsche"},"content":{"rendered":"<p>Bug\u00fcn Nietzsche\u2019yi en az Marx ve Hegel gibi 19. y\u00fczy\u0131l\u0131n \u00e7\u0131\u011f\u0131r a\u00e7an d\u00fc\u015f\u00fcn\u00fcrleri kadar okumam\u0131z\u0131n bir\u00e7ok nedeni var. O bize tekrar tekrar d\u00f6nerek kendi g\u00fcndemimizle me\u015fguliyetimize e\u015flik ediyor. Zaten bir d\u00fc\u015f\u00fcn\u00fcr ancak okundu\u011fu \u00e7a\u011f\u0131n sorunlar\u0131nda yank\u0131lan\u0131yorsa kendini bize a\u00e7ar, o sorunlar\u0131 daha uygun bir ba\u011flama yerle\u015ftirmemize olanak tan\u0131r. Sorular\u0131 yeniden form\u00fcle etmemize yard\u0131mc\u0131 olur. Nietzsche bug\u00fcn art\u0131k giderek karma\u015f\u0131kla\u015fm\u0131\u015f sorunlar \u00e7oklu\u011fumuza o sert ama bir o kadar da isabetli oklar\u0131yla vurmaya devam ediyor.<\/p>\n","protected":false},"excerpt":{"rendered":"<p>Bug\u00fcn Nietzsche\u2019yi en az Marx ve Hegel gibi 19. y\u00fczy\u0131l\u0131n \u00e7\u0131\u011f\u0131r a\u00e7an d\u00fc\u015f\u00fcn\u00fcrleri kadar okumam\u0131z\u0131n bir\u00e7ok nedeni var. O bize tekrar tekrar d\u00f6nerek kendi g\u00fcndemimizle me\u015fguliyetimize<span class=\"excerpt-hellip\"> [\u2026]<\/span><\/p>\n","protected":false},"featured_media":0,"template":"","meta":{"_monsterinsights_skip_tracking":false,"_monsterinsights_sitenote_active":false,"_monsterinsights_sitenote_note":"","_monsterinsights_sitenote_category":0},"product_brand":[],"product_cat":[12388,26788],"product_tag":[],"class_list":{"0":"post-736457","1":"product","2":"type-product","3":"status-publish","5":"product_cat-felsefe","6":"product_cat-filozoflar","7":"pa_cilt-ciltsiz","8":"pa_tur-kitap","9":"pa_yayinevi-pinhan-yayincilik","10":"pa_yazar-pinhan-yayincilik-kolektif","12":"first","13":"instock","14":"sale","15":"shipping-taxable","16":"purchasable","17":"product-type-simple"},"_links":{"self":[{"href":"https:\/\/roveyayinevi.com.tr\/index.php\/wp-json\/wp\/v2\/product\/736457","targetHints":{"allow":["GET"]}}],"collection":[{"href":"https:\/\/roveyayinevi.com.tr\/index.php\/wp-json\/wp\/v2\/product"}],"about":[{"href":"https:\/\/roveyayinevi.com.tr\/index.php\/wp-json\/wp\/v2\/types\/product"}],"wp:attachment":[{"href":"https:\/\/roveyayinevi.com.tr\/index.php\/wp-json\/wp\/v2\/media?parent=736457"}],"wp:term":[{"taxonomy":"product_brand","embeddable":true,"href":"https:\/\/roveyayinevi.com.tr\/index.php\/wp-json\/wp\/v2\/product_brand?post=736457"},{"taxonomy":"product_cat","embeddable":true,"href":"https:\/\/roveyayinevi.com.tr\/index.php\/wp-json\/wp\/v2\/product_cat?post=736457"},{"taxonomy":"product_tag","embeddable":true,"href":"https:\/\/roveyayinevi.com.tr\/index.php\/wp-json\/wp\/v2\/product_tag?post=736457"}],"curies":[{"name":"wp","href":"https:\/\/api.w.org\/{rel}","templated":true}]}}