{"id":736453,"date":"2025-08-27T23:08:23","date_gmt":"2025-08-27T20:08:23","guid":{"rendered":"https:\/\/roveyayinevi.com.tr\/index.php\/urun\/borgesin-dedigi-gibi\/"},"modified":"2026-04-16T02:45:34","modified_gmt":"2026-04-15T23:45:34","slug":"borgesin-dedigi-gibi","status":"publish","type":"product","link":"https:\/\/roveyayinevi.com.tr\/index.php\/urun\/borgesin-dedigi-gibi\/","title":{"rendered":"Borges&#8217;in Dedi\u011fi Gibi"},"content":{"rendered":"<p>Edebiyat tarihi ayn\u0131 zamanda bir sosyal ili\u015fkiler tarihidir. Bu sosyal ili\u015fkiler kanonik ili\u015fkilerdir ve hayranl\u0131k kadar rekabet ve m\u00fccadeleyi de i\u00e7erir. Biz okurlar\u0131n heyecanla okudu\u011fumuz b\u00fcy\u00fck yazarlar, i\u015fte bu \u00e7etin m\u00fccadelede hayatta kalmay\u0131 ba\u015faran ve kendilerini kanonik ili\u015fkiler a\u011f\u0131 i\u00e7inde \u00f6zg\u00fcn bir yerde konumland\u0131rmay\u0131 bilen dehalard\u0131r. Hi\u00e7bir deha ve hi\u00e7bir eser bo\u015flukta durmaz. Dehay\u0131 ve eserini \u00f6l\u00fcms\u00fczl\u00fc\u011fe kavu\u015fturan daima kanonik ili\u015fkiler a\u011f\u0131n\u0131n kontekstidir. Borges\u2019in dedi\u011fi gibi her b\u00fcy\u00fck yazar, b\u00fcy\u00fck bir yazar olabilmek i\u00e7in kendi ard\u0131llar\u0131 kadar kendi \u00f6nc\u00fcllerini de yaratmaya mecburdur. Ancak bunu yaparak her deha kendine kanon i\u00e7inde bir yer bulabilir. Kanonun i\u00e7inde ili\u015fkilerinizle var olabilirsiniz. Kanonik her yazar has\u0131mlar\u0131 ve h\u0131s\u0131mlar\u0131, \u00f6nc\u00fclleri ve ard\u0131llar\u0131, y\u0131kt\u0131klar\u0131 ve in\u015fa ettikleri, meydan okuduklar\u0131 ve kendisine meydan okuyanlar\u0131yla kanonik ili\u015fkiler a\u011f\u0131na dahil olabilir.<\/p>\n","protected":false},"excerpt":{"rendered":"<p>Edebiyat tarihi ayn\u0131 zamanda bir sosyal ili\u015fkiler tarihidir. Bu sosyal ili\u015fkiler kanonik ili\u015fkilerdir ve hayranl\u0131k kadar rekabet ve m\u00fccadeleyi de i\u00e7erir. Biz okurlar\u0131n heyecanla okudu\u011fumuz b\u00fcy\u00fck<span class=\"excerpt-hellip\"> [\u2026]<\/span><\/p>\n","protected":false},"featured_media":0,"template":"","meta":{"_monsterinsights_skip_tracking":false,"_monsterinsights_sitenote_active":false,"_monsterinsights_sitenote_note":"","_monsterinsights_sitenote_category":0},"product_brand":[],"product_cat":[13072,12291],"product_tag":[],"class_list":{"0":"post-736453","1":"product","2":"type-product","3":"status-publish","5":"product_cat-arastirma-inceleme-referans","6":"product_cat-edebiyat","7":"pa_cilt-ciltsiz","8":"pa_tur-kitap","9":"pa_yayinevi-pinhan-yayincilik","10":"pa_yazar-gokhan-yavuz-demir","12":"first","13":"instock","14":"sale","15":"shipping-taxable","16":"purchasable","17":"product-type-simple"},"_links":{"self":[{"href":"https:\/\/roveyayinevi.com.tr\/index.php\/wp-json\/wp\/v2\/product\/736453","targetHints":{"allow":["GET"]}}],"collection":[{"href":"https:\/\/roveyayinevi.com.tr\/index.php\/wp-json\/wp\/v2\/product"}],"about":[{"href":"https:\/\/roveyayinevi.com.tr\/index.php\/wp-json\/wp\/v2\/types\/product"}],"wp:attachment":[{"href":"https:\/\/roveyayinevi.com.tr\/index.php\/wp-json\/wp\/v2\/media?parent=736453"}],"wp:term":[{"taxonomy":"product_brand","embeddable":true,"href":"https:\/\/roveyayinevi.com.tr\/index.php\/wp-json\/wp\/v2\/product_brand?post=736453"},{"taxonomy":"product_cat","embeddable":true,"href":"https:\/\/roveyayinevi.com.tr\/index.php\/wp-json\/wp\/v2\/product_cat?post=736453"},{"taxonomy":"product_tag","embeddable":true,"href":"https:\/\/roveyayinevi.com.tr\/index.php\/wp-json\/wp\/v2\/product_tag?post=736453"}],"curies":[{"name":"wp","href":"https:\/\/api.w.org\/{rel}","templated":true}]}}