{"id":736452,"date":"2025-08-27T23:08:22","date_gmt":"2025-08-27T20:08:22","guid":{"rendered":"https:\/\/roveyayinevi.com.tr\/index.php\/urun\/bebeginizin-uykularina-dair-100-soru-100-cevap\/"},"modified":"2026-04-16T02:45:34","modified_gmt":"2026-04-15T23:45:34","slug":"bebeginizin-uykularina-dair-100-soru-100-cevap","status":"publish","type":"product","link":"https:\/\/roveyayinevi.com.tr\/index.php\/urun\/bebeginizin-uykularina-dair-100-soru-100-cevap\/","title":{"rendered":"Bebe\u011finizin Uykular\u0131na Dair 100 Soru &#8211; 100 Cevap"},"content":{"rendered":"<p>Bebe\u011finizin Uykular\u0131na Dair100 soru \u2013 100 cevapPsikolog Elif Do\u011fru  Bebe\u011finiz sevgiyle uyusun, sa\u011fl\u0131kla b\u00fcy\u00fcs\u00fcn diye\u2026Uygulamal\u0131 uyku e\u011fitimiHer ay i\u00e7in uyku saati tablosuDo\u011fru bilinen yanl\u0131\u015flar Bebe\u011finiz uyumuyor mu?Gece s\u0131k uyan\u0131yor, g\u00fcnd\u00fcz de k\u0131sa s\u00fcreli uykular m\u0131 uyuyor?Art\u0131k uykusuzluk ve yorgunluktan sabr\u0131n\u0131z\u0131n t\u00fckendi\u011fini ve \u00e7ok y\u0131prand\u0131\u011f\u0131n\u0131z\u0131 m\u0131 d\u00fc\u015f\u00fcn\u00fcyorsunuz?O halde gelin bu sorunlara birlikte \u00e7\u00f6z\u00fcm bulal\u0131m. Bebe\u011finize onu a\u011flatmadan ve kat\u0131 kurallar uygulamadan g\u00fcvenle,sevgiyle uyumay\u0131 \u00f6\u011fretin.Siz de gece boyu uykular\u0131n\u0131za kavu\u015fun\u2026  Bir psikolog ve uyku e\u011fitmenianneden bebe\u011finizinuykular\u0131na dair merak etti\u011finiz her \u015fey\u2026<\/p>\n","protected":false},"excerpt":{"rendered":"<p>Bebe\u011finizin Uykular\u0131na Dair100 soru \u2013 100 cevapPsikolog Elif Do\u011fru Bebe\u011finiz sevgiyle uyusun, sa\u011fl\u0131kla b\u00fcy\u00fcs\u00fcn diye\u2026Uygulamal\u0131 uyku e\u011fitimiHer ay i\u00e7in uyku saati tablosuDo\u011fru bilinen yanl\u0131\u015flar Bebe\u011finiz uyumuyor<span class=\"excerpt-hellip\"> [\u2026]<\/span><\/p>\n","protected":false},"featured_media":0,"template":"","meta":{"_monsterinsights_skip_tracking":false,"_monsterinsights_sitenote_active":false,"_monsterinsights_sitenote_note":"","_monsterinsights_sitenote_category":0},"product_brand":[],"product_cat":[17996,12364],"product_tag":[],"class_list":{"0":"post-736452","1":"product","2":"type-product","3":"status-publish","5":"product_cat-ebeveyn-kitaplari","6":"product_cat-genel-konular","7":"pa_cilt-ciltsiz","8":"pa_tur-kitap","9":"pa_yayinevi-indigo-kitap","10":"pa_yazar-elif-dogru","12":"first","13":"instock","14":"sale","15":"shipping-taxable","16":"purchasable","17":"product-type-simple"},"_links":{"self":[{"href":"https:\/\/roveyayinevi.com.tr\/index.php\/wp-json\/wp\/v2\/product\/736452","targetHints":{"allow":["GET"]}}],"collection":[{"href":"https:\/\/roveyayinevi.com.tr\/index.php\/wp-json\/wp\/v2\/product"}],"about":[{"href":"https:\/\/roveyayinevi.com.tr\/index.php\/wp-json\/wp\/v2\/types\/product"}],"wp:attachment":[{"href":"https:\/\/roveyayinevi.com.tr\/index.php\/wp-json\/wp\/v2\/media?parent=736452"}],"wp:term":[{"taxonomy":"product_brand","embeddable":true,"href":"https:\/\/roveyayinevi.com.tr\/index.php\/wp-json\/wp\/v2\/product_brand?post=736452"},{"taxonomy":"product_cat","embeddable":true,"href":"https:\/\/roveyayinevi.com.tr\/index.php\/wp-json\/wp\/v2\/product_cat?post=736452"},{"taxonomy":"product_tag","embeddable":true,"href":"https:\/\/roveyayinevi.com.tr\/index.php\/wp-json\/wp\/v2\/product_tag?post=736452"}],"curies":[{"name":"wp","href":"https:\/\/api.w.org\/{rel}","templated":true}]}}