{"id":736447,"date":"2025-08-27T23:08:18","date_gmt":"2025-08-27T20:08:18","guid":{"rendered":"https:\/\/roveyayinevi.com.tr\/index.php\/urun\/h-p-lovecraft-suresiz-ajanda-ciltli-zamansiz-yazarlar-serisi\/"},"modified":"2026-04-16T02:45:34","modified_gmt":"2026-04-15T23:45:34","slug":"h-p-lovecraft-suresiz-ajanda-ciltli-zamansiz-yazarlar-serisi","status":"publish","type":"product","link":"https:\/\/roveyayinevi.com.tr\/index.php\/urun\/h-p-lovecraft-suresiz-ajanda-ciltli-zamansiz-yazarlar-serisi\/","title":{"rendered":"H.P. Lovecraft S\u00fcresiz Ajanda (Ciltli) &#8211; Zamans\u0131z Yazarlar Serisi"},"content":{"rendered":"<p>Bilimkurgu ve korku yazar\u0131 olan Howard Phillips Lovecraft al\u0131nt\u0131lar\u0131yla haz\u0131rlad\u0131\u011f\u0131m\u0131z ve zengin g\u00f6rsellerle s\u00fcsledi\u011fimiz bu s\u00fcresiz ajanday\u0131 elinizden b\u0131rakamayacaks\u0131n\u0131z. <\/p>\n","protected":false},"excerpt":{"rendered":"<p>Bilimkurgu ve korku yazar\u0131 olan Howard Phillips Lovecraft al\u0131nt\u0131lar\u0131yla haz\u0131rlad\u0131\u011f\u0131m\u0131z ve zengin g\u00f6rsellerle s\u00fcsledi\u011fimiz bu s\u00fcresiz ajanday\u0131 elinizden b\u0131rakamayacaks\u0131n\u0131z.<\/p>\n","protected":false},"featured_media":0,"template":"","meta":{"_monsterinsights_skip_tracking":false,"_monsterinsights_sitenote_active":false,"_monsterinsights_sitenote_note":"","_monsterinsights_sitenote_category":0},"product_brand":[],"product_cat":[28265,15563],"product_tag":[],"class_list":{"0":"post-736447","1":"product","2":"type-product","3":"status-publish","5":"product_cat-diger-hobi","6":"product_cat-hobi","7":"pa_cilt-ciltli","8":"pa_tur-kitap20","9":"pa_yayinevi-ren-kitap","10":"pa_yazar-serdar-gokmen","12":"first","13":"instock","14":"sale","15":"shipping-taxable","16":"purchasable","17":"product-type-simple"},"_links":{"self":[{"href":"https:\/\/roveyayinevi.com.tr\/index.php\/wp-json\/wp\/v2\/product\/736447","targetHints":{"allow":["GET"]}}],"collection":[{"href":"https:\/\/roveyayinevi.com.tr\/index.php\/wp-json\/wp\/v2\/product"}],"about":[{"href":"https:\/\/roveyayinevi.com.tr\/index.php\/wp-json\/wp\/v2\/types\/product"}],"wp:attachment":[{"href":"https:\/\/roveyayinevi.com.tr\/index.php\/wp-json\/wp\/v2\/media?parent=736447"}],"wp:term":[{"taxonomy":"product_brand","embeddable":true,"href":"https:\/\/roveyayinevi.com.tr\/index.php\/wp-json\/wp\/v2\/product_brand?post=736447"},{"taxonomy":"product_cat","embeddable":true,"href":"https:\/\/roveyayinevi.com.tr\/index.php\/wp-json\/wp\/v2\/product_cat?post=736447"},{"taxonomy":"product_tag","embeddable":true,"href":"https:\/\/roveyayinevi.com.tr\/index.php\/wp-json\/wp\/v2\/product_tag?post=736447"}],"curies":[{"name":"wp","href":"https:\/\/api.w.org\/{rel}","templated":true}]}}