{"id":736446,"date":"2025-08-27T23:08:17","date_gmt":"2025-08-27T20:08:17","guid":{"rendered":"https:\/\/roveyayinevi.com.tr\/index.php\/urun\/mozart-kizi\/"},"modified":"2026-04-16T02:45:34","modified_gmt":"2026-04-15T23:45:34","slug":"mozart-kizi","status":"publish","type":"product","link":"https:\/\/roveyayinevi.com.tr\/index.php\/urun\/mozart-kizi\/","title":{"rendered":"Mozart K\u0131z\u0131"},"content":{"rendered":"<p>Nannerl Mozart\u2019\u0131n 12. ya\u015f gu\u0308nu\u0308 dile\u011fi u\u0308nlu\u0308 bir bestek\u00e2r olmakt\u0131r. Ku\u0308\u00e7u\u0308k karde\u015fi Wolfgang\u2019la 18. yu\u0308zy\u0131l Avrupas\u0131\u2019nda \u015fehir \u015fehir gezerek \u00e7e\u015fitli konserler veren Nannerl, asl\u0131nda herkes taraf\u0131ndan tan\u0131nan ve \u00e7ok be\u011fenilen biridir. \u0130ki karde\u015f \u00e7ok \u00f6nemli bulu\u015fmalarda krali\u00e7eler ve krallar i\u00e7in konserler verip isimlerini duyurmu\u015flard\u0131r. Bu\u0308tu\u0308n bunlara ra\u011fmen babas\u0131 onu bir besteci olarak g\u00f6rmeyi reddeder, annesi kibar bir han\u0131mefendi olarak yapmas\u0131 gerekenlerin ne oldu\u011funu anlatmaktan ba\u015fka bir \u015feyle ilgilenmez ve karde\u015fi Wolfgang da her ortamda ilgiyi u\u0308stu\u0308ne \u00e7eker. Neyse ki Nannerl her tu\u0308rlu\u0308 engele ra\u011fmen hayallerinin pe\u015finden gitmekten vazge\u00e7mez ve hayat\u0131n ona sundu\u011fu f\u0131rsatlar\u0131 de\u011ferlendirerek mu\u0308zikal kaderini belirler.   BARBARA NICKEL \u00d6d\u00fcll\u00fc bir \u015fair ve gen\u00e7lere y\u00f6nelik kitaplar\u0131n yazar\u0131. \u00c7al\u0131\u015fmalar\u0131 Kanada\u2019da Genel Valilik \u00d6d\u00fcl\u00fc aday listesine al\u0131nd\u0131 ve Sheila A. Egoff \u00c7ocuk Edebiyat\u0131 \u00d6d\u00fcl\u00fc\u2019n\u00fc kazand\u0131. Son \u00e7\u0131kan resimli kitab\u0131 A Boy Asked the Wind (Bir \u00c7ocuk R\u00fczg\u00e2ra Sordu), Ruth ve Sylvia Schwartz \u00d6d\u00fcl\u00fc\u2019ne aday oldu. Barbara, e\u015fi ve iki o\u011fluyla birlikte Kanada\u2019daki Yarrow k\u00f6y\u00fcnde ya\u015f\u0131yor. <\/p>\n","protected":false},"excerpt":{"rendered":"<p>Nannerl Mozart\u2019\u0131n 12. ya\u015f gu\u0308nu\u0308 dile\u011fi u\u0308nlu\u0308 bir bestek\u00e2r olmakt\u0131r. Ku\u0308\u00e7u\u0308k karde\u015fi Wolfgang\u2019la 18. yu\u0308zy\u0131l Avrupas\u0131\u2019nda \u015fehir \u015fehir gezerek \u00e7e\u015fitli konserler veren Nannerl, asl\u0131nda herkes taraf\u0131ndan<span class=\"excerpt-hellip\"> [\u2026]<\/span><\/p>\n","protected":false},"featured_media":0,"template":"","meta":{"_monsterinsights_skip_tracking":false,"_monsterinsights_sitenote_active":false,"_monsterinsights_sitenote_note":"","_monsterinsights_sitenote_category":0},"product_brand":[],"product_cat":[12275,12274],"product_tag":[],"class_list":{"0":"post-736446","1":"product","2":"type-product","3":"status-publish","5":"product_cat-6-12-yas-kitaplari","6":"product_cat-cocuk-ve-genclik-kitaplari","7":"pa_cilt-ciltsiz","8":"pa_tur-kitap","9":"pa_yayinevi-dinozor-cocuk","10":"pa_yazar-barbara-nickel","12":"first","13":"instock","14":"sale","15":"shipping-taxable","16":"purchasable","17":"product-type-simple"},"_links":{"self":[{"href":"https:\/\/roveyayinevi.com.tr\/index.php\/wp-json\/wp\/v2\/product\/736446","targetHints":{"allow":["GET"]}}],"collection":[{"href":"https:\/\/roveyayinevi.com.tr\/index.php\/wp-json\/wp\/v2\/product"}],"about":[{"href":"https:\/\/roveyayinevi.com.tr\/index.php\/wp-json\/wp\/v2\/types\/product"}],"wp:attachment":[{"href":"https:\/\/roveyayinevi.com.tr\/index.php\/wp-json\/wp\/v2\/media?parent=736446"}],"wp:term":[{"taxonomy":"product_brand","embeddable":true,"href":"https:\/\/roveyayinevi.com.tr\/index.php\/wp-json\/wp\/v2\/product_brand?post=736446"},{"taxonomy":"product_cat","embeddable":true,"href":"https:\/\/roveyayinevi.com.tr\/index.php\/wp-json\/wp\/v2\/product_cat?post=736446"},{"taxonomy":"product_tag","embeddable":true,"href":"https:\/\/roveyayinevi.com.tr\/index.php\/wp-json\/wp\/v2\/product_tag?post=736446"}],"curies":[{"name":"wp","href":"https:\/\/api.w.org\/{rel}","templated":true}]}}