{"id":736445,"date":"2025-08-27T23:08:15","date_gmt":"2025-08-27T20:08:15","guid":{"rendered":"https:\/\/roveyayinevi.com.tr\/index.php\/urun\/ne-yiyorsak-oyuz\/"},"modified":"2026-04-16T02:45:34","modified_gmt":"2026-04-15T23:45:34","slug":"ne-yiyorsak-oyuz","status":"publish","type":"product","link":"https:\/\/roveyayinevi.com.tr\/index.php\/urun\/ne-yiyorsak-oyuz\/","title":{"rendered":"Ne Yiyorsak O\u2019yuz"},"content":{"rendered":"<p>Sufi ve annesi Devlet\u015fah\u2019\u0131n ya\u015fanm\u0131\u015f mutfak an\u0131lar\u0131, minik okurlar\u0131 ve ebeveynlerini mutfakta \u00e7e\u015fitli denemeler yapmaya \u00f6zendiriyor. Bu kitapta birbirinden g\u00fczel ve sa\u011fl\u0131kl\u0131 yemek tarifleri merakl\u0131lar\u0131n\u0131 bekliyor.   T\u00fcrkiye\u2019nin ilk blog yazarlar\u0131ndan biri olan ve ilk online yemek dergisini \u00e7\u0131karan Devlet\u015fah \u00d6zcan\u2019\u0131n kaleme ald\u0131\u011f\u0131 \u201cNe Yiyorsak O\u2019yuz\u201d, yazar\u0131m\u0131z\u0131n k\u0131ymetli misyonunu bu kez \u00e7ocuklarla bulu\u015fturuyor. Sufi ve annesi Devlet\u015fah\u2019\u0131n hik\u00e2yelerini okuyan \u00e7ocuklar\u0131n, mutfakta yemek yaparken ailelerine soraca\u011f\u0131 pek \u00e7ok \u015fey olacak. Ve tabii anne babalar\u0131n da kendilerine\u2026   Sa\u011fl\u0131kl\u0131, temiz, etik g\u0131da nedir?   \u015eimdiden afiyet olsun\u2026 <\/p>\n","protected":false},"excerpt":{"rendered":"<p>Sufi ve annesi Devlet\u015fah\u2019\u0131n ya\u015fanm\u0131\u015f mutfak an\u0131lar\u0131, minik okurlar\u0131 ve ebeveynlerini mutfakta \u00e7e\u015fitli denemeler yapmaya \u00f6zendiriyor. Bu kitapta birbirinden g\u00fczel ve sa\u011fl\u0131kl\u0131 yemek tarifleri merakl\u0131lar\u0131n\u0131 bekliyor.<span class=\"excerpt-hellip\"> [\u2026]<\/span><\/p>\n","protected":false},"featured_media":0,"template":"","meta":{"_monsterinsights_skip_tracking":false,"_monsterinsights_sitenote_active":false,"_monsterinsights_sitenote_note":"","_monsterinsights_sitenote_category":0},"product_brand":[],"product_cat":[12274,12518],"product_tag":[],"class_list":{"0":"post-736445","1":"product","2":"type-product","3":"status-publish","5":"product_cat-cocuk-ve-genclik-kitaplari","6":"product_cat-okul-oncesi-kitaplar","7":"pa_cilt-ciltsiz","8":"pa_tur-kitap","9":"pa_yayinevi-tuti-kitap","10":"pa_yazar-devletsah-ozcan","12":"first","13":"instock","14":"sale","15":"shipping-taxable","16":"purchasable","17":"product-type-simple"},"_links":{"self":[{"href":"https:\/\/roveyayinevi.com.tr\/index.php\/wp-json\/wp\/v2\/product\/736445","targetHints":{"allow":["GET"]}}],"collection":[{"href":"https:\/\/roveyayinevi.com.tr\/index.php\/wp-json\/wp\/v2\/product"}],"about":[{"href":"https:\/\/roveyayinevi.com.tr\/index.php\/wp-json\/wp\/v2\/types\/product"}],"wp:attachment":[{"href":"https:\/\/roveyayinevi.com.tr\/index.php\/wp-json\/wp\/v2\/media?parent=736445"}],"wp:term":[{"taxonomy":"product_brand","embeddable":true,"href":"https:\/\/roveyayinevi.com.tr\/index.php\/wp-json\/wp\/v2\/product_brand?post=736445"},{"taxonomy":"product_cat","embeddable":true,"href":"https:\/\/roveyayinevi.com.tr\/index.php\/wp-json\/wp\/v2\/product_cat?post=736445"},{"taxonomy":"product_tag","embeddable":true,"href":"https:\/\/roveyayinevi.com.tr\/index.php\/wp-json\/wp\/v2\/product_tag?post=736445"}],"curies":[{"name":"wp","href":"https:\/\/api.w.org\/{rel}","templated":true}]}}