{"id":736444,"date":"2025-08-27T23:08:15","date_gmt":"2025-08-27T20:08:15","guid":{"rendered":"https:\/\/roveyayinevi.com.tr\/index.php\/urun\/bu-da-gececek\/"},"modified":"2026-04-16T02:45:34","modified_gmt":"2026-04-15T23:45:34","slug":"bu-da-gececek","status":"publish","type":"product","link":"https:\/\/roveyayinevi.com.tr\/index.php\/urun\/bu-da-gececek\/","title":{"rendered":"Bu Da Ge\u00e7ecek"},"content":{"rendered":"<p>De\u011fi\u015fim her \u015feyin do\u011fal d\u00fczeniyse, neden hayat\u0131m\u0131zdaki devasa d\u00f6n\u00fcm noktalar\u0131yla m\u00fccadele ediyoruz? Julia Samuel, \u00f6nde gelen bir terapist. Hayattaki \u00f6nemli krizleri ve onlardan neler \u00f6\u011frenebilece\u011fimizi ke\u015ffetmek i\u00e7in unutulmayacak ve hepimize \u00e7ok tan\u0131d\u0131k gelecek dan\u0131\u015fan hik\u00e2yelerini payla\u015f\u0131yor. 2020 Sunday Times listelerinin bu \u00e7ok satan kitab\u0131nda, tan\u0131nm\u0131\u015f \u0130ngiliz psikoterapist Julia Samuel, en zor ve travmatik deneyimlerimizin sonucu olarak uyum sa\u011flamay\u0131 ve hatta geli\u015fmeyi nas\u0131l \u00f6\u011frenebilece\u011fimizi g\u00f6stermek i\u00e7in dan\u0131\u015fanlar\u0131yla saatler s\u00fcren konu\u015fmalardan yararlan\u0131yor. Do\u011fum izninden sonra i\u015fe d\u00f6nen ve yeniden \u00e7al\u0131\u015fmaya ba\u015flayan bir kad\u0131ndan, ciddi bir t\u0131bbi te\u015fhisle u\u011fra\u015fan bekar bir babaya kadar, bu kitap, de\u011fi\u015fimi kucaklamam\u0131z\u0131 ve zorluklara yakla\u015f\u0131m bi\u00e7imimizi geli\u015ftirmemizi sa\u011flayacak, on dokuz g\u00fc\u00e7l\u00fc s\u0131radan insan\u0131n derin ve samimi hik\u00e2yelerinden hareketle hayatlar\u0131m\u0131zdaki temel d\u00f6neme\u00e7ler \u00fczerine kapsaml\u0131 analizler yap\u0131yor. Bu Da Ge\u00e7ecek, Covid19 pandemisinin y\u0131k\u0131c\u0131 etkilerinden ekonomik krizlere hepimizin a\u011f\u0131r s\u00fcre\u00e7lerden ge\u00e7ti\u011fi bir d\u00f6nemin ortak deneyiminin kitab\u0131.<\/p>\n","protected":false},"excerpt":{"rendered":"<p>De\u011fi\u015fim her \u015feyin do\u011fal d\u00fczeniyse, neden hayat\u0131m\u0131zdaki devasa d\u00f6n\u00fcm noktalar\u0131yla m\u00fccadele ediyoruz? Julia Samuel, \u00f6nde gelen bir terapist. Hayattaki \u00f6nemli krizleri ve onlardan neler \u00f6\u011frenebilece\u011fimizi ke\u015ffetmek<span class=\"excerpt-hellip\"> [\u2026]<\/span><\/p>\n","protected":false},"featured_media":0,"template":"","meta":{"_monsterinsights_skip_tracking":false,"_monsterinsights_sitenote_active":false,"_monsterinsights_sitenote_note":"","_monsterinsights_sitenote_category":0},"product_brand":[],"product_cat":[12755,12357],"product_tag":[],"class_list":{"0":"post-736444","1":"product","2":"type-product","3":"status-publish","5":"product_cat-gelisim-psikolojisi","6":"product_cat-psikoloji","7":"pa_cilt-ciltsiz","8":"pa_tur-kitap","9":"pa_yayinevi-eksik-parca-yayinlari","10":"pa_yazar-julia-samuel","12":"first","13":"instock","14":"sale","15":"shipping-taxable","16":"purchasable","17":"product-type-simple"},"_links":{"self":[{"href":"https:\/\/roveyayinevi.com.tr\/index.php\/wp-json\/wp\/v2\/product\/736444","targetHints":{"allow":["GET"]}}],"collection":[{"href":"https:\/\/roveyayinevi.com.tr\/index.php\/wp-json\/wp\/v2\/product"}],"about":[{"href":"https:\/\/roveyayinevi.com.tr\/index.php\/wp-json\/wp\/v2\/types\/product"}],"wp:attachment":[{"href":"https:\/\/roveyayinevi.com.tr\/index.php\/wp-json\/wp\/v2\/media?parent=736444"}],"wp:term":[{"taxonomy":"product_brand","embeddable":true,"href":"https:\/\/roveyayinevi.com.tr\/index.php\/wp-json\/wp\/v2\/product_brand?post=736444"},{"taxonomy":"product_cat","embeddable":true,"href":"https:\/\/roveyayinevi.com.tr\/index.php\/wp-json\/wp\/v2\/product_cat?post=736444"},{"taxonomy":"product_tag","embeddable":true,"href":"https:\/\/roveyayinevi.com.tr\/index.php\/wp-json\/wp\/v2\/product_tag?post=736444"}],"curies":[{"name":"wp","href":"https:\/\/api.w.org\/{rel}","templated":true}]}}