{"id":736442,"date":"2025-08-27T23:08:12","date_gmt":"2025-08-27T20:08:12","guid":{"rendered":"https:\/\/roveyayinevi.com.tr\/index.php\/urun\/bal-kiz-zulis-bize-gelince\/"},"modified":"2026-04-16T02:45:03","modified_gmt":"2026-04-15T23:45:03","slug":"bal-kiz-zulis-bize-gelince","status":"publish","type":"product","link":"https:\/\/roveyayinevi.com.tr\/index.php\/urun\/bal-kiz-zulis-bize-gelince\/","title":{"rendered":"Bal K\u0131z &#8211; Z\u00fcli\u015f Bize Gelince"},"content":{"rendered":"<p>Bal K\u0131z ve Bahar i\u00e7in Kaf Da\u011f\u0131\u2019n\u0131n ard\u0131ndan gelmi\u015f bir hediyeydi sanki kuzenleri Z\u00fcli\u015f\u2026 \u0130ki karde\u015fin ak\u0131l hocas\u0131, oyun kurucusu, ne\u015fe kayna\u011f\u0131yd\u0131. Z\u00fcli\u015f k\u0131sa boyluluk hastas\u0131yd\u0131. Ama yan\u0131nda olsan\u0131z \u015fa\u015fard\u0131n\u0131z kim k\u0131sa, kim uzun\u2026 \u00c7\u00fcnk\u00fc \u00f6yle kocaman ve iyi bir kalbi vard\u0131 ki boyu herkesten uzundu sanki. \u00d6yle g\u00fczeldi ki Bal K\u0131z ve Bahar hep \u00f6zenirdi Z\u00fcli\u015f\u2019e.   Cem\u00e2lnur Sargut\u2019un, kuzeni Z\u00fcli\u015f ile ge\u00e7en \u00e7ocukluk an\u0131s\u0131n\u0131 okuyan herkes, ger\u00e7ek g\u00fczelli\u011fin ve mutlulu\u011fun ne oldu\u011funu yeniden ke\u015ffedecek\u2026 <\/p>\n","protected":false},"excerpt":{"rendered":"<p>Bal K\u0131z ve Bahar i\u00e7in Kaf Da\u011f\u0131\u2019n\u0131n ard\u0131ndan gelmi\u015f bir hediyeydi sanki kuzenleri Z\u00fcli\u015f\u2026 \u0130ki karde\u015fin ak\u0131l hocas\u0131, oyun kurucusu, ne\u015fe kayna\u011f\u0131yd\u0131. Z\u00fcli\u015f k\u0131sa boyluluk hastas\u0131yd\u0131.<span class=\"excerpt-hellip\"> [\u2026]<\/span><\/p>\n","protected":false},"featured_media":0,"template":"","meta":{"_monsterinsights_skip_tracking":false,"_monsterinsights_sitenote_active":false,"_monsterinsights_sitenote_note":"","_monsterinsights_sitenote_category":0},"product_brand":[],"product_cat":[12274,12518],"product_tag":[],"class_list":{"0":"post-736442","1":"product","2":"type-product","3":"status-publish","5":"product_cat-cocuk-ve-genclik-kitaplari","6":"product_cat-okul-oncesi-kitaplar","7":"pa_cilt-ciltsiz","8":"pa_tur-kitap","9":"pa_yayinevi-tuti-kitap","10":"pa_yazar-derya-edis","12":"first","13":"instock","14":"sale","15":"shipping-taxable","16":"purchasable","17":"product-type-simple"},"_links":{"self":[{"href":"https:\/\/roveyayinevi.com.tr\/index.php\/wp-json\/wp\/v2\/product\/736442","targetHints":{"allow":["GET"]}}],"collection":[{"href":"https:\/\/roveyayinevi.com.tr\/index.php\/wp-json\/wp\/v2\/product"}],"about":[{"href":"https:\/\/roveyayinevi.com.tr\/index.php\/wp-json\/wp\/v2\/types\/product"}],"wp:attachment":[{"href":"https:\/\/roveyayinevi.com.tr\/index.php\/wp-json\/wp\/v2\/media?parent=736442"}],"wp:term":[{"taxonomy":"product_brand","embeddable":true,"href":"https:\/\/roveyayinevi.com.tr\/index.php\/wp-json\/wp\/v2\/product_brand?post=736442"},{"taxonomy":"product_cat","embeddable":true,"href":"https:\/\/roveyayinevi.com.tr\/index.php\/wp-json\/wp\/v2\/product_cat?post=736442"},{"taxonomy":"product_tag","embeddable":true,"href":"https:\/\/roveyayinevi.com.tr\/index.php\/wp-json\/wp\/v2\/product_tag?post=736442"}],"curies":[{"name":"wp","href":"https:\/\/api.w.org\/{rel}","templated":true}]}}